{"id":94,"date":"2011-06-09T20:48:54","date_gmt":"2011-06-09T18:48:54","guid":{"rendered":"http:\/\/timehealsnothing.de\/blog\/?page_id=94"},"modified":"2013-06-19T10:17:52","modified_gmt":"2013-06-19T08:17:52","slug":"stage-5-gklockner-passo-di-giau-sella-runde","status":"publish","type":"page","link":"http:\/\/www.timehealsnothing.de\/blog\/sb-villach-adria-sb\/stage-5-gklockner-passo-di-giau-sella-runde\/","title":{"rendered":"Stage 05 GKlockner Passo di Giau Sella Runde"},"content":{"rendered":"<p><a href=\"http:\/\/timehealsnothing.de\/openfiles\/SB-Adria\/Stage-5-GKlockner-PassodiGiau.zip\">.itn Datei als Download<\/a><\/p>\n<p><iframe src=\"http:\/\/maps.google.de\/maps?f=d&amp;source=s_d&amp;saddr=Gro%C3%9Fglockner+Str.%2FWinklsagritz%2FB107&amp;daddr=46.797391,12.7029+to:46.7874088,12.6225401+to:46.7740189,12.5657781+to:46.5565379,12.2033329+to:Passo+di+Giau,+32020+Colle+Santa+Lucia+Belluno,+Italien+to:SR48+to:Localit%C3%A0+Passo+Sella%2FSS242+to:Strada+La+Si%C3%ABia%2FSS243&amp;hl=de&amp;geocode=FQh5zAIdZMzEAA%3BFU8SygIdtNTBACn9aRzg32B3RzFudgECDOT73g%3BFVDryQIdzJrAACknaBSHM2J3RzG9mo5Gge397w%3BFQK3yQIdEr2_ACktQyxUkmJ3RzEsINSYy_DuuA%3BFXllxgIdRDW6ACnFoaP8oTR4RzGgmWYShwkHEw%3BFYtKxQId2OS3AClb1QJSyUl4RzGQTnEuiAkHHQ%3BFalixQIdutK0AA%3BFWG2xQIdYHmzAA%3BFYVRxgIdvxu1AA&amp;mra=mi&amp;mrsp=8&amp;sz=16&amp;via=1,2,3,4&amp;sll=46.552412,11.864097&amp;sspn=0.011303,0.01929&amp;ie=UTF8&amp;ll=46.552412,11.864097&amp;spn=0.011303,0.01929&amp;t=h&amp;output=embed\" height=\"350\" width=\"425\" frameborder=\"0\" marginwidth=\"0\" marginheight=\"0\" scrolling=\"no\"><\/iframe><br \/>\n<small><a style=\"color: #0000ff; text-align: left;\" href=\"http:\/\/maps.google.de\/maps?f=d&amp;source=embed&amp;saddr=Gro%C3%9Fglockner+Str.%2FWinklsagritz%2FB107&amp;daddr=46.797391,12.7029+to:46.7874088,12.6225401+to:46.7740189,12.5657781+to:46.5565379,12.2033329+to:Passo+di+Giau,+32020+Colle+Santa+Lucia+Belluno,+Italien+to:SR48+to:Localit%C3%A0+Passo+Sella%2FSS242+to:Strada+La+Si%C3%ABia%2FSS243&amp;hl=de&amp;geocode=FQh5zAIdZMzEAA%3BFU8SygIdtNTBACn9aRzg32B3RzFudgECDOT73g%3BFVDryQIdzJrAACknaBSHM2J3RzG9mo5Gge397w%3BFQK3yQIdEr2_ACktQyxUkmJ3RzEsINSYy_DuuA%3BFXllxgIdRDW6ACnFoaP8oTR4RzGgmWYShwkHEw%3BFYtKxQId2OS3AClb1QJSyUl4RzGQTnEuiAkHHQ%3BFalixQIdutK0AA%3BFWG2xQIdYHmzAA%3BFYVRxgIdvxu1AA&amp;mra=mi&amp;mrsp=8&amp;sz=16&amp;via=1,2,3,4&amp;sll=46.552412,11.864097&amp;sspn=0.011303,0.01929&amp;ie=UTF8&amp;ll=46.552412,11.864097&amp;spn=0.011303,0.01929&amp;t=h\">Gr\u00f6\u00dfere Kartenansicht<\/a><\/small><\/p>\n<p>Day five,<\/p>\n<p>Ich lass mal die ganzen no Name P\u00e4sse aussen vor. Aber&#8230; der Passo di Giau. Betrug, es gab bestimmt ein St\u00fcck Strasse was fast 20m geradeaus ging. Ich habe so etwas vorher noch nicht gesehen, nur Kurven und nichts als Kurven. Unbeschreiblich, wirklich. Danach die Sella Joch Runde. Pordoi war schon toll, aber das Sella Joch ist landschaftlich der Oberhammer. Die Dolomiten sehen einfach ne Nummer heftiger aus als die Alpen so durchschnittlich.<\/p>\n<p>Ach ja, und Gr\u00fcsse an die Moppedfahrer aus SB und IGB die ich oben am Passo di Giau getroffen habe. Sind bestimmt in Ensheim falsch abgebogen und wollten ins Mandelbachtal, oder so. Das Saarland ist ein Kaff, auch in Italien.<\/p>\n<p>Sellajoch Runde hat was, an den wirklich heftigen Bergen lang zu fahren ist beeindruckend. Ich mein nicht nur bischen beeindruckend, sondern richtig ein bischen beeindruckend. Werden ich als Kopfkino behalten. Heute mal das Luxusprogramm zu Unterkunft. Sauna, 3 G\u00e4nge Men\u00fc, und das ganze f\u00fcr um die 40 eus alles inklu. Aber, alles gut. Auch in Italien gibt es Franziskaner Weizen. Saufen Junge.<br \/>\nVom fahren bis jetzt ein Highlight. Ich weis nicht wie ich das alles in W\u00f6rtern r\u00fcberbringenn soll? Tut euch den Spass und fahrt diese P\u00e4sse mal in der Nebensaison. Besser als Sex, fast besser als mit Kumpels ein kleines Bier trinken.<\/p>\n<p>Die 2 Kollegen die ich hier im Hotel getroffen habe, die sich beide bei 30 Km\/h abgelegt haben, mein absolutes Beileid.<\/p>\n<p>Wo man Saarl\u00e4nder \u00fcberall trifft is schon der Hammer&#8230;<br \/>\n<img alt=\"der Giau, die Saarl\u00e4nder, ohne Worte\" src=\"https:\/\/i2.wp.com\/timehealsnothing.de\/openfiles\/SB-Adria\/digiau-saarlaender.jpg?w=640\" data-recalc-dims=\"1\" \/><\/p>\n<p>klobige Felsen am Giau<br \/>\n<img alt=\"dicke Brocken\" src=\"https:\/\/i1.wp.com\/timehealsnothing.de\/openfiles\/SB-Adria\/5-digiau-berge.jpg?w=640\" data-recalc-dims=\"1\" \/><\/p>\n<p>&nbsp;<\/p>\n<p><a title=\"Stage 06 W\u00fcrzjoch Penser Joch Jaufenpass Timmeljoch\" href=\"http:\/\/timehealsnothing.de\/blog\/?page_id=103\">Go to Stage\u00a0 6<\/a><\/p>\n<div class=\"sharedaddy sd-sharing-enabled\"><div class=\"robots-nocontent sd-block sd-social sd-social-icon-text sd-sharing\"><h3 class=\"sd-title\">Teilen mit:<\/h3><div class=\"sd-content\"><ul><li class=\"share-facebook\"><a rel=\"nofollow noopener noreferrer\" data-shared=\"sharing-facebook-94\" class=\"share-facebook sd-button share-icon\" href=\"http:\/\/www.timehealsnothing.de\/blog\/sb-villach-adria-sb\/stage-5-gklockner-passo-di-giau-sella-runde\/?share=facebook\" target=\"_blank\" title=\"Klick, um auf Facebook zu teilen\"><span>Facebook<\/span><\/a><\/li><li class=\"share-twitter\"><a rel=\"nofollow noopener noreferrer\" data-shared=\"sharing-twitter-94\" class=\"share-twitter sd-button share-icon\" href=\"http:\/\/www.timehealsnothing.de\/blog\/sb-villach-adria-sb\/stage-5-gklockner-passo-di-giau-sella-runde\/?share=twitter\" target=\"_blank\" title=\"Klick, um \u00fcber Twitter zu teilen\"><span>Twitter<\/span><\/a><\/li><li><a href=\"#\" class=\"sharing-anchor sd-button share-more\"><span>Mehr<\/span><\/a><\/li><li class=\"share-end\"><\/li><\/ul><div class=\"sharing-hidden\"><div class=\"inner\" style=\"display: none;\"><ul><li class=\"share-print\"><a rel=\"nofollow noopener noreferrer\" data-shared=\"\" class=\"share-print sd-button share-icon\" href=\"http:\/\/www.timehealsnothing.de\/blog\/sb-villach-adria-sb\/stage-5-gklockner-passo-di-giau-sella-runde\/\" target=\"_blank\" title=\"Klicken zum Ausdrucken\"><span>Drucken<\/span><\/a><\/li><li class=\"share-pinterest\"><a rel=\"nofollow noopener noreferrer\" data-shared=\"sharing-pinterest-94\" class=\"share-pinterest sd-button share-icon\" href=\"http:\/\/www.timehealsnothing.de\/blog\/sb-villach-adria-sb\/stage-5-gklockner-passo-di-giau-sella-runde\/?share=pinterest\" target=\"_blank\" title=\"Klick, um auf Pinterest zu teilen\"><span>Pinterest<\/span><\/a><\/li><li class=\"share-end\"><\/li><li class=\"share-end\"><\/li><\/ul><\/div><\/div><\/div><\/div><\/div>","protected":false},"excerpt":{"rendered":"<p>.itn Datei als Download Gr\u00f6\u00dfere Kartenansicht Day five, Ich lass mal die ganzen no Name P\u00e4sse aussen vor. Aber&#8230; der Passo di Giau. Betrug, es gab bestimmt ein St\u00fcck Strasse was fast 20m geradeaus ging. Ich habe so etwas vorher &hellip; <a href=\"http:\/\/www.timehealsnothing.de\/blog\/sb-villach-adria-sb\/stage-5-gklockner-passo-di-giau-sella-runde\/\">Weiterlesen <span class=\"meta-nav\">&rarr;<\/span><\/a><\/p>\n<div class=\"sharedaddy sd-sharing-enabled\"><div class=\"robots-nocontent sd-block sd-social sd-social-icon-text sd-sharing\"><h3 class=\"sd-title\">Teilen mit:<\/h3><div class=\"sd-content\"><ul><li class=\"share-facebook\"><a rel=\"nofollow noopener noreferrer\" data-shared=\"sharing-facebook-94\" class=\"share-facebook sd-button share-icon\" href=\"http:\/\/www.timehealsnothing.de\/blog\/sb-villach-adria-sb\/stage-5-gklockner-passo-di-giau-sella-runde\/?share=facebook\" target=\"_blank\" title=\"Klick, um auf Facebook zu teilen\"><span>Facebook<\/span><\/a><\/li><li class=\"share-twitter\"><a rel=\"nofollow noopener noreferrer\" data-shared=\"sharing-twitter-94\" class=\"share-twitter sd-button share-icon\" href=\"http:\/\/www.timehealsnothing.de\/blog\/sb-villach-adria-sb\/stage-5-gklockner-passo-di-giau-sella-runde\/?share=twitter\" target=\"_blank\" title=\"Klick, um \u00fcber Twitter zu teilen\"><span>Twitter<\/span><\/a><\/li><li><a href=\"#\" class=\"sharing-anchor sd-button share-more\"><span>Mehr<\/span><\/a><\/li><li class=\"share-end\"><\/li><\/ul><div class=\"sharing-hidden\"><div class=\"inner\" style=\"display: none;\"><ul><li class=\"share-print\"><a rel=\"nofollow noopener noreferrer\" data-shared=\"\" class=\"share-print sd-button share-icon\" href=\"http:\/\/www.timehealsnothing.de\/blog\/sb-villach-adria-sb\/stage-5-gklockner-passo-di-giau-sella-runde\/\" target=\"_blank\" title=\"Klicken zum Ausdrucken\"><span>Drucken<\/span><\/a><\/li><li class=\"share-pinterest\"><a rel=\"nofollow noopener noreferrer\" data-shared=\"sharing-pinterest-94\" class=\"share-pinterest sd-button share-icon\" href=\"http:\/\/www.timehealsnothing.de\/blog\/sb-villach-adria-sb\/stage-5-gklockner-passo-di-giau-sella-runde\/?share=pinterest\" target=\"_blank\" title=\"Klick, um auf Pinterest zu teilen\"><span>Pinterest<\/span><\/a><\/li><li class=\"share-end\"><\/li><li class=\"share-end\"><\/li><\/ul><\/div><\/div><\/div><\/div><\/div>","protected":false},"author":1,"featured_media":0,"parent":25,"menu_order":0,"comment_status":"closed","ping_status":"closed","template":"","meta":{"ngg_post_thumbnail":0,"spay_email":""},"jetpack_shortlink":"https:\/\/wp.me\/P1CXhb-1w","jetpack_sharing_enabled":true,"jetpack_likes_enabled":true,"_links":{"self":[{"href":"http:\/\/www.timehealsnothing.de\/blog\/wp-json\/wp\/v2\/pages\/94"}],"collection":[{"href":"http:\/\/www.timehealsnothing.de\/blog\/wp-json\/wp\/v2\/pages"}],"about":[{"href":"http:\/\/www.timehealsnothing.de\/blog\/wp-json\/wp\/v2\/types\/page"}],"author":[{"embeddable":true,"href":"http:\/\/www.timehealsnothing.de\/blog\/wp-json\/wp\/v2\/users\/1"}],"replies":[{"embeddable":true,"href":"http:\/\/www.timehealsnothing.de\/blog\/wp-json\/wp\/v2\/comments?post=94"}],"version-history":[{"count":10,"href":"http:\/\/www.timehealsnothing.de\/blog\/wp-json\/wp\/v2\/pages\/94\/revisions"}],"predecessor-version":[{"id":96,"href":"http:\/\/www.timehealsnothing.de\/blog\/wp-json\/wp\/v2\/pages\/94\/revisions\/96"}],"up":[{"embeddable":true,"href":"http:\/\/www.timehealsnothing.de\/blog\/wp-json\/wp\/v2\/pages\/25"}],"wp:attachment":[{"href":"http:\/\/www.timehealsnothing.de\/blog\/wp-json\/wp\/v2\/media?parent=94"}],"curies":[{"name":"wp","href":"https:\/\/api.w.org\/{rel}","templated":true}]}}