{"id":85,"date":"2011-06-09T20:18:58","date_gmt":"2011-06-09T18:18:58","guid":{"rendered":"http:\/\/timehealsnothing.de\/blog\/?page_id=85"},"modified":"2013-06-19T10:18:24","modified_gmt":"2013-06-19T08:18:24","slug":"stage-4-malta-grossklockner-gerlos-krimmler-wasserfalle","status":"publish","type":"page","link":"http:\/\/www.timehealsnothing.de\/blog\/sb-villach-adria-sb\/stage-4-malta-grossklockner-gerlos-krimmler-wasserfalle\/","title":{"rendered":"Stage 04 Malta Grossklockner Gerlos Krimmler Wasserf\u00e4lle"},"content":{"rendered":"<p>Auch hier bin ich ja gestern schon bis an den Fuss vom Glockner gekommen, also weiter ab Grossklockner.<\/p>\n<p><a href=\"http:\/\/timehealsnothing.de\/openfiles\/SB-Adria\/Stage-4-Malta-GKlockner-Gerlos.zip\">.itn Datei als Download<\/a><\/p>\n<p><iframe src=\"http:\/\/maps.google.de\/maps?f=d&amp;source=s_d&amp;saddr=Malta&amp;daddr=Mitten%2FL20+to:Grossglockner+Hochalpenstr.+to:Edelweissspitze+to:Gro%C3%9Fglockner+Str.%2FB107+to:47.2289566,12.1597763+to:Gerlos&amp;geocode=FVFuzAIdrxPOAA%3BFbXLzAIdzL7EAA%3BFYZLzgIdt5bCAA%3BFR0NzwIdNcvDAA%3BFUK-0AIdNrXDAA%3BFRyo0AIdIIu5ACnpJa8n_rh3RzHFR_O4Nsn6gA%3BFaXJ0AIdRF64AA&amp;hl=de&amp;mra=dpe&amp;mrsp=5&amp;sz=14&amp;via=5&amp;dirflg=h&amp;sll=47.237054,12.163067&amp;sspn=0.04464,0.077162&amp;ie=UTF8&amp;ll=47.237054,12.163067&amp;spn=0.04464,0.077162&amp;t=h&amp;output=embed\" height=\"350\" width=\"425\" frameborder=\"0\" marginwidth=\"0\" marginheight=\"0\" scrolling=\"no\"><\/iframe><br \/>\n<small><a style=\"color: #0000ff; text-align: left;\" href=\"http:\/\/maps.google.de\/maps?f=d&amp;source=embed&amp;saddr=Malta&amp;daddr=Mitten%2FL20+to:Grossglockner+Hochalpenstr.+to:Edelweissspitze+to:Gro%C3%9Fglockner+Str.%2FB107+to:47.2289566,12.1597763+to:Gerlos&amp;geocode=FVFuzAIdrxPOAA%3BFbXLzAIdzL7EAA%3BFYZLzgIdt5bCAA%3BFR0NzwIdNcvDAA%3BFUK-0AIdNrXDAA%3BFRyo0AIdIIu5ACnpJa8n_rh3RzHFR_O4Nsn6gA%3BFaXJ0AIdRF64AA&amp;hl=de&amp;mra=dpe&amp;mrsp=5&amp;sz=14&amp;via=5&amp;dirflg=h&amp;sll=47.237054,12.163067&amp;sspn=0.04464,0.077162&amp;ie=UTF8&amp;ll=47.237054,12.163067&amp;spn=0.04464,0.077162&amp;t=h\">Gr\u00f6\u00dfere Kartenansicht<\/a><\/small><\/p>\n<p>Day four,<\/p>\n<p>8 Uhr Fr\u00fchst\u00fcck und direkt los zum Grossklockner. 2500m hoch bin ich der einzige. Kein Auto, kein Motorrad, kein Bus. Also zu Fuss durch den mini Stollen gelatscht, sich das von der Erderw\u00e4hrmung \u00fcbrig gebliebene Minist\u00fcck Gletscher angeschaut, Klimakatastrophe oleeeeee. 30min sp\u00e4ter, die erste Busladung Touristen kommt an, nix wie weg. Weiter zur Edelweisspitze, Kopfsteinpflaster bis hoch auf knapp 2600m. O o oh hohe Berge, la Montanara f\u0171r das Edelwei\u00df. Frl Menke wusste schon um was es geht.<\/p>\n<p>Die Grossklockner H\u00f6henstrasse ist Landschaftlich zum niederknien. Ich hab als Stadtkind es ja echt nicht mit Natur und dem Scheiss, aber dieser Nationalpark ist echt grosses Kino. Ok, die \u00d6sis kennen das schon und sehen das hier als Rennstrecke. Warum auch nicht, Scheiss doch auf Umwelt und den ganzen Rest.<\/p>\n<p>Weiter in Richtung Gerlos Pass. Das alte Leid, Autos vor mir. In mir erwacht der kleine, keifende Terrier, ja wo ist das St\u00f6ckchen? Ja bring sch\u00f6n her das drecks St\u00fcck Holz. Sabbernd ist jedes Auto vor mir das zu apportierende St\u00f6ckchen.<br \/>\nUnd ich habe jedes verdammte Auto \u00fcberholt. Abreagiert und ausgeglichen komme ich an den Krimmler Waserf\u00e4llen an. 2,50 Eus um mir Wasser anzukucken, was, ok in rauen Massen, von oben nach unten f\u00e4llt&#8230; Who cares, is ja f\u0171r nen guten zweck, von wegen Umwelt und so. Imposant, ja. Aber ich bin echt nass geworden. Nennt man wohl Gischt oder so. Scheiss Natur, d\u00e4mliche.<br \/>\nNichts wie weg hier, Gerlos Pass ruft. Die paar Tornante hoch, hinten wieder runter. Schon wieder ne verkappte Rennstrecke. Aber auch das hat seinen Reiz.<br \/>\nZur\u00fcck nach Hause in Richtung Pension. Kurz im Gewitter geduscht, und da ist er schon wieder. Der Berg ruft, auffi musst, auffi aufn Berg.<\/p>\n<p>Es ist 17:30. Schon wieder kein Aas auf dem Glockner. Ja gut, ich hab mir ja heute morgen dieses Natur Ding angekuck, also jetzt mal unangebrachte Fahrweise. Die Kuh fliegt, jegliche Tornante im Sturm der PS erobert.<br \/>\nNe kurze Zigarettenpause, den ein oder anderen Steinbock und diverse Murmeltiere angeprollt (extrem Naturpark missachting) und den alten Kurvenpogo sauber ins Tal getanzt.<\/p>\n<p>Die nette Pensionscheffin begr\u00fcsst mich mit: &#8222;Wollns a Marrillen Stamperl?&#8220;<br \/>\n(klar alte Ische, Saufen Junge!) Ich: &#8222;Ja das w\u00e4re aber ein gelungener Abschluss meiner Tour.&#8220; Und Bier hatte Sie auch noch am Start. Schade, die Mutti is \u00fcber 60. Die h\u00e4tte ich glatt geheiratet.<br \/>\nProst.<\/p>\n<p>Englisches Motorrad vorm Schnee<br \/>\n<img alt=\"Tripple im Schnee\" src=\"https:\/\/i0.wp.com\/timehealsnothing.de\/openfiles\/SB-Adria\/2-Glockner-Schnee.jpg?w=640\" data-recalc-dims=\"1\" \/><\/p>\n<p>die Tornante mit bischen Schnee<br \/>\n<img alt=\"und die Tornante dazu\" src=\"https:\/\/i1.wp.com\/timehealsnothing.de\/openfiles\/SB-Adria\/4-Glockner-Tornante.jpg?w=640\" data-recalc-dims=\"1\" \/><\/p>\n<p>&nbsp;<\/p>\n<p><a title=\"Stage 05 GKlockner Passo di Giau Sella Runde\" href=\"http:\/\/timehealsnothing.de\/blog\/?page_id=94\">Go to Stage 5<\/a><\/p>\n<div class=\"sharedaddy sd-sharing-enabled\"><div class=\"robots-nocontent sd-block sd-social sd-social-icon-text sd-sharing\"><h3 class=\"sd-title\">Teilen mit:<\/h3><div class=\"sd-content\"><ul><li class=\"share-facebook\"><a rel=\"nofollow noopener noreferrer\" data-shared=\"sharing-facebook-85\" class=\"share-facebook sd-button share-icon\" href=\"http:\/\/www.timehealsnothing.de\/blog\/sb-villach-adria-sb\/stage-4-malta-grossklockner-gerlos-krimmler-wasserfalle\/?share=facebook\" target=\"_blank\" title=\"Klick, um auf Facebook zu teilen\"><span>Facebook<\/span><\/a><\/li><li class=\"share-twitter\"><a rel=\"nofollow noopener noreferrer\" data-shared=\"sharing-twitter-85\" class=\"share-twitter sd-button share-icon\" href=\"http:\/\/www.timehealsnothing.de\/blog\/sb-villach-adria-sb\/stage-4-malta-grossklockner-gerlos-krimmler-wasserfalle\/?share=twitter\" target=\"_blank\" title=\"Klick, um \u00fcber Twitter zu teilen\"><span>Twitter<\/span><\/a><\/li><li><a href=\"#\" class=\"sharing-anchor sd-button share-more\"><span>Mehr<\/span><\/a><\/li><li class=\"share-end\"><\/li><\/ul><div class=\"sharing-hidden\"><div class=\"inner\" style=\"display: none;\"><ul><li class=\"share-print\"><a rel=\"nofollow noopener noreferrer\" data-shared=\"\" class=\"share-print sd-button share-icon\" href=\"http:\/\/www.timehealsnothing.de\/blog\/sb-villach-adria-sb\/stage-4-malta-grossklockner-gerlos-krimmler-wasserfalle\/\" target=\"_blank\" title=\"Klicken zum Ausdrucken\"><span>Drucken<\/span><\/a><\/li><li class=\"share-pinterest\"><a rel=\"nofollow noopener noreferrer\" data-shared=\"sharing-pinterest-85\" class=\"share-pinterest sd-button share-icon\" href=\"http:\/\/www.timehealsnothing.de\/blog\/sb-villach-adria-sb\/stage-4-malta-grossklockner-gerlos-krimmler-wasserfalle\/?share=pinterest\" target=\"_blank\" title=\"Klick, um auf Pinterest zu teilen\"><span>Pinterest<\/span><\/a><\/li><li class=\"share-end\"><\/li><li class=\"share-end\"><\/li><\/ul><\/div><\/div><\/div><\/div><\/div>","protected":false},"excerpt":{"rendered":"<p>Auch hier bin ich ja gestern schon bis an den Fuss vom Glockner gekommen, also weiter ab Grossklockner. .itn Datei als Download Gr\u00f6\u00dfere Kartenansicht Day four, 8 Uhr Fr\u00fchst\u00fcck und direkt los zum Grossklockner. 2500m hoch bin ich der einzige. &hellip; <a href=\"http:\/\/www.timehealsnothing.de\/blog\/sb-villach-adria-sb\/stage-4-malta-grossklockner-gerlos-krimmler-wasserfalle\/\">Weiterlesen <span class=\"meta-nav\">&rarr;<\/span><\/a><\/p>\n<div class=\"sharedaddy sd-sharing-enabled\"><div class=\"robots-nocontent sd-block sd-social sd-social-icon-text sd-sharing\"><h3 class=\"sd-title\">Teilen mit:<\/h3><div class=\"sd-content\"><ul><li class=\"share-facebook\"><a rel=\"nofollow noopener noreferrer\" data-shared=\"sharing-facebook-85\" class=\"share-facebook sd-button share-icon\" href=\"http:\/\/www.timehealsnothing.de\/blog\/sb-villach-adria-sb\/stage-4-malta-grossklockner-gerlos-krimmler-wasserfalle\/?share=facebook\" target=\"_blank\" title=\"Klick, um auf Facebook zu teilen\"><span>Facebook<\/span><\/a><\/li><li class=\"share-twitter\"><a rel=\"nofollow noopener noreferrer\" data-shared=\"sharing-twitter-85\" class=\"share-twitter sd-button share-icon\" href=\"http:\/\/www.timehealsnothing.de\/blog\/sb-villach-adria-sb\/stage-4-malta-grossklockner-gerlos-krimmler-wasserfalle\/?share=twitter\" target=\"_blank\" title=\"Klick, um \u00fcber Twitter zu teilen\"><span>Twitter<\/span><\/a><\/li><li><a href=\"#\" class=\"sharing-anchor sd-button share-more\"><span>Mehr<\/span><\/a><\/li><li class=\"share-end\"><\/li><\/ul><div class=\"sharing-hidden\"><div class=\"inner\" style=\"display: none;\"><ul><li class=\"share-print\"><a rel=\"nofollow noopener noreferrer\" data-shared=\"\" class=\"share-print sd-button share-icon\" href=\"http:\/\/www.timehealsnothing.de\/blog\/sb-villach-adria-sb\/stage-4-malta-grossklockner-gerlos-krimmler-wasserfalle\/\" target=\"_blank\" title=\"Klicken zum Ausdrucken\"><span>Drucken<\/span><\/a><\/li><li class=\"share-pinterest\"><a rel=\"nofollow noopener noreferrer\" data-shared=\"sharing-pinterest-85\" class=\"share-pinterest sd-button share-icon\" href=\"http:\/\/www.timehealsnothing.de\/blog\/sb-villach-adria-sb\/stage-4-malta-grossklockner-gerlos-krimmler-wasserfalle\/?share=pinterest\" target=\"_blank\" title=\"Klick, um auf Pinterest zu teilen\"><span>Pinterest<\/span><\/a><\/li><li class=\"share-end\"><\/li><li class=\"share-end\"><\/li><\/ul><\/div><\/div><\/div><\/div><\/div>","protected":false},"author":1,"featured_media":0,"parent":25,"menu_order":0,"comment_status":"closed","ping_status":"closed","template":"","meta":{"ngg_post_thumbnail":0,"spay_email":""},"jetpack_shortlink":"https:\/\/wp.me\/P1CXhb-1n","jetpack_sharing_enabled":true,"jetpack_likes_enabled":true,"_links":{"self":[{"href":"http:\/\/www.timehealsnothing.de\/blog\/wp-json\/wp\/v2\/pages\/85"}],"collection":[{"href":"http:\/\/www.timehealsnothing.de\/blog\/wp-json\/wp\/v2\/pages"}],"about":[{"href":"http:\/\/www.timehealsnothing.de\/blog\/wp-json\/wp\/v2\/types\/page"}],"author":[{"embeddable":true,"href":"http:\/\/www.timehealsnothing.de\/blog\/wp-json\/wp\/v2\/users\/1"}],"replies":[{"embeddable":true,"href":"http:\/\/www.timehealsnothing.de\/blog\/wp-json\/wp\/v2\/comments?post=85"}],"version-history":[{"count":8,"href":"http:\/\/www.timehealsnothing.de\/blog\/wp-json\/wp\/v2\/pages\/85\/revisions"}],"predecessor-version":[{"id":87,"href":"http:\/\/www.timehealsnothing.de\/blog\/wp-json\/wp\/v2\/pages\/85\/revisions\/87"}],"up":[{"embeddable":true,"href":"http:\/\/www.timehealsnothing.de\/blog\/wp-json\/wp\/v2\/pages\/25"}],"wp:attachment":[{"href":"http:\/\/www.timehealsnothing.de\/blog\/wp-json\/wp\/v2\/media?parent=85"}],"curies":[{"name":"wp","href":"https:\/\/api.w.org\/{rel}","templated":true}]}}