{"id":78,"date":"2011-06-09T17:46:24","date_gmt":"2011-06-09T15:46:24","guid":{"rendered":"http:\/\/timehealsnothing.de\/blog\/?page_id=78"},"modified":"2013-06-19T10:18:54","modified_gmt":"2013-06-19T08:18:54","slug":"stage-3-villach-turracher-hohe-nockalmstrasse-malta-hochalmstrasse","status":"publish","type":"page","link":"http:\/\/www.timehealsnothing.de\/blog\/sb-villach-adria-sb\/stage-3-villach-turracher-hohe-nockalmstrasse-malta-hochalmstrasse\/","title":{"rendered":"Stage 03 Villach Turracher H\u00f6he Nockalmstrasse Malta Hochalmstrasse"},"content":{"rendered":"<p>Tag 3 und ich bin ja schon wieder ein St\u00fcck weiter wie geplant.<\/p>\n<p><a href=\"http:\/\/timehealsnothing.de\/openfiles\/SB-Adria\/Stage-3-Villach-Nockalm-Malta.zip\">.itn Datei als Download <\/a><\/p>\n<p><iframe src=\"http:\/\/maps.google.de\/maps?f=d&amp;source=s_d&amp;saddr=Millst%C3%A4tter+Str.%2FB98&amp;daddr=46.74326,14.0063+to:Turracher+Str.%2FB95+to:Turracher+Str.%2FB95+to:Turracher+Str.%2FB95+to:Nockalmstr.+to:Nockalmstr.+to:46.79248,13.67643+to:Malta-Hochalm-Stra%C3%9Fe+to:Malta&amp;hl=de&amp;geocode=Fff4xwIdLpTTAA%3BFdw-yQIdHLjVACmnbV0ISn1wRzEWY2-PSdsLXA%3BFWNPygId35bTAA%3BFWdKzAIdD-TTAA%3BFVFMzgIdYVvTAA%3BFWP1ywIdTxLSAA%3BFQ0vywId6M_TAA%3BFSD_yQIdjq_QACnvg7UgTpdwRzE6GOlb1gSkNw%3BFbZazgIdsaTLAA%3BFVFuzAIdrxPOAA&amp;mra=ls&amp;via=1,7&amp;dirflg=h&amp;sll=46.839294,13.521166&amp;sspn=0.044974,0.077162&amp;ie=UTF8&amp;ll=46.870725,13.6877&amp;spn=0.42179,0.68346&amp;t=h&amp;output=embed\" height=\"350\" width=\"425\" frameborder=\"0\" marginwidth=\"0\" marginheight=\"0\" scrolling=\"no\"><\/iframe><br \/>\n<small><a style=\"color: #0000ff; text-align: left;\" href=\"http:\/\/maps.google.de\/maps?f=d&amp;source=embed&amp;saddr=Millst%C3%A4tter+Str.%2FB98&amp;daddr=46.74326,14.0063+to:Turracher+Str.%2FB95+to:Turracher+Str.%2FB95+to:Turracher+Str.%2FB95+to:Nockalmstr.+to:Nockalmstr.+to:46.79248,13.67643+to:Malta-Hochalm-Stra%C3%9Fe+to:Malta&amp;hl=de&amp;geocode=Fff4xwIdLpTTAA%3BFdw-yQIdHLjVACmnbV0ISn1wRzEWY2-PSdsLXA%3BFWNPygId35bTAA%3BFWdKzAIdD-TTAA%3BFVFMzgIdYVvTAA%3BFWP1ywIdTxLSAA%3BFQ0vywId6M_TAA%3BFSD_yQIdjq_QACnvg7UgTpdwRzE6GOlb1gSkNw%3BFbZazgIdsaTLAA%3BFVFuzAIdrxPOAA&amp;mra=ls&amp;via=1,7&amp;dirflg=h&amp;sll=46.839294,13.521166&amp;sspn=0.044974,0.077162&amp;ie=UTF8&amp;ll=46.870725,13.6877&amp;spn=0.42179,0.68346&amp;t=h\">Gr\u00f6\u00dfere Kartenansicht<\/a><\/small><\/p>\n<p>Day three,<\/p>\n<p>Nockalmstrasse einmal von S\u00fcden nach Norden und das selbe wieder zur\u00fcck. Auf der Passh\u00f6he dem Rentnerbus gerade so entkommen, hat das fr\u00fche Aufstehen doch noch Sinn gemacht. Die Maut war jeden Pfennig wert, vom Kurvenswingen \u00fcber Kurventango zum Kurvenpogo. Motorradhimmel ich bin dir nah.<br \/>\nAlso die Pferde gesattelt und direkt los in Richtung Malta und die Riesentalsperre. Teils Ampel geregelter Singleroad Verkehr, teils unbeleuchteter Tunnel mit Gefrierschrank Qualit\u00e4t. Wieder Tornante ohne Ende und dann am Ende der Strasse die Staumauer. Ein Tr\u00fcmmer von Staumauer mit begehbarem Storchennest \u00fcber dem Abgrund. Schwindelfrei anyone?<br \/>\nUnd andauernd sprudelt irgendwo Wasserfall um Wasserfall aus den Bergen. Bilderflut in meinem Kopf.<\/p>\n<p><img alt=\"Betonmauer mit Wasser hintendran am Ende der Kurven\" src=\"https:\/\/i0.wp.com\/timehealsnothing.de\/openfiles\/SB-Adria\/1-maltastrasse-staumauer.jpg?w=640\" data-recalc-dims=\"1\" \/><\/p>\n<p>Es is noch recht hell und das gelbe Arschloch \u00fcber mir gibt alles. Ich fahr einfach weiter Richtung Grossklockner. Das freundliche Navi f\u00fchrt mich netterweise noch \u00fcber singletrack Roads nach Heiligenblut, Insiderwissen aus der Dose. Wirklich empfehlenswert der Urban Rider.<br \/>\nEinmal durch das Kaff gepfl\u00fcgt, und siehe da ein Schild mit Privatzimmer. Hingefahren, gefragt ob was frei ist und als Antwort: wenn es f\u0171r 27 Euro inklu Fr\u00fchst\u00fcck i.O. ist? Und die Garage f\u0171r das Motorrad k\u00f6nnen Sie auch noch nutzen.<br \/>\nHe wir reden hier von Privatzimmer, mit Badewanne, Sat TV, Doppelbett und sowas von Blick auf Berge, Berge und noch einmal Berge.<br \/>\nIch bin beim 2ten Hefe und nem Riesen Teller Panacotta Tortellini, ich glaub ich bin schon wieder in irgendeinem Himmel oder so. Ich denk, ich bleib 2 Tage und fahr ohne Gep\u00e4ck Grossklockner, Gerlospass und Krimler Wasserfall. Sorry muss Schluss machen, das Bedienungsding im roten Dirndel mit dem hochgedr\u00fcckten Dekoltee will mir unbedingt ein 3tes Hefe aufschwatzen, und ich bin doch so labil wenn ich Titten sehe.<br \/>\nProst.<\/p>\n<p><a title=\"Stage 04 Malta Grossklockner Gerlos Krimmler Wasserf\u00e4lle\" href=\"http:\/\/timehealsnothing.de\/blog\/?page_id=85\">Go to Stage 4<\/a><\/p>\n<div class=\"sharedaddy sd-sharing-enabled\"><div class=\"robots-nocontent sd-block sd-social sd-social-icon-text sd-sharing\"><h3 class=\"sd-title\">Teilen mit:<\/h3><div class=\"sd-content\"><ul><li class=\"share-facebook\"><a rel=\"nofollow noopener noreferrer\" data-shared=\"sharing-facebook-78\" class=\"share-facebook sd-button share-icon\" href=\"http:\/\/www.timehealsnothing.de\/blog\/sb-villach-adria-sb\/stage-3-villach-turracher-hohe-nockalmstrasse-malta-hochalmstrasse\/?share=facebook\" target=\"_blank\" title=\"Klick, um auf Facebook zu teilen\"><span>Facebook<\/span><\/a><\/li><li class=\"share-twitter\"><a rel=\"nofollow noopener noreferrer\" data-shared=\"sharing-twitter-78\" class=\"share-twitter sd-button share-icon\" href=\"http:\/\/www.timehealsnothing.de\/blog\/sb-villach-adria-sb\/stage-3-villach-turracher-hohe-nockalmstrasse-malta-hochalmstrasse\/?share=twitter\" target=\"_blank\" title=\"Klick, um \u00fcber Twitter zu teilen\"><span>Twitter<\/span><\/a><\/li><li><a href=\"#\" class=\"sharing-anchor sd-button share-more\"><span>Mehr<\/span><\/a><\/li><li class=\"share-end\"><\/li><\/ul><div class=\"sharing-hidden\"><div class=\"inner\" style=\"display: none;\"><ul><li class=\"share-print\"><a rel=\"nofollow noopener noreferrer\" data-shared=\"\" class=\"share-print sd-button share-icon\" href=\"http:\/\/www.timehealsnothing.de\/blog\/sb-villach-adria-sb\/stage-3-villach-turracher-hohe-nockalmstrasse-malta-hochalmstrasse\/\" target=\"_blank\" title=\"Klicken zum Ausdrucken\"><span>Drucken<\/span><\/a><\/li><li class=\"share-pinterest\"><a rel=\"nofollow noopener noreferrer\" data-shared=\"sharing-pinterest-78\" class=\"share-pinterest sd-button share-icon\" href=\"http:\/\/www.timehealsnothing.de\/blog\/sb-villach-adria-sb\/stage-3-villach-turracher-hohe-nockalmstrasse-malta-hochalmstrasse\/?share=pinterest\" target=\"_blank\" title=\"Klick, um auf Pinterest zu teilen\"><span>Pinterest<\/span><\/a><\/li><li class=\"share-end\"><\/li><li class=\"share-end\"><\/li><\/ul><\/div><\/div><\/div><\/div><\/div>","protected":false},"excerpt":{"rendered":"<p>Tag 3 und ich bin ja schon wieder ein St\u00fcck weiter wie geplant. .itn Datei als Download Gr\u00f6\u00dfere Kartenansicht Day three, Nockalmstrasse einmal von S\u00fcden nach Norden und das selbe wieder zur\u00fcck. Auf der Passh\u00f6he dem Rentnerbus gerade so entkommen, &hellip; <a href=\"http:\/\/www.timehealsnothing.de\/blog\/sb-villach-adria-sb\/stage-3-villach-turracher-hohe-nockalmstrasse-malta-hochalmstrasse\/\">Weiterlesen <span class=\"meta-nav\">&rarr;<\/span><\/a><\/p>\n<div class=\"sharedaddy sd-sharing-enabled\"><div class=\"robots-nocontent sd-block sd-social sd-social-icon-text sd-sharing\"><h3 class=\"sd-title\">Teilen mit:<\/h3><div class=\"sd-content\"><ul><li class=\"share-facebook\"><a rel=\"nofollow noopener noreferrer\" data-shared=\"sharing-facebook-78\" class=\"share-facebook sd-button share-icon\" href=\"http:\/\/www.timehealsnothing.de\/blog\/sb-villach-adria-sb\/stage-3-villach-turracher-hohe-nockalmstrasse-malta-hochalmstrasse\/?share=facebook\" target=\"_blank\" title=\"Klick, um auf Facebook zu teilen\"><span>Facebook<\/span><\/a><\/li><li class=\"share-twitter\"><a rel=\"nofollow noopener noreferrer\" data-shared=\"sharing-twitter-78\" class=\"share-twitter sd-button share-icon\" href=\"http:\/\/www.timehealsnothing.de\/blog\/sb-villach-adria-sb\/stage-3-villach-turracher-hohe-nockalmstrasse-malta-hochalmstrasse\/?share=twitter\" target=\"_blank\" title=\"Klick, um \u00fcber Twitter zu teilen\"><span>Twitter<\/span><\/a><\/li><li><a href=\"#\" class=\"sharing-anchor sd-button share-more\"><span>Mehr<\/span><\/a><\/li><li class=\"share-end\"><\/li><\/ul><div class=\"sharing-hidden\"><div class=\"inner\" style=\"display: none;\"><ul><li class=\"share-print\"><a rel=\"nofollow noopener noreferrer\" data-shared=\"\" class=\"share-print sd-button share-icon\" href=\"http:\/\/www.timehealsnothing.de\/blog\/sb-villach-adria-sb\/stage-3-villach-turracher-hohe-nockalmstrasse-malta-hochalmstrasse\/\" target=\"_blank\" title=\"Klicken zum Ausdrucken\"><span>Drucken<\/span><\/a><\/li><li class=\"share-pinterest\"><a rel=\"nofollow noopener noreferrer\" data-shared=\"sharing-pinterest-78\" class=\"share-pinterest sd-button share-icon\" href=\"http:\/\/www.timehealsnothing.de\/blog\/sb-villach-adria-sb\/stage-3-villach-turracher-hohe-nockalmstrasse-malta-hochalmstrasse\/?share=pinterest\" target=\"_blank\" title=\"Klick, um auf Pinterest zu teilen\"><span>Pinterest<\/span><\/a><\/li><li class=\"share-end\"><\/li><li class=\"share-end\"><\/li><\/ul><\/div><\/div><\/div><\/div><\/div>","protected":false},"author":1,"featured_media":0,"parent":25,"menu_order":0,"comment_status":"closed","ping_status":"closed","template":"","meta":{"ngg_post_thumbnail":0,"spay_email":""},"jetpack_shortlink":"https:\/\/wp.me\/P1CXhb-1g","jetpack_sharing_enabled":true,"jetpack_likes_enabled":true,"_links":{"self":[{"href":"http:\/\/www.timehealsnothing.de\/blog\/wp-json\/wp\/v2\/pages\/78"}],"collection":[{"href":"http:\/\/www.timehealsnothing.de\/blog\/wp-json\/wp\/v2\/pages"}],"about":[{"href":"http:\/\/www.timehealsnothing.de\/blog\/wp-json\/wp\/v2\/types\/page"}],"author":[{"embeddable":true,"href":"http:\/\/www.timehealsnothing.de\/blog\/wp-json\/wp\/v2\/users\/1"}],"replies":[{"embeddable":true,"href":"http:\/\/www.timehealsnothing.de\/blog\/wp-json\/wp\/v2\/comments?post=78"}],"version-history":[{"count":10,"href":"http:\/\/www.timehealsnothing.de\/blog\/wp-json\/wp\/v2\/pages\/78\/revisions"}],"predecessor-version":[{"id":254,"href":"http:\/\/www.timehealsnothing.de\/blog\/wp-json\/wp\/v2\/pages\/78\/revisions\/254"}],"up":[{"embeddable":true,"href":"http:\/\/www.timehealsnothing.de\/blog\/wp-json\/wp\/v2\/pages\/25"}],"wp:attachment":[{"href":"http:\/\/www.timehealsnothing.de\/blog\/wp-json\/wp\/v2\/media?parent=78"}],"curies":[{"name":"wp","href":"https:\/\/api.w.org\/{rel}","templated":true}]}}