{"id":418,"date":"2013-08-11T18:06:29","date_gmt":"2013-08-11T16:06:29","guid":{"rendered":"http:\/\/www.timehealsnothing.de\/blog\/?page_id=418"},"modified":"2013-09-15T17:02:37","modified_gmt":"2013-09-15T15:02:37","slug":"tag-5-cap-corse","status":"publish","type":"page","link":"http:\/\/www.timehealsnothing.de\/blog\/korsika-2013\/tag-5-cap-corse\/","title":{"rendered":"Tag 5 Cap Corse"},"content":{"rendered":"<p>19.05.2013<br \/>\n<strong>Stage 4 Cape Corse<\/strong><br \/>\nN\u00f6rdlichste Spitze Korsika, Stop in Barcaggio<br \/>\n303 km, 5 Stunden 39 Minuten (in Echt: reine Fahrzeit 7h)<br \/>\n<small><\/small><br \/>\nImmer sch\u00f6n gegen den Uhrzeigersinn, man will ja schon aussen am Abgrund Richtung Meer lang fahren. Wo bleibt sonst der Nervenkitzel&#8230;<br \/>\n<iframe src=\"https:\/\/maps.google.de\/maps?saddr=N193&amp;daddr=42.9868243,9.3992588+to:Barcaggio%2FD253+to:42.9523872,9.3706128+to:42.879517,9.33056+to:42.666317,9.143106+to:42.608158,9.009771+to:N193&amp;hl=de&amp;sll=42.613117,9.045868&amp;sspn=0.102203,0.191746&amp;geocode=FbO7hAIdy-yLAA%3BFUjtjwId2muPACnjbP_epcXWEjG5N-7E8wnKeQ%3BFUQ-kAIdEXOPAA%3BFcNmjwId9PuOACnnMkviVsXWEjH50K3_UFk8iA%3BFR1KjgIdgF-OAClDgcD00NDWEjGwMhuuA7au9A%3BFU0JiwIdQoOLACnjVL1ZYtLQEjEGffMTRpRQFw%3BFR4migIda3qJAClb3vnaisXQEjFYJyGK3dl-hA%3BFQm7hAIdxOyLAA&amp;t=h&amp;mra=dvme&amp;mrsp=6&amp;sz=13&amp;via=1,3,4,5,6&amp;ie=UTF8&amp;source=embed&amp;dg=feature&amp;vpsrc=0&amp;ll=42.718768,9.379578&amp;spn=0.706262,1.167297&amp;output=embed\" height=\"350\" width=\"425\" frameborder=\"0\" marginwidth=\"0\" marginheight=\"0\" scrolling=\"no\"><\/iframe><br \/>\n<small><a style=\"color: #0000ff; text-align: left;\" href=\"https:\/\/maps.google.de\/maps?saddr=N193&amp;daddr=42.9868243,9.3992588+to:Barcaggio%2FD253+to:42.9523872,9.3706128+to:42.879517,9.33056+to:42.666317,9.143106+to:42.608158,9.009771+to:N193&amp;hl=de&amp;sll=42.613117,9.045868&amp;sspn=0.102203,0.191746&amp;geocode=FbO7hAIdy-yLAA%3BFUjtjwId2muPACnjbP_epcXWEjG5N-7E8wnKeQ%3BFUQ-kAIdEXOPAA%3BFcNmjwId9PuOACnnMkviVsXWEjH50K3_UFk8iA%3BFR1KjgIdgF-OAClDgcD00NDWEjGwMhuuA7au9A%3BFU0JiwIdQoOLACnjVL1ZYtLQEjEGffMTRpRQFw%3BFR4migIda3qJAClb3vnaisXQEjFYJyGK3dl-hA%3BFQm7hAIdxOyLAA&amp;t=h&amp;mra=dvme&amp;mrsp=6&amp;sz=13&amp;via=1,3,4,5,6&amp;ie=UTF8&amp;source=embed&amp;dg=feature&amp;vpsrc=0&amp;ll=42.718768,9.379578&amp;spn=0.706262,1.167297\">Gr\u00f6\u00dfere Kartenansicht<\/a><\/small><\/p>\n<p>Nach den ersten <em>Erfahrungswerten<\/em> zu Korsika und dem zeitlichen Bedarf um von A nach B zu kommen, hab ich dann lieber nochmal die Strecke nach Bastia gecheckt. M\u00fcsst ja doch am letzten Tag p\u00fcnktlich ne F\u00e4hre erreichen, um zeitnah mein Leben und die Arbeit in Deutschland wieder aufzunehmen. Ich muss meine Vorplanung revidieren, Google Maps ist noch nicht auf Korsika rumgefahren. Ich sehs ihm nach, kann ja schliesslich nicht alles wissen der Kollege Internet. Es ist dann doch eher so eine Stunde, die man f\u00fcr 50 km Strecke in Korsika braucht, selbst wenn die Strassen nicht 3ter oder 4ter Ordnung sind, sondern &#8222;<em>German Autobahn<\/em>&#8220; Charakter haben. Dazu zitiere ich mal die Wiki: &#8222;<em>The German autobahns are famous for being among the few public roads in the world without blanket <a title=\"Speed limit\" href=\"http:\/\/en.wikipedia.org\/wiki\/Speed_limit\">speed limits<\/a> for cars and motorbikes<\/em>&#8222;. No way, zuviele Kurven ohne Gerade dazwischen. Und ausserdem stehen an der touristisch erschlossenen K\u00fcste gerne mal Fotoapparate f\u00fcr Schnellfahrerportraits. Da bekommt man recht teure Bilder gemacht. Also dauert die R\u00fcckfahrt eher 1,5 Stunden, sprich um 5:30 Uhr ( das 5:30 wo es noch nicht wieder hell geworden ist um genau zu sein) wird abgeritten vom Hof. Tolle Aussichten was das Ausschlafen im Urlaub so am letzten Tag betrifft&#8230;<\/p>\n<p>            \n\t\t<div class=\"ngg-gallery-singlepic-image ngg-left\" style=\"max-width: 320px\">\n\t\t\t    \t<a href=\"http:\/\/www.timehealsnothing.de\/blog\/wp-content\/gallery\/motorradtour\/20130519_113714.jpg\"\n\t\t     title=\"Korsika, Cap Corse, Steilk\u00fcste, die Kurve und Ich\"\n             data-src=\"http:\/\/www.timehealsnothing.de\/blog\/wp-content\/gallery\/motorradtour\/20130519_113714.jpg\"\n             data-thumbnail=\"http:\/\/www.timehealsnothing.de\/blog\/wp-content\/gallery\/motorradtour\/thumbs\/thumbs_20130519_113714.jpg\"\n             data-image-id=\"223\"\n             data-title=\"Korsika, Cap Corse, Steilk\u00fcste, die Kurve und Ich\"\n             data-description=\"Korsika, Cap Corse, Steilk\u00fcste, die Kurve und Ich\"\n             target='_self'\n             class=\"ngg-fancybox\" rel=\"fe12853624c31510878700c0e19d6919\">\n            <img class=\"ngg-singlepic\"\n             src=\"http:\/\/www.timehealsnothing.de\/blog\/wp-content\/gallery\/motorradtour\/cache\/20130519_113714.jpg-nggid03223-ngg0dyn-320x240x100-00f0w010c010r110f110r010t010.jpg\"\n             alt=\"Korsika, Cap Corse, Steilk\u00fcste, die Kurve und Ich\"\n             title=\"Korsika, Cap Corse, Steilk\u00fcste, die Kurve und Ich\"\n              width=\"320\"               \/>\n    \t<\/a>\n\t\t      <\/div>\n        Cap Corse selbst muss man mal gesehen haben, sollte man mal drum rum fahren. Die Strassen sind \u00fcberwiegend gut, bis auf die paar Abschnitte die dann nicht so &#8222;<em>German Autobahn<\/em>&#8220; sind. Damit meine ich, die Strasse besteht ausschliesslich aus geflickten, unterschiedlich hohen und breiten und langen Teerflecken (diese in den verschiedensten Farben nat\u00fcrlich, weil nicht nur der Arsch, sondern auch das Auge f\u00e4hrt mit), L\u00f6chern in denen bei uns Kinder mit Plastiksoldaten Krieg spielen, Wellen im Sprungschanzenformat (diese gerne Quer aber um einen nicht allzu arg einzuschl\u00e4fern auch gerne mal l\u00e4ngs), es liegen Felsbrocken im unteren Kilotonnenbereich unmotiviert auf der Strasse oder wenn es gut geht nur Sand und oder Splitt wie mit dicken Schaufeln gesch\u00fcttet auf der Rennpiste. Von der Qualit\u00e4t der Strassen her wechselt es \u00f6fter mal erheblich. Die Kurven sind jedoch immer passend, was Kurvenradius, Gef\u00e4lle und Neigung betrifft und ziehen sich auch nicht zu arg zu. Und wenn der Belag gut ist, kann man auch nen guten Schnitt und den auch noch recht fl\u00fcssig fahren. Also jetzt mal \u00fcber 16 km\/h so durchschnittlich.<\/p>\n<p>Daraus ergibt sich ableitend: &#8222;Auf den Schwerpunkt des Motorradfahrer wirken zwei Kr\u00e4fte: Einerseits die Zentrifugalkraft<\/p>\n<dl>\n<dd><img alt=\"F_Z=\\frac{m \\cdot v^2}{r}\" src=\"http:\/\/upload.wikimedia.org\/math\/4\/f\/6\/4f621ba4794de2aaf0aa6ee4e18d6949.png\" \/><\/dd>\n<\/dl>\n<p>in radialer Richtung und die Gewichtskraft<\/p>\n<dl>\n<dd><img alt=\"G=m \\cdot g\" src=\"http:\/\/upload.wikimedia.org\/math\/b\/a\/d\/bad00de7c34a58204599ef8ddb07e834.png\" \/><\/dd>\n<\/dl>\n<p>in vertikaler Richtung&#8220;. Auf gut Deutsch: <strong>Tust du in der Kurve nicht genug Gas geben, kippt die Fuhre um und du liegst auf der Schnauze&#8230;<\/strong><\/p>\n<p>Hier f\u00e4ngt es schon an, hier kann man schon mal bischen Gas geben. Das man, seit man aus Bastia raus ist, nicht mehr den 4ten geschweige denn den 5ten Gang benutzt hat f\u00e4llt einem nicht wirklich auf und ist jetzt mal nicht das grosse Problem.<a href=\"https:\/\/i0.wp.com\/www.timehealsnothing.de\/blog\/wp-content\/uploads\/20130519_142003.jpg\"><img data-attachment-id=\"597\" data-permalink=\"http:\/\/www.timehealsnothing.de\/blog\/korsika-2013\/tag-5-cap-corse\/20130519_142003\/\" data-orig-file=\"https:\/\/i0.wp.com\/www.timehealsnothing.de\/blog\/wp-content\/uploads\/20130519_142003.jpg?fit=3264%2C2448\" data-orig-size=\"3264,2448\" data-comments-opened=\"1\" data-image-meta=\"{&quot;aperture&quot;:&quot;2.6&quot;,&quot;credit&quot;:&quot;&quot;,&quot;camera&quot;:&quot;GT-I9300&quot;,&quot;caption&quot;:&quot;&quot;,&quot;created_timestamp&quot;:&quot;1368973203&quot;,&quot;copyright&quot;:&quot;&quot;,&quot;focal_length&quot;:&quot;3.7&quot;,&quot;iso&quot;:&quot;80&quot;,&quot;shutter_speed&quot;:&quot;0.000505050505051&quot;,&quot;title&quot;:&quot;&quot;}\" data-image-title=\"20130519_142003\" data-image-description=\"\" data-medium-file=\"https:\/\/i0.wp.com\/www.timehealsnothing.de\/blog\/wp-content\/uploads\/20130519_142003.jpg?fit=300%2C225\" data-large-file=\"https:\/\/i0.wp.com\/www.timehealsnothing.de\/blog\/wp-content\/uploads\/20130519_142003.jpg?fit=640%2C480\" loading=\"lazy\" class=\"alignright size-medium wp-image-597\" alt=\"20130519_142003\" src=\"https:\/\/i0.wp.com\/www.timehealsnothing.de\/blog\/wp-content\/uploads\/20130519_142003.jpg?resize=300%2C225\" width=\"300\" height=\"225\" srcset=\"https:\/\/i0.wp.com\/www.timehealsnothing.de\/blog\/wp-content\/uploads\/20130519_142003.jpg?resize=300%2C225 300w, https:\/\/i0.wp.com\/www.timehealsnothing.de\/blog\/wp-content\/uploads\/20130519_142003.jpg?resize=150%2C112 150w, https:\/\/i0.wp.com\/www.timehealsnothing.de\/blog\/wp-content\/uploads\/20130519_142003.jpg?resize=1024%2C768 1024w, https:\/\/i0.wp.com\/www.timehealsnothing.de\/blog\/wp-content\/uploads\/20130519_142003.jpg?w=1280 1280w, https:\/\/i0.wp.com\/www.timehealsnothing.de\/blog\/wp-content\/uploads\/20130519_142003.jpg?w=1920 1920w\" sizes=\"(max-width: 300px) 100vw, 300px\" data-recalc-dims=\"1\" \/><\/a> Es gibt keine Strasse die dort mehr als 50 m geradeaus geht. Die Ausnahme war die eine Strasse, die das warum auch immer mal gemacht hat, aber auch nur 1 mal. Dieser Teil von Korsika, diese Gegend ist unglaublich. Es geht nur am Meer entlang. Die korsischen Strassenbauer haben ihre Strassen stark der Natur angepasst und sind dann akkurat den K\u00fcstenlinien gefolgt. Man k\u00f6nnte sich Zeit lassen, die Landschaft bewundern, es geht hoch und runter, man tanzt den Kurvenpogo in bester Fred Astaire und Gene Kelly Manier ( wir stellen uns jetzt einfach mal vor das die beiden auch zu Punkrock getanzt h\u00e4tten). Man k\u00f6nnte, wenn man nicht damit besch\u00e4ftigt w\u00e4re dem 40 cm hohen Alibim\u00e4uerchen fern zu bleiben, was einen von dem nicht wirklich schlecht aussenden Meer 50 m weiter rechts unten abhalten soll&#8230; Was kann ich denn daf\u00fcr das der 3te Gang doch deutlich \u00fcber 50 km\/h geht?<\/p>\n<p>            \n\t\t<div class=\"ngg-gallery-singlepic-image ngg-left\" style=\"max-width: 320px\">\n\t\t\t    \t<a href=\"http:\/\/www.timehealsnothing.de\/blog\/wp-content\/gallery\/motorradtour\/hdr_00063_0.jpg\"\n\t\t     title=\"Korsika, Cap Corse, Bucht mit ohne Menschen\"\n             data-src=\"http:\/\/www.timehealsnothing.de\/blog\/wp-content\/gallery\/motorradtour\/hdr_00063_0.jpg\"\n             data-thumbnail=\"http:\/\/www.timehealsnothing.de\/blog\/wp-content\/gallery\/motorradtour\/thumbs\/thumbs_hdr_00063_0.jpg\"\n             data-image-id=\"227\"\n             data-title=\"Korsika, Cap Corse, Bucht mit ohne Menschen\"\n             data-description=\"Korsika, Cap Corse, Bucht mit ohne Menschen\"\n             target='_self'\n             class=\"ngg-fancybox\" rel=\"84f346feb4992672290dcb1f5170e1d0\">\n            <img class=\"ngg-singlepic\"\n             src=\"http:\/\/www.timehealsnothing.de\/blog\/wp-content\/gallery\/motorradtour\/cache\/hdr_00063_0.jpg-nggid03227-ngg0dyn-320x240x100-00f0w010c010r110f110r010t010.jpg\"\n             alt=\"Korsika, Cap Corse, Bucht mit ohne Menschen\"\n             title=\"Korsika, Cap Corse, Bucht mit ohne Menschen\"\n              width=\"320\"               \/>\n    \t<\/a>\n\t\t      <\/div>\n        Abgesehen von der Steilk\u00fcste gibt es ein paar wirklich abgefahrene Str\u00e4nde und einige einsame und menschenleere Buchten zu sehen. Alles ist gr\u00fcn an den H\u00e4ngen, der Himmel tiefblau, das Wasser t\u00fcrkis, der Strand tiefschwarz. Und das ohne Vulkan aber daf\u00fcr mit der Aussage der Dorfjugend von wegen Asbestfabrik um die Ecke und so. OK, also der Strand ist sch\u00f6n, komplett hart und willenlos und sowas von ungesund das es nur die Trottel von Touries schaffen sich dort hinzulegen.<\/p>\n            \n\t\t<div class=\"ngg-gallery-singlepic-image ngg-right\" style=\"max-width: 180px\">\n\t\t\t    \t<a href=\"http:\/\/www.timehealsnothing.de\/blog\/wp-content\/gallery\/motorradtour\/20130519_120739.jpg\"\n\t\t     title=\"Korsika, Cap Corse, wundersch\u00f6ner Asbeststrand\"\n             data-src=\"http:\/\/www.timehealsnothing.de\/blog\/wp-content\/gallery\/motorradtour\/20130519_120739.jpg\"\n             data-thumbnail=\"http:\/\/www.timehealsnothing.de\/blog\/wp-content\/gallery\/motorradtour\/thumbs\/thumbs_20130519_120739.jpg\"\n             data-image-id=\"222\"\n             data-title=\"Korsika, Cap Corse, wundersch\u00f6ner Asbeststrand\"\n             data-description=\"Korsika, Cap Corse, wundersch\u00f6ner Asbeststrand\"\n             target='_self'\n             class=\"ngg-fancybox\" rel=\"9de1e3a244ed918af73028c0a1129b5d\">\n            <img class=\"ngg-singlepic\"\n             src=\"http:\/\/www.timehealsnothing.de\/blog\/wp-content\/gallery\/motorradtour\/cache\/20130519_120739.jpg-nggid03222-ngg0dyn-320x240x100-00f0w010c010r110f110r010t010.jpg\"\n             alt=\"Korsika, Cap Corse, wundersch\u00f6ner Asbeststrand\"\n             title=\"Korsika, Cap Corse, wundersch\u00f6ner Asbeststrand\"\n              width=\"180\"               \/>\n    \t<\/a>\n\t\t      <\/div>\n        \n<p>Danach geht es wieder durch ganz kleine K\u00e4ffer, Entschuldigung durch idyllische D\u00f6rfer und dann hart durch die Felsenw\u00fcste Richtung Landesinnere. Also hier hat man das Cap Corse eigentlich schon umrundet, was man durchaus in ein paar Stunden ohne gross zu Hetzen geschafft haben kann. Jede Strasse passt, jeder Streckenabschnitt ist sch\u00f6n, jeder Teil ist nat\u00fcrlich, dynamisch, schwungvoll zu fahren. Danach kann man noch gleich in Richtung l&#8217;Ile Russ durch die Dessert des Aggeates. Nach soviel Meer ist das Landesinnere auch mal ganz nett. Es zeigt sich menschenleer,\u00a0 ist nicht so gebirgig, die Felsen eher rund und hell, teils Stein und teils Macchia, dieses Gr\u00fcnkraut Zeug halt. Wirklich ganz nett, aber auch das eher Rennstrecke als Sightseeing, muss man sich \u00fcberlegen was man will. Also freies Rennen. L&#8217;Il Russe kann man mal hinfahren, mal en K\u00e4ffchen trinken, kann sich den Turm am Ende der Stadt ankucken der draussen am Meer rumsteht. Da weht dann auch ganz sch\u00f6n der Wind, ist aber jetzt nicht so prickelnd. Zur\u00fcck die Strasse \u00fcber Bellevedere oder Colombano, auch hier wieder ein paar Cols dabei. Aber auch das ist nicht so wichtig da diese P\u00e4sse nicht wirklich so hoch gelegen sind. Die Strecke zur\u00fcck ist gut, die sollte man im Repertoire haben. Es l\u00e4sst sich erstaunlich fl\u00fcssig fahren, recht flott und sehr angenehm, was einen auch einen guten Schnitt machen l\u00e4sst. Nicht das Ihr denkt ich w\u00e4re zu schnell gefahren&#8230; Niemals nicht w\u00fcrde ich das je tun, liebe Freunde der Obrigkeitsh\u00f6rigkeit.<\/p>\n            \n\t\t<div class=\"ngg-gallery-singlepic-image ngg-left\" style=\"max-width: 320px\">\n\t\t\t    \t<a href=\"http:\/\/www.timehealsnothing.de\/blog\/wp-content\/gallery\/motorradtour\/20130519_140740.jpg\"\n\t\t     title=\"Korsische Friedh\u00f6fe mit Meerblick und bester Lage\"\n             data-src=\"http:\/\/www.timehealsnothing.de\/blog\/wp-content\/gallery\/motorradtour\/20130519_140740.jpg\"\n             data-thumbnail=\"http:\/\/www.timehealsnothing.de\/blog\/wp-content\/gallery\/motorradtour\/thumbs\/thumbs_20130519_140740.jpg\"\n             data-image-id=\"228\"\n             data-title=\"Korsische Friedh\u00f6fe mit Meerblick und bester Lage\"\n             data-description=\"Korsische Friedh\u00f6fe mit Meerblick und bester Lage\"\n             target='_self'\n             class=\"ngg-fancybox\" rel=\"21e1c05cea6ee502570d7f2cbad063bc\">\n            <img class=\"ngg-singlepic\"\n             src=\"http:\/\/www.timehealsnothing.de\/blog\/wp-content\/gallery\/motorradtour\/cache\/20130519_140740.jpg-nggid03228-ngg0dyn-320x240x100-00f0w010c010r110f110r010t010.jpg\"\n             alt=\"Korsische Friedh\u00f6fe mit Meerblick und bester Lage\"\n             title=\"Korsische Friedh\u00f6fe mit Meerblick und bester Lage\"\n              width=\"320\"               \/>\n    \t<\/a>\n\t\t      <\/div>\n        \n<p>Zur\u00fcck auf der N193 und der Hintern freut sich auch schon bekannte und wirklich gut ausgebaute Strassen zu sehen. Inzwischen wei\u00df man auch wo man etwas mehr Gas geben kann und auch diese Strecke zeigt leichte Zeichen daf\u00fcr, das Bernie Ecclestone da eine andere Verwendung sehen w\u00fcrde.. Und nat\u00fcrlich auch das Teilst\u00fcck\u00a0 &#8222;Zeitfahren&#8220;, die 6 Km Corte nach Casanova wo meine Garage ist, w\u00fcrde ich schon als Heimstrecke bezeichnen und es kommt zu etwas mehr Aussch\u00fcttung an Adrenalin. Das ist Rally Corse f\u00fcr Privatfahrer, mittendrin statt nur dabei, da kann man schon mal drauftreten. Prost!<\/p>\n<p>&nbsp;<\/p>\n<p><a title=\"Tag 6 Steilk\u00fcste Calvi\" href=\"http:\/\/www.timehealsnothing.de\/blog\/?page_id=421\">weiter zu Tag 6<\/a><\/p>\n<div class=\"sharedaddy sd-sharing-enabled\"><div class=\"robots-nocontent sd-block sd-social sd-social-icon-text sd-sharing\"><h3 class=\"sd-title\">Teilen mit:<\/h3><div class=\"sd-content\"><ul><li class=\"share-facebook\"><a rel=\"nofollow noopener noreferrer\" data-shared=\"sharing-facebook-418\" class=\"share-facebook sd-button share-icon\" href=\"http:\/\/www.timehealsnothing.de\/blog\/korsika-2013\/tag-5-cap-corse\/?share=facebook\" target=\"_blank\" title=\"Klick, um auf Facebook zu teilen\"><span>Facebook<\/span><\/a><\/li><li class=\"share-twitter\"><a rel=\"nofollow noopener noreferrer\" data-shared=\"sharing-twitter-418\" class=\"share-twitter sd-button share-icon\" href=\"http:\/\/www.timehealsnothing.de\/blog\/korsika-2013\/tag-5-cap-corse\/?share=twitter\" target=\"_blank\" title=\"Klick, um \u00fcber Twitter zu teilen\"><span>Twitter<\/span><\/a><\/li><li><a href=\"#\" class=\"sharing-anchor sd-button share-more\"><span>Mehr<\/span><\/a><\/li><li class=\"share-end\"><\/li><\/ul><div class=\"sharing-hidden\"><div class=\"inner\" style=\"display: none;\"><ul><li class=\"share-print\"><a rel=\"nofollow noopener noreferrer\" data-shared=\"\" class=\"share-print sd-button share-icon\" href=\"http:\/\/www.timehealsnothing.de\/blog\/korsika-2013\/tag-5-cap-corse\/\" target=\"_blank\" title=\"Klicken zum Ausdrucken\"><span>Drucken<\/span><\/a><\/li><li class=\"share-pinterest\"><a rel=\"nofollow noopener noreferrer\" data-shared=\"sharing-pinterest-418\" class=\"share-pinterest sd-button share-icon\" href=\"http:\/\/www.timehealsnothing.de\/blog\/korsika-2013\/tag-5-cap-corse\/?share=pinterest\" target=\"_blank\" title=\"Klick, um auf Pinterest zu teilen\"><span>Pinterest<\/span><\/a><\/li><li class=\"share-end\"><\/li><li class=\"share-end\"><\/li><\/ul><\/div><\/div><\/div><\/div><\/div>","protected":false},"excerpt":{"rendered":"<p>19.05.2013 Stage 4 Cape Corse N\u00f6rdlichste Spitze Korsika, Stop in Barcaggio 303 km, 5 Stunden 39 Minuten (in Echt: reine Fahrzeit 7h) Immer sch\u00f6n gegen den Uhrzeigersinn, man will ja schon aussen am Abgrund Richtung Meer lang fahren. Wo bleibt &hellip; <a href=\"http:\/\/www.timehealsnothing.de\/blog\/korsika-2013\/tag-5-cap-corse\/\">Weiterlesen <span class=\"meta-nav\">&rarr;<\/span><\/a><\/p>\n<div class=\"sharedaddy sd-sharing-enabled\"><div class=\"robots-nocontent sd-block sd-social sd-social-icon-text sd-sharing\"><h3 class=\"sd-title\">Teilen mit:<\/h3><div class=\"sd-content\"><ul><li class=\"share-facebook\"><a rel=\"nofollow noopener noreferrer\" data-shared=\"sharing-facebook-418\" class=\"share-facebook sd-button share-icon\" href=\"http:\/\/www.timehealsnothing.de\/blog\/korsika-2013\/tag-5-cap-corse\/?share=facebook\" target=\"_blank\" title=\"Klick, um auf Facebook zu teilen\"><span>Facebook<\/span><\/a><\/li><li class=\"share-twitter\"><a rel=\"nofollow noopener noreferrer\" data-shared=\"sharing-twitter-418\" class=\"share-twitter sd-button share-icon\" href=\"http:\/\/www.timehealsnothing.de\/blog\/korsika-2013\/tag-5-cap-corse\/?share=twitter\" target=\"_blank\" title=\"Klick, um \u00fcber Twitter zu teilen\"><span>Twitter<\/span><\/a><\/li><li><a href=\"#\" class=\"sharing-anchor sd-button share-more\"><span>Mehr<\/span><\/a><\/li><li class=\"share-end\"><\/li><\/ul><div class=\"sharing-hidden\"><div class=\"inner\" style=\"display: none;\"><ul><li class=\"share-print\"><a rel=\"nofollow noopener noreferrer\" data-shared=\"\" class=\"share-print sd-button share-icon\" href=\"http:\/\/www.timehealsnothing.de\/blog\/korsika-2013\/tag-5-cap-corse\/\" target=\"_blank\" title=\"Klicken zum Ausdrucken\"><span>Drucken<\/span><\/a><\/li><li class=\"share-pinterest\"><a rel=\"nofollow noopener noreferrer\" data-shared=\"sharing-pinterest-418\" class=\"share-pinterest sd-button share-icon\" href=\"http:\/\/www.timehealsnothing.de\/blog\/korsika-2013\/tag-5-cap-corse\/?share=pinterest\" target=\"_blank\" title=\"Klick, um auf Pinterest zu teilen\"><span>Pinterest<\/span><\/a><\/li><li class=\"share-end\"><\/li><li class=\"share-end\"><\/li><\/ul><\/div><\/div><\/div><\/div><\/div>","protected":false},"author":1,"featured_media":474,"parent":225,"menu_order":5,"comment_status":"open","ping_status":"closed","template":"onecolumn-page.php","meta":{"ngg_post_thumbnail":0,"spay_email":""},"jetpack_shortlink":"https:\/\/wp.me\/P1CXhb-6K","jetpack_sharing_enabled":true,"jetpack_likes_enabled":true,"_links":{"self":[{"href":"http:\/\/www.timehealsnothing.de\/blog\/wp-json\/wp\/v2\/pages\/418"}],"collection":[{"href":"http:\/\/www.timehealsnothing.de\/blog\/wp-json\/wp\/v2\/pages"}],"about":[{"href":"http:\/\/www.timehealsnothing.de\/blog\/wp-json\/wp\/v2\/types\/page"}],"author":[{"embeddable":true,"href":"http:\/\/www.timehealsnothing.de\/blog\/wp-json\/wp\/v2\/users\/1"}],"replies":[{"embeddable":true,"href":"http:\/\/www.timehealsnothing.de\/blog\/wp-json\/wp\/v2\/comments?post=418"}],"version-history":[{"count":25,"href":"http:\/\/www.timehealsnothing.de\/blog\/wp-json\/wp\/v2\/pages\/418\/revisions"}],"predecessor-version":[{"id":598,"href":"http:\/\/www.timehealsnothing.de\/blog\/wp-json\/wp\/v2\/pages\/418\/revisions\/598"}],"up":[{"embeddable":true,"href":"http:\/\/www.timehealsnothing.de\/blog\/wp-json\/wp\/v2\/pages\/225"}],"wp:featuredmedia":[{"embeddable":true,"href":"http:\/\/www.timehealsnothing.de\/blog\/wp-json\/wp\/v2\/media\/474"}],"wp:attachment":[{"href":"http:\/\/www.timehealsnothing.de\/blog\/wp-json\/wp\/v2\/media?parent=418"}],"curies":[{"name":"wp","href":"https:\/\/api.w.org\/{rel}","templated":true}]}}