{"id":4,"date":"2006-07-11T21:30:37","date_gmt":"2006-07-11T19:30:37","guid":{"rendered":"http:\/\/timehealsnothing.de\/blog\/?page_id=4"},"modified":"2006-07-25T02:58:28","modified_gmt":"2006-07-25T00:58:28","slug":"seite-2","status":"publish","type":"page","link":"http:\/\/www.timehealsnothing.de\/blog\/seite-2\/","title":{"rendered":"Anarchy Online &#8211; Die Chars"},"content":{"rendered":"<p><strong>Einleitung<\/strong><\/p>\n<p>Dieser Text wurde \u00fcbersetzt. Auf Englisch ist er eventuell lustiger da einige Wortspiele im Deutschen nicht funktioniern. <\/p>\n<p>Angry-man sagt: Disclaimer: Nichts sollte zu Ernst genommen werden. Keine Tiere wurden bei der Erstellung dieser Geschichte verletzt, au\u00dfer vielleicht die dummen Adventurers. <\/p>\n<p><strong>Adventurers<\/strong><\/p>\n<p>Advs rennen durch die Gegend und denken das sie &#8222;leet&#8220; sind w\u00e4hrend sie im Wolf-Morph sind und auch wenn sie grade im Leet-Morph sind&#8230; die sind einfach bl\u00f6d. Sie k\u00f6nnen heilen, Pistolen und Melee Waffen benutzen, aber holt euch blo\u00df nie einen dieser Idioten in euer Team. Denn wenn du ihren Heal brauchst sagen sie, sie sind keine Docs und wenn du ihren Damage brauchst, heilen sie nur die Falschen. Sie k\u00f6nnen sich auch in ein Baum verwandeln, was ihre F\u00e4higkeit &#8222;kein Doc zu sein&#8220; sogar noch erh\u00f6ht. <\/p>\n<p><strong>Agent<\/strong><\/p>\n<p>Agenten sind ein Haufen von sich versteckenden Bastarden, die nach einzigartigen F\u00e4higkeiten schreien, aber schon alle F\u00e4higkeiten besitzen. Sie verstecken sich hinter Steinen, B\u00e4umen und Enfos w\u00e4hrend sie auf den perfekten Moment warten, aus dem Sneak zu kommen, dabei &#8222;peekaboo&#8220; oder was auch immer zu schreien, ihren Aimed-Shot dr\u00fccken und sich gleich wieder zu verstecken, w\u00e4hrendessen hoffen sie PVP-Punkte zu leechen, die ihnen gar nicht zustehen. In Teams haben Agenten die F\u00e4higkeit verdammt viel Damage zu machen und Aggro zu bekommen, w\u00e4hrend sie nonstop Aimed shoten. So kriegen sie es hin, dass jeder im Team Aggro bekommt der kein Aggro haben will, den Agenten inklusive. Gleichzeitig heulen sie rum das sie zuwenig Damage machen. <\/p>\n<p><strong>Bureaucrat<\/strong><\/p>\n<p>Der Crat hat ein h\u00e4sslichen Bot und in h\u00f6heren Leveln sogar einen noch h\u00e4sslicheren. Zus\u00e4tzlich kann der Crat auch noch Mobs charmen. Ich hab kein Plan wie die Crats das hinbekommen, weil sie nicht mal charm\u00f6s aussehen. Au\u00dferdem haben sie die bewunderswerte F\u00e4higkeit in dein Team zukommen und dann f\u00fcr zwei Stunden zu verschwinden, um den richtigen Mob f\u00fcr den Charm zu finden. Nachdem sie dann ein Mob gefunden haben, geht der Charm genau dann aus wenn man schon 2 Adds hat, was dann dazuf\u00fchrt das man nicht nur ein toten Crat hat sondern auch einen dritten Add. Sehr hilfreich! <\/p>\n<p><strong>Doctor<\/strong><\/p>\n<p>Docs k\u00f6nn in der 75% Zone stehen und im Handumdrehen PvP runieren. Wenn sie keinen Bock mehr auf PvP&#8217;ler nerven haben, dann suchen sie sich ein Team wo sie die Aufgabe haben die Member am Leben zuhalten. Aber anstatt das zu machen, sagen sie Sachen wie &#8222;Du warst out of range, not within line of sight, Ich wurde NSD&#8217;d, Ich hab mich selber geheilt da ihr ohne mich sterbt&#8220; oder der Topfavorit &#8222;Ich hab mich selber UBT&#8217;d&#8220; <\/p>\n<p><strong>Enforcer<\/strong><\/p>\n<p>Enforcer sind dazu gedacht Gegner zu tanken. Sie lassen das aber lieber Soldier machen, w\u00e4hrend sie rumstehen und HP-Leisten miteinander vergleichen. Sie haben die Library of foul language, weil sie so doof sind das sie nicht mal die einfachstet Schimpfw\u00f6rter behalten k\u00f6nnen. Jetzt wei\u00dft du das ein Enfo der seinen Job nicht macht, zuviel Zeit beim Lesen in der Library verbringt und zuwenig Zeit beim Damage machen. <\/p>\n<p><strong>Engineer<\/strong><\/p>\n<p>Die Typen machen mich krank! Sie bauen sich selber ein Freund den sie &#8222;Slayer&#8220; nennen, weil sie sonst keine Freunde finden w\u00fcrden. Jetzt k\u00f6nnen sie sich auch noch Hunde bauen. Alles was sie noch lernen m\u00fcssen ist sich selbst eine Freundin zu bauen, dann k\u00f6nnten sie &#8222;Familie&#8220; spielen. Sie sind so fettig mit all dem \u00d6l an ihren H\u00e4nden. Nachdem sie mir eine Waffe gebaut haben, muss ich festellen, dass ich sie nicht tragen kann, weil das \u00d6l sie mir aus den H\u00e4nden rutschen l\u00e4sst. <\/p>\n<p><strong>Fixer<\/strong><\/p>\n<p>Diese Typen sind gleich nach den Agenten die nervigsten. Sie haben nur zwei F\u00e4higkeiten die nennenswert sind. Rumlaufen und dabei Lag herstellen, und &#8222;Gridden&#8220;. Gridden bedeutet ins Grid zu springen. &#8222;Hey, kannst du kurz stehen bleiben?&#8220; *Grid* &#8222;Du stirbst gleich!&#8220; *Grid* &#8222;Noch 2k bis lvl 220!&#8220; *team grid*. Fixer im Team bedeudet Verschwendung von wertvollen Teampl\u00e4tzen. Ach ja, blau werden k\u00f6nnen sie auch, wenn sie ihren Atem f\u00fcr 5 minuten anhalten, um Leute so zu erschrecken, das sie die Fixer in ihr Team lassen. <\/p>\n<p><strong>Keeper<\/strong><\/p>\n<p>Das sind die Idioten, die von der Enforcer-Schule geflogen sind. Und wenn du an die Enfos denkst, sollte dir klar werden wie dumm die Keeper sein m\u00fcssen. Ich hab keinen Plan was sie &#8222;keepen&#8220; sollen wenn sie schon zu bl\u00f6d sind ihre Hosen anzubehalten. Ein wichtiger Hinweis das die Keeper Profession f\u00fcr wirklich dumme Leute gemacht ist, die sogar durch die Enfoschule fallen, ist das die Keeper nicht mal einen gro\u00dfen roten &#8222;Heal&#8220;-Knopf wie die Docs dr\u00fccken m\u00fcssen, nein das geht automatisch. Jeder mit ein bisschen Selbstachtung w\u00fcrde so eine Prof nicht spielen. <\/p>\n<p><strong>Martial Artist<\/strong><\/p>\n<p>Die Typen sind so bl\u00f6d, dass sie in 30.000++ Jahren immer noch nicht verstanden haben wie man eine Waffe benutzt. Sie laufen rum und Ohrfeigen Leute. Wenn man noch Haareziehnen hinzuf\u00fcgen w\u00fcrde h\u00e4tte man Schulm\u00e4dchen. Wenn sie im Team Aggro bekomm schreien sie &#8222;hilfeeeeeeee&#8220; und wenn der Mob dann tot ist sagen sie &#8222;Der Enfo soll tanken&#8220;, wir wissen aber das der Enfo zu besch\u00e4ftigt mit seiner HP-Leiste ist und das deshalb der Soldier tanken sollte, der jedoch zu gimpig ist um Aggro zu ziehen, das der MA hat und mit seine F\u00c4USTEN h\u00e4lt. Wenn nichts mehr da ist was man schlagen k\u00f6nnte geht der MA in ein Backyard um zu meditieren, denn das ist alles was er kann. <\/p>\n<p><strong>Meta-Physicist<\/strong><\/p>\n<p>Haufen von Psychopaten die so w\u00fctend werden k\u00f6nnen, das eine zweite, dritte und sogar eine VIERTE Pers\u00f6hnlichkeit ensteht. Der MP l\u00e4uft durch die Gegend, w\u00e4hrend er mit sich selber redet, oder sollte ich sagen mit sich und Ihnen. Der MP kann seine &#8222;Pets&#8220; in den Kampf schicken, was den Vorteil hat das sie viele Adds mitbringen. Es ist also kein Wunder das das beste Pet vom MP das Mezz-Pet ist. Der MP ist sogar so verwirt und w\u00fctend das er ein &#8222;Healpet&#8220; beschw\u00f6ren kann, das dann sagt &#8222;Ich fang NIEMALS an das Ziel f\u00fcr dich zu heilen, Arschloch&#8220; <\/p>\n<p><strong>Nano Technician<\/strong><\/p>\n<p>Der NT hat 3 F\u00e4higkeiten. Den Einzelnuke, der den Mob den NT killen l\u00e4sst. Den Areanuke der dazu entwickelt wurde um irgendwelche Leute zu trainen und noch mehr Mobs den NT killen zu lassen. Als dritte F\u00e4higkeit des NTs sollte noch eine Sph\u00e4re genannt werden, die das Ableben des NTs um ein paar Sekunden hinausz\u00f6gert. Ein NT in AO ist das gleiche wie ein Clown im Circus. Unterhaltung pur. Oh, und dankt Gott f\u00fcr Helme, denn die Gesichter von NTs sind so h\u00e4sslich das ihr nicht mal auf eueren Monitor gucken w\u00fcrdet wenn sie vorbei laufen. Vielleicht ist das ihre beste Verteidigung \u00fcberhaupt. <\/p>\n<p><strong>Shade<\/strong><\/p>\n<p>Sind die Nahkampfversion von Agenten. Also sich versteckende Nahkampfschweine. Sie laufen rum wie H\u00fchner &#8222;oooh guck mich an, ich mach ganz viel Damage&#8220; und dann bekommen sie Aggro vom Mob und gehen Hopps. Nur Shades sind dumm genung sich aufs Verstecken zu verlassen und dabei Waffen zu benutzen die im Dunklen leuchten. &#8222;Hehe, jetzt k\u00f6nn sie mich nicht sehen, und wenn die Zeit reif ist werde ich PvP-Punkte leechen die mir nicht zustehen&#8220; und dabei wird er von jemandem erschossen, der seine Lichtschwert-wannabe-Star-Wars-Obi-Wan-Ke-n00bi Dildos sehen konnte. <\/p>\n<p><strong>Soldier<\/strong><\/p>\n<p>Klasse Idee, einem Idioten eine BFG3000 in die Hand zu dr\u00fccken und den &#8222;Ich bin so bl\u00f6d das ich ein 75% Damage-Reflect brauche um mit anderen konkurieren zu k\u00f6nnen&#8220; Modus zu aktiveren. Wenn man das macht, hat man einen Soldier. Geb ihn noch Full Auto, Burst, Fling Shot, Aimed Shot, hohes Min- und Max-Dmg und sie meckern torzdem noch: &#8222;Wir brauchen mehr Specials in AO die Soldier only sind und ich muss 2 Waffen tragen, w\u00e4hrend ich eine dritte zwischen mein Beinen hab, denn das f\u00fchlt sich nicht nur gut an, sondern ich muss auch mehr Damage machen. <\/p>\n<p><strong>Trader<\/strong><\/p>\n<p>Trader haben die M\u00f6glichkeit beinahe alles zu machen. Sie sind so d\u00e4mlich das sie nichts richtig k\u00f6nnen und deshalb einen Gimp brauchen der ihnen die Handh\u00e4lt w\u00e4hrend sie mit Lvl 200 \u00fcber die n00b-Insel laufen. Trader m\u00fcssen ein NR-Debuff casten, dann den anderen NR-Debuff, dann denn einen Drain und den anderen Drain, dann den AC-Debuff, nur um herauszufinden das der Mob schon tot ist, was nicht am Trader lag. Au\u00dferdem k\u00f6nnen sie jeden Schei\u00df im Tradershop verkaufen, ich w\u00fcnschte sie W\u00fcrden ihr Equipment verkaufen und eine &#8222;richtige&#8220; Prof anfangen wie&#8230; \u00c4h&#8230; ein GM. <\/p>\n<p><strong>ARK<\/strong><\/p>\n<p>Die Konkurenz war ziemlich hart, aber der Vollidiot-des-Jahres-Award geht an die ARK. ARK steht f\u00fcr All Retarded Kids (Alle zur\u00fcckgebliebenen B\u00e4lger) und wenn ihr jemals so einem Idioten gegen\u00fcbersteht, vergesst nicht sie noch zu schlagen bevor sie die Chance bekommen &#8222;sich in einem Nebel aus Notum aufzul\u00f6sen&#8220; oder was auch immer sie denken. Wenn du denkst das die d\u00fcmmste Antwort auf die Frage &#8222;Warum gibt mir der BLAUE Questmob, El-Harry-Kurder nicht mein Quest-Item?&#8220; &#8222;Ich wei\u00df es nicht&#8220; ist, liegst du falsch. Diese Jungs bringen das ganze auf ein neues Level. Sie sagen sachen wie &#8222;Der gr\u00fcne?&#8220;. Und wenn du denkst das ist nervig, dann geh mal auf eine ARK Tour in West Athen und wenn es dir zu langweilig wird und du dich enschlie\u00dft in die Subway zu gehen um zu Leveln&#8230; *grid*&#8230; du wirst zur\u00fcck zum ARK gebeamt der dann sagt &#8222;Sieht so aus als h\u00e4ttest du uns verloren. Lass mich wissen wenn du uns verloren hast, dann beam ich dich zur\u00fcck&#8220;. Nur wegen solchen Situationen haben ARK spezielle Eigenschaften, so dass man sie nicht UMBRINGEN kann. Du kannst auch nur ins ARK-Programm aufgenommen werden, wenn du ihnen zeigst das du dich wie ein Vollidiot benehmen kannst und X Erfahrung hast wie man eine der Idiotischen Professions spielt. Diese Jungs sind PROFESSIONELLE Vollidioten. <\/p>\n<p>Quelle<br \/>\nGeschrieben von Wrangeline im englischen AO Forum <\/p>\n<p>\u00dcbersetzt von &#8211;Marsmensch 00:56, 16. Jan 2006 (CET)<\/p>\n<div class=\"sharedaddy sd-sharing-enabled\"><div class=\"robots-nocontent sd-block sd-social sd-social-icon-text sd-sharing\"><h3 class=\"sd-title\">Teilen mit:<\/h3><div class=\"sd-content\"><ul><li class=\"share-facebook\"><a rel=\"nofollow noopener noreferrer\" data-shared=\"sharing-facebook-4\" class=\"share-facebook sd-button share-icon\" href=\"http:\/\/www.timehealsnothing.de\/blog\/seite-2\/?share=facebook\" target=\"_blank\" title=\"Klick, um auf Facebook zu teilen\"><span>Facebook<\/span><\/a><\/li><li class=\"share-twitter\"><a rel=\"nofollow noopener noreferrer\" data-shared=\"sharing-twitter-4\" class=\"share-twitter sd-button share-icon\" href=\"http:\/\/www.timehealsnothing.de\/blog\/seite-2\/?share=twitter\" target=\"_blank\" title=\"Klick, um \u00fcber Twitter zu teilen\"><span>Twitter<\/span><\/a><\/li><li><a href=\"#\" class=\"sharing-anchor sd-button share-more\"><span>Mehr<\/span><\/a><\/li><li class=\"share-end\"><\/li><\/ul><div class=\"sharing-hidden\"><div class=\"inner\" style=\"display: none;\"><ul><li class=\"share-print\"><a rel=\"nofollow noopener noreferrer\" data-shared=\"\" class=\"share-print sd-button share-icon\" href=\"http:\/\/www.timehealsnothing.de\/blog\/seite-2\/\" target=\"_blank\" title=\"Klicken zum Ausdrucken\"><span>Drucken<\/span><\/a><\/li><li class=\"share-pinterest\"><a rel=\"nofollow noopener noreferrer\" data-shared=\"sharing-pinterest-4\" class=\"share-pinterest sd-button share-icon\" href=\"http:\/\/www.timehealsnothing.de\/blog\/seite-2\/?share=pinterest\" target=\"_blank\" title=\"Klick, um auf Pinterest zu teilen\"><span>Pinterest<\/span><\/a><\/li><li class=\"share-end\"><\/li><li class=\"share-end\"><\/li><\/ul><\/div><\/div><\/div><\/div><\/div>","protected":false},"excerpt":{"rendered":"<p>Einleitung Dieser Text wurde \u00fcbersetzt. Auf Englisch ist er eventuell lustiger da einige Wortspiele im Deutschen nicht funktioniern. Angry-man sagt: Disclaimer: Nichts sollte zu Ernst genommen werden. Keine Tiere wurden bei der Erstellung dieser Geschichte verletzt, au\u00dfer vielleicht die dummen &hellip; <a href=\"http:\/\/www.timehealsnothing.de\/blog\/seite-2\/\">Weiterlesen <span class=\"meta-nav\">&rarr;<\/span><\/a><\/p>\n<div class=\"sharedaddy sd-sharing-enabled\"><div class=\"robots-nocontent sd-block sd-social sd-social-icon-text sd-sharing\"><h3 class=\"sd-title\">Teilen mit:<\/h3><div class=\"sd-content\"><ul><li class=\"share-facebook\"><a rel=\"nofollow noopener noreferrer\" data-shared=\"sharing-facebook-4\" class=\"share-facebook sd-button share-icon\" href=\"http:\/\/www.timehealsnothing.de\/blog\/seite-2\/?share=facebook\" target=\"_blank\" title=\"Klick, um auf Facebook zu teilen\"><span>Facebook<\/span><\/a><\/li><li class=\"share-twitter\"><a rel=\"nofollow noopener noreferrer\" data-shared=\"sharing-twitter-4\" class=\"share-twitter sd-button share-icon\" href=\"http:\/\/www.timehealsnothing.de\/blog\/seite-2\/?share=twitter\" target=\"_blank\" title=\"Klick, um \u00fcber Twitter zu teilen\"><span>Twitter<\/span><\/a><\/li><li><a href=\"#\" class=\"sharing-anchor sd-button share-more\"><span>Mehr<\/span><\/a><\/li><li class=\"share-end\"><\/li><\/ul><div class=\"sharing-hidden\"><div class=\"inner\" style=\"display: none;\"><ul><li class=\"share-print\"><a rel=\"nofollow noopener noreferrer\" data-shared=\"\" class=\"share-print sd-button share-icon\" href=\"http:\/\/www.timehealsnothing.de\/blog\/seite-2\/\" target=\"_blank\" title=\"Klicken zum Ausdrucken\"><span>Drucken<\/span><\/a><\/li><li class=\"share-pinterest\"><a rel=\"nofollow noopener noreferrer\" data-shared=\"sharing-pinterest-4\" class=\"share-pinterest sd-button share-icon\" href=\"http:\/\/www.timehealsnothing.de\/blog\/seite-2\/?share=pinterest\" target=\"_blank\" title=\"Klick, um auf Pinterest zu teilen\"><span>Pinterest<\/span><\/a><\/li><li class=\"share-end\"><\/li><li class=\"share-end\"><\/li><\/ul><\/div><\/div><\/div><\/div><\/div>","protected":false},"author":1,"featured_media":0,"parent":0,"menu_order":0,"comment_status":"open","ping_status":"open","template":"","meta":{"ngg_post_thumbnail":0,"spay_email":""},"jetpack_shortlink":"https:\/\/wp.me\/P1CXhb-4","jetpack_sharing_enabled":true,"jetpack_likes_enabled":true,"_links":{"self":[{"href":"http:\/\/www.timehealsnothing.de\/blog\/wp-json\/wp\/v2\/pages\/4"}],"collection":[{"href":"http:\/\/www.timehealsnothing.de\/blog\/wp-json\/wp\/v2\/pages"}],"about":[{"href":"http:\/\/www.timehealsnothing.de\/blog\/wp-json\/wp\/v2\/types\/page"}],"author":[{"embeddable":true,"href":"http:\/\/www.timehealsnothing.de\/blog\/wp-json\/wp\/v2\/users\/1"}],"replies":[{"embeddable":true,"href":"http:\/\/www.timehealsnothing.de\/blog\/wp-json\/wp\/v2\/comments?post=4"}],"version-history":[{"count":0,"href":"http:\/\/www.timehealsnothing.de\/blog\/wp-json\/wp\/v2\/pages\/4\/revisions"}],"wp:attachment":[{"href":"http:\/\/www.timehealsnothing.de\/blog\/wp-json\/wp\/v2\/media?parent=4"}],"curies":[{"name":"wp","href":"https:\/\/api.w.org\/{rel}","templated":true}]}}