{"id":332,"date":"2013-07-15T11:52:13","date_gmt":"2013-07-15T09:52:13","guid":{"rendered":"http:\/\/www.timehealsnothing.de\/blog\/?page_id=332"},"modified":"2013-07-21T17:30:02","modified_gmt":"2013-07-21T15:30:02","slug":"tag-2-schweiz-italien","status":"publish","type":"page","link":"http:\/\/www.timehealsnothing.de\/blog\/korsika-2013\/tag-2-schweiz-italien\/","title":{"rendered":"Tag 2 Schweiz &#8211; Italien"},"content":{"rendered":"<p>16.05.2013 <strong>Stage 2 &#8211; Route nach Savona Provinz Savona, Italien<\/strong><\/p>\n<p>363 km, 5 Stunden 15 Minuten<\/p>\n<p><iframe src=\"https:\/\/maps.google.de\/maps?saddr=Route+509&amp;daddr=46.3047922,7.9460599+to:Schlosshotel+Art+Furrer,+Spittelweg,+Brig-Glis,+Schweiz+to:45.898025,8.5127731+to:45.861108,8.5675213+to:44.5741181,8.5254679+to:44.3218797,8.4972823+to:Unbekannte+Stra%C3%9Fe&amp;hl=de&amp;ie=UTF8&amp;sll=44.262171,8.447332&amp;sspn=0.012432,0.019248&amp;geocode=FexpwwIdwV12AA%3BFRiOwgIdSz95ACkLik2LWGmPRzFA4KuMHNY1Kw%3BFTaywgId_-15ACGZ9rRH5pnZcCkdbRtNK2mPRzGZ9rRH5pnZcA%3BFSlZvAIdBeWBACkt6armjt-FRzEnBNjCdtnN2w%3BFfTIuwId4bqCACk9v5Ewd3aGRzGYGNFKrjbRfA%3BFaYlqAIdmxaCACk7dzIvqinTEjEL6A7wgQi-Zw%3BFVdMpAIdgqiBAClvmzPWEB7TEjESRHBMYNj7Mg%3BFQRiowIdweKAAA&amp;oq=Brig-Glis,+Schweiz+schloss&amp;t=h&amp;mra=ls&amp;via=1,3,4,5,6&amp;source=embed&amp;ll=46.057985,8.21228&amp;spn=1.334157,2.334595&amp;z=8&amp;output=embed\" height=\"350\" width=\"425\" frameborder=\"0\" marginwidth=\"0\" marginheight=\"0\" scrolling=\"no\"><\/iframe><br \/>\n<small><a style=\"color: #0000ff; text-align: left;\" href=\"https:\/\/maps.google.de\/maps?saddr=Route+509&amp;daddr=46.3047922,7.9460599+to:Schlosshotel+Art+Furrer,+Spittelweg,+Brig-Glis,+Schweiz+to:45.898025,8.5127731+to:45.861108,8.5675213+to:44.5741181,8.5254679+to:44.3218797,8.4972823+to:Unbekannte+Stra%C3%9Fe&amp;hl=de&amp;ie=UTF8&amp;sll=44.262171,8.447332&amp;sspn=0.012432,0.019248&amp;geocode=FexpwwIdwV12AA%3BFRiOwgIdSz95ACkLik2LWGmPRzFA4KuMHNY1Kw%3BFTaywgId_-15ACGZ9rRH5pnZcCkdbRtNK2mPRzGZ9rRH5pnZcA%3BFSlZvAIdBeWBACkt6armjt-FRzEnBNjCdtnN2w%3BFfTIuwId4bqCACk9v5Ewd3aGRzGYGNFKrjbRfA%3BFaYlqAIdmxaCACk7dzIvqinTEjEL6A7wgQi-Zw%3BFVdMpAIdgqiBAClvmzPWEB7TEjESRHBMYNj7Mg%3BFQRiowIdweKAAA&amp;oq=Brig-Glis,+Schweiz+schloss&amp;t=h&amp;mra=ls&amp;via=1,3,4,5,6&amp;source=embed&amp;ll=46.057985,8.21228&amp;spn=1.334157,2.334595&amp;z=8\" target=\"_blank\">Gr\u00f6\u00dfere Kartenansicht<\/a><\/small><\/p>\n<p>2te \u00dcbernachtung<br \/>\nSea Art Hotel<br \/>\nVia Aurelia, 454<br \/>\n17047 Vado Ligure (Sv)<br \/>\nwww.seaarthotel.it<br \/>\n52,- Eu<\/p>\n<p>Hotel ist direkt am Hafen der Corsika Ferries. Abfahrt ist um 08:00 Uhr. Stunde fr\u00fcher am Start sein und so&#8230; Dauer der \u00dcberfahrt 5 Stunden. Kosten mit Jackpotangebot 40,- Eu.<\/p>\n<p>Tag 2.<\/p>\n<p>Es Pisst wie aus grossen Eimern, die Berge komplett wolkenverhangen. Na prima, das ist es doch was man braucht nach dem Fr\u00fchst\u00fcck. Wieder die Regenklamotten anziehen um Motorrad fahren zu gehen&#8230;<\/p>\n<p>Egal, das Moped aus der Garage geschiebt, Gep\u00e4ck wieder aufgesattelt und weg von hier in die Sonne. Was mir noch nicht so recht klar war&#8230; Mitte Mai und es regnet im Tal. Also ist es schon recht klar absehbar, das es dort oben wahrscheinlich schneien wird. Und als h\u00e4tte ich es geahnt. Auf dem Simplon schneit es. Die Schweizer Rennleitung schickt alle wieder zur\u00fcck&#8230; Mit einem freundlichen L\u00e4cheln erkl\u00e4rt der leicht durchn\u00e4sste Rennleiter der \u00f6rtlichen Beh\u00f6rde: &#8222;ein Baustellen Lkw ist wegen dem Schnee h\u00e4ngen geblieben, da geht gar nichts mehr&#8220;. Tolle Show.<\/p>\n<div id=\"attachment_345\" style=\"width: 235px\" class=\"wp-caption alignleft\"><a href=\"https:\/\/i1.wp.com\/www.timehealsnothing.de\/blog\/wp-content\/uploads\/20130516_112846.jpg\"><img aria-describedby=\"caption-attachment-345\" data-attachment-id=\"345\" data-permalink=\"http:\/\/www.timehealsnothing.de\/blog\/korsika-2013\/tag-2-schweiz-italien\/20130516_112846\/\" data-orig-file=\"https:\/\/i0.wp.com\/www.timehealsnothing.de\/blog\/wp-content\/uploads\/20130516_112846-e1379148847153.jpg?fit=800%2C1067\" data-orig-size=\"800,1067\" data-comments-opened=\"1\" data-image-meta=\"{&quot;aperture&quot;:&quot;2.6&quot;,&quot;credit&quot;:&quot;&quot;,&quot;camera&quot;:&quot;GT-I9300&quot;,&quot;caption&quot;:&quot;&quot;,&quot;created_timestamp&quot;:&quot;1368703726&quot;,&quot;copyright&quot;:&quot;&quot;,&quot;focal_length&quot;:&quot;3.7&quot;,&quot;iso&quot;:&quot;80&quot;,&quot;shutter_speed&quot;:&quot;0.0333333333333&quot;,&quot;title&quot;:&quot;&quot;}\" data-image-title=\"Autoverlad Simplon\" data-image-description=\"\" data-medium-file=\"https:\/\/i0.wp.com\/www.timehealsnothing.de\/blog\/wp-content\/uploads\/20130516_112846-e1379148847153.jpg?fit=225%2C300\" data-large-file=\"https:\/\/i0.wp.com\/www.timehealsnothing.de\/blog\/wp-content\/uploads\/20130516_112846-e1379148847153.jpg?fit=640%2C853\" loading=\"lazy\" class=\"size-medium wp-image-345 \" alt=\"Motorradtour, Korsika, Motorradreise, Autoverlad, Schweiz\" src=\"https:\/\/i1.wp.com\/www.timehealsnothing.de\/blog\/wp-content\/uploads\/20130516_112846.jpg?resize=225%2C300\" width=\"225\" height=\"300\" data-recalc-dims=\"1\" \/><\/a><p id=\"caption-attachment-345\" class=\"wp-caption-text\">Autoverlad von Brig unter dem Simplon durch<\/p><\/div>\n<p>Also zur\u00fcck an den Bahnhof und ein Ticket nach Iselle mit der Autoverlad geschossen. F\u00e4hrt aber erst in 1,5h. Das es Pisst wie aus verdammt gro\u00dfen K\u00fcbeln hab ich schon erw\u00e4hnt?<\/p>\n<p>Gesagt tun getan. Wieder ein exklusives Abteil \/ ganzer Wagon f\u00fcr mich alleine, geht doch. Der Zug f\u00e4hrt diesmal etwas l\u00e4nger und hat auch bischen mehr gekostet wie der gestern. Nuja besser als sich, auch wenn der Simplon nach nur 3h wieder offen gewesen w\u00e4re, durch K\u00e4lte, Regen und Schnee zu k\u00e4mpfen. In Italien aus dem Zug geritten und was soll ich sagen&#8230; Es Pisst, und das nicht zu knapp. Der Ritt runter ins Tal wird vermiest durch&#8230; Na was wohl? Stimmt. Es Pisst! Man sieht weder die Berge noch Bergh\u00e4nge noch die Strasse l\u00e4nger als 100 Meter. Die geplante Route gekippt. Und im Navi k\u00fcrzeste Strecke eingegeben. Nat\u00fcrlich Autobahn. Braucht man ja auch ganz dringend als Moped Fahrer. Gesagt tun getan. Von den ganzen T\u00e4lern hab ich genau Null, Nada, Nothing, Zero mitbekommen weil es so dermassen geregnet hat. Nach 2 Stunden Materialtest der Regenkleidung kann ich sagen: die Rotz Gummi-\/ Plastikregenjacke und die tolle Goretex Membran meiner B\u00fcse Textiljacke ist mal sowas von nicht dicht. Ach, und die Handschuhe (Goretexmembranblablabla) und die Stiefel (Goretexscheissdrecknixgeht) ebensowenig. Dreckswetter, mieses. Du f\u00e4ngst an Dich bei jeden Tunnel zu bedanken wenn es mal nicht Pisst. Also, danke ihr italienischen Tunnelbauer.<\/p>\n<p>Nach 3h durch die wundervolle Po Ebene (nichts gesehen davon weil Regen und so) einen kurzen Stop eingelegt und sich aus den Klamotten gesch\u00e4lt, eine gut 90 cm Pf\u00fctze beim Ausziehen und um den Stuhl herum fabriziert. Nen freundlichen Espresso (1 Euro in dem Autobahnbistro) eingebaut, hat aber nichts geholfen, draussen regnet es noch immer in Str\u00f6men. Also die nassen Klamotten wieder \u00fcbergeworfen und zur\u00fcck auf die Autobahn. Wetter wird so langsam besser und in Richtung K\u00fcste etwas h\u00fcgeliger. Tunnel f\u00fcr Tunnel wird auch das Wetter besser. Keine 2h sp\u00e4ter aus dem letzte Tunnel geritten, Meer in Sicht. Und&#8230; Es regnet nicht mehr und sogar die Sonne lacht ein bischen (\u00fcber mich wahrscheinlich). Abgesehen vom Regen sind italienische Autobahnen genauso gut oder besser gesagt genauso schlecht wie Ihre deutschen Verwandten, ausser mann darf nur 130 fahren. Aber was sollst, war eh Regen.<\/p>\n<div id=\"attachment_348\" style=\"width: 235px\" class=\"wp-caption alignleft\"><a href=\"https:\/\/i0.wp.com\/www.timehealsnothing.de\/blog\/wp-content\/uploads\/20130516_205008_1.jpg\"><img aria-describedby=\"caption-attachment-348\" data-attachment-id=\"348\" data-permalink=\"http:\/\/www.timehealsnothing.de\/blog\/korsika-2013\/tag-2-schweiz-italien\/20130516_205008_1\/\" data-orig-file=\"https:\/\/i0.wp.com\/www.timehealsnothing.de\/blog\/wp-content\/uploads\/20130516_205008_1-e1379149014706.jpg?fit=800%2C1067\" data-orig-size=\"800,1067\" data-comments-opened=\"1\" data-image-meta=\"{&quot;aperture&quot;:&quot;2.6&quot;,&quot;credit&quot;:&quot;&quot;,&quot;camera&quot;:&quot;GT-I9300&quot;,&quot;caption&quot;:&quot;&quot;,&quot;created_timestamp&quot;:&quot;1368737408&quot;,&quot;copyright&quot;:&quot;&quot;,&quot;focal_length&quot;:&quot;3.7&quot;,&quot;iso&quot;:&quot;500&quot;,&quot;shutter_speed&quot;:&quot;0.030303030303&quot;,&quot;title&quot;:&quot;&quot;}\" data-image-title=\"Savona Hafen Corsika Ferrie\" data-image-description=\"\" data-medium-file=\"https:\/\/i0.wp.com\/www.timehealsnothing.de\/blog\/wp-content\/uploads\/20130516_205008_1-e1379149014706.jpg?fit=225%2C300\" data-large-file=\"https:\/\/i0.wp.com\/www.timehealsnothing.de\/blog\/wp-content\/uploads\/20130516_205008_1-e1379149014706.jpg?fit=640%2C853\" loading=\"lazy\" class=\"size-medium wp-image-348 \" alt=\"Motorradtour, Korsika, Motorr\" src=\"https:\/\/i0.wp.com\/www.timehealsnothing.de\/blog\/wp-content\/uploads\/20130516_205008_1.jpg?resize=225%2C300\" width=\"225\" height=\"300\" data-recalc-dims=\"1\" \/><\/a><p id=\"caption-attachment-348\" class=\"wp-caption-text\">Blick aus dem Hotel zum Kai der Corsika Ferries<\/p><\/div>\n<p>TomTom zeigt mir direkt den Weg an der K\u00fcste entlang zum Hafen und dem Hotel direkt am Hafen. Danke nochmal. Aber Moment, Rezeption Marmor. Der Clerk reisst sich fast ein Bein aus. Die Hotellobby zwar vereinsamt aber Design (dieses Designding sollte sich bis zum Klo und Badewanne durchziehen) und wieder edler Stein an Wand, Decke und Boden. H\u00e4tte mir zu denken geben sollen, h\u00e4tte&#8230;<\/p>\n<p>Also sich zuerst einmal eine Flasche des \u00f6rtlichen Bieres in der Bar bestellt und einen gepflegten Grappa hinterhergesch\u00fcttet. Die Pf\u00fctze die sich um mich gebildet hat an der Hotelbar hat mir auch jetzt so wenig ausgemacht nach dem tollen Regentag. War dann so gegen 16:15 Uhr umgezogen und wieder an der Bar. Draussen donnerts wieder, Gottseidank nur amerikanisches Alteisen von einem Kollegen von den Blues Bikers im Schwarzwald oder so um den Schwarzwald herum. Namen vergessen sorry. 2h Sp\u00e4ter kamen dann die 12 restlichen Alteisenfahrer. Gr\u00fcsse noch an den Kollegen, scheinbar ist nicht jeder Harleyfahrer Arzt, B\u00e4nker, oder Anwalt.<\/p>\n<div id=\"attachment_349\" style=\"width: 310px\" class=\"wp-caption alignright\"><a href=\"https:\/\/i1.wp.com\/www.timehealsnothing.de\/blog\/wp-content\/uploads\/hdr_00060_0.jpg\"><img aria-describedby=\"caption-attachment-349\" data-attachment-id=\"349\" data-permalink=\"http:\/\/www.timehealsnothing.de\/blog\/korsika-2013\/tag-2-schweiz-italien\/hdr_00060_0\/\" data-orig-file=\"https:\/\/i1.wp.com\/www.timehealsnothing.de\/blog\/wp-content\/uploads\/hdr_00060_0-e1379149045561.jpg?fit=800%2C599\" data-orig-size=\"800,599\" data-comments-opened=\"1\" data-image-meta=\"{&quot;aperture&quot;:&quot;0&quot;,&quot;credit&quot;:&quot;&quot;,&quot;camera&quot;:&quot;GT-I9300&quot;,&quot;caption&quot;:&quot;&quot;,&quot;created_timestamp&quot;:&quot;0&quot;,&quot;copyright&quot;:&quot;&quot;,&quot;focal_length&quot;:&quot;3.7&quot;,&quot;iso&quot;:&quot;0&quot;,&quot;shutter_speed&quot;:&quot;0&quot;,&quot;title&quot;:&quot;&quot;}\" data-image-title=\"Savona Hafen Korsika F\u00e4hre\" data-image-description=\"\" data-medium-file=\"https:\/\/i1.wp.com\/www.timehealsnothing.de\/blog\/wp-content\/uploads\/hdr_00060_0-e1379149045561.jpg?fit=300%2C224\" data-large-file=\"https:\/\/i1.wp.com\/www.timehealsnothing.de\/blog\/wp-content\/uploads\/hdr_00060_0-e1379149045561.jpg?fit=640%2C479\" loading=\"lazy\" class=\"size-medium wp-image-349\" alt=\"Motorradreise, Korsika, Ferrie, F\u00e4hre, Savona\" src=\"https:\/\/i1.wp.com\/www.timehealsnothing.de\/blog\/wp-content\/uploads\/hdr_00060_0.jpg?resize=300%2C224\" width=\"300\" height=\"224\" data-recalc-dims=\"1\" \/><\/a><p id=\"caption-attachment-349\" class=\"wp-caption-text\">Savona Hafen nachts<\/p><\/div>\n<p>Weiteres Bier geordert und gemeinsam gegen den d\u00e4mlichen Wettergott und nicht wasserfeste Klamotten gewettert. Rechnung war klar, Bier f\u00fcr nur 7,- Eu die Flasche, der Grappa f\u00fcr nur noch 8,50 Eu war fast schon geschenkt. Is ja nicht so als h\u00e4tte mich die Benamung &#8222;Designhotel&#8220; nicht das ein oder andere mal stutzig werden lassen sollen tun. Egal Lehrgeld nennt man das. Es gab direkt nebenan nen kleinen Supermarkt und ein gut frequentiertes Pizza Lok\u00e4lchen, welche mir die g\u00fcnstigsten und wirklich hervorragende Tagliatelle Diavolo kredenzt haben. Heineken zum Mitnahmepreis im Supermarkt war auch nicht die d\u00fcmmste Idee.<\/p>\n<p>&nbsp;<\/p>\n<p><a title=\"Tag 3 Auf und um Korsika herum\" href=\"http:\/\/www.timehealsnothing.de\/blog\/?page_id=364\">Weiter zu Tag 3<\/a><\/p>\n<div class=\"sharedaddy sd-sharing-enabled\"><div class=\"robots-nocontent sd-block sd-social sd-social-icon-text sd-sharing\"><h3 class=\"sd-title\">Teilen mit:<\/h3><div class=\"sd-content\"><ul><li class=\"share-facebook\"><a rel=\"nofollow noopener noreferrer\" data-shared=\"sharing-facebook-332\" class=\"share-facebook sd-button share-icon\" href=\"http:\/\/www.timehealsnothing.de\/blog\/korsika-2013\/tag-2-schweiz-italien\/?share=facebook\" target=\"_blank\" title=\"Klick, um auf Facebook zu teilen\"><span>Facebook<\/span><\/a><\/li><li class=\"share-twitter\"><a rel=\"nofollow noopener noreferrer\" data-shared=\"sharing-twitter-332\" class=\"share-twitter sd-button share-icon\" href=\"http:\/\/www.timehealsnothing.de\/blog\/korsika-2013\/tag-2-schweiz-italien\/?share=twitter\" target=\"_blank\" title=\"Klick, um \u00fcber Twitter zu teilen\"><span>Twitter<\/span><\/a><\/li><li><a href=\"#\" class=\"sharing-anchor sd-button share-more\"><span>Mehr<\/span><\/a><\/li><li class=\"share-end\"><\/li><\/ul><div class=\"sharing-hidden\"><div class=\"inner\" style=\"display: none;\"><ul><li class=\"share-print\"><a rel=\"nofollow noopener noreferrer\" data-shared=\"\" class=\"share-print sd-button share-icon\" href=\"http:\/\/www.timehealsnothing.de\/blog\/korsika-2013\/tag-2-schweiz-italien\/\" target=\"_blank\" title=\"Klicken zum Ausdrucken\"><span>Drucken<\/span><\/a><\/li><li class=\"share-pinterest\"><a rel=\"nofollow noopener noreferrer\" data-shared=\"sharing-pinterest-332\" class=\"share-pinterest sd-button share-icon\" href=\"http:\/\/www.timehealsnothing.de\/blog\/korsika-2013\/tag-2-schweiz-italien\/?share=pinterest\" target=\"_blank\" title=\"Klick, um auf Pinterest zu teilen\"><span>Pinterest<\/span><\/a><\/li><li class=\"share-end\"><\/li><li class=\"share-end\"><\/li><\/ul><\/div><\/div><\/div><\/div><\/div>","protected":false},"excerpt":{"rendered":"<p>16.05.2013 Stage 2 &#8211; Route nach Savona Provinz Savona, Italien 363 km, 5 Stunden 15 Minuten Gr\u00f6\u00dfere Kartenansicht 2te \u00dcbernachtung Sea Art Hotel Via Aurelia, 454 17047 Vado Ligure (Sv) www.seaarthotel.it 52,- Eu Hotel ist direkt am Hafen der Corsika &hellip; <a href=\"http:\/\/www.timehealsnothing.de\/blog\/korsika-2013\/tag-2-schweiz-italien\/\">Weiterlesen <span class=\"meta-nav\">&rarr;<\/span><\/a><\/p>\n<div class=\"sharedaddy sd-sharing-enabled\"><div class=\"robots-nocontent sd-block sd-social sd-social-icon-text sd-sharing\"><h3 class=\"sd-title\">Teilen mit:<\/h3><div class=\"sd-content\"><ul><li class=\"share-facebook\"><a rel=\"nofollow noopener noreferrer\" data-shared=\"sharing-facebook-332\" class=\"share-facebook sd-button share-icon\" href=\"http:\/\/www.timehealsnothing.de\/blog\/korsika-2013\/tag-2-schweiz-italien\/?share=facebook\" target=\"_blank\" title=\"Klick, um auf Facebook zu teilen\"><span>Facebook<\/span><\/a><\/li><li class=\"share-twitter\"><a rel=\"nofollow noopener noreferrer\" data-shared=\"sharing-twitter-332\" class=\"share-twitter sd-button share-icon\" href=\"http:\/\/www.timehealsnothing.de\/blog\/korsika-2013\/tag-2-schweiz-italien\/?share=twitter\" target=\"_blank\" title=\"Klick, um \u00fcber Twitter zu teilen\"><span>Twitter<\/span><\/a><\/li><li><a href=\"#\" class=\"sharing-anchor sd-button share-more\"><span>Mehr<\/span><\/a><\/li><li class=\"share-end\"><\/li><\/ul><div class=\"sharing-hidden\"><div class=\"inner\" style=\"display: none;\"><ul><li class=\"share-print\"><a rel=\"nofollow noopener noreferrer\" data-shared=\"\" class=\"share-print sd-button share-icon\" href=\"http:\/\/www.timehealsnothing.de\/blog\/korsika-2013\/tag-2-schweiz-italien\/\" target=\"_blank\" title=\"Klicken zum Ausdrucken\"><span>Drucken<\/span><\/a><\/li><li class=\"share-pinterest\"><a rel=\"nofollow noopener noreferrer\" data-shared=\"sharing-pinterest-332\" class=\"share-pinterest sd-button share-icon\" href=\"http:\/\/www.timehealsnothing.de\/blog\/korsika-2013\/tag-2-schweiz-italien\/?share=pinterest\" target=\"_blank\" title=\"Klick, um auf Pinterest zu teilen\"><span>Pinterest<\/span><\/a><\/li><li class=\"share-end\"><\/li><li class=\"share-end\"><\/li><\/ul><\/div><\/div><\/div><\/div><\/div>","protected":false},"author":1,"featured_media":474,"parent":225,"menu_order":0,"comment_status":"open","ping_status":"closed","template":"onecolumn-page.php","meta":{"ngg_post_thumbnail":0,"spay_email":""},"jetpack_shortlink":"https:\/\/wp.me\/P1CXhb-5m","jetpack_sharing_enabled":true,"jetpack_likes_enabled":true,"_links":{"self":[{"href":"http:\/\/www.timehealsnothing.de\/blog\/wp-json\/wp\/v2\/pages\/332"}],"collection":[{"href":"http:\/\/www.timehealsnothing.de\/blog\/wp-json\/wp\/v2\/pages"}],"about":[{"href":"http:\/\/www.timehealsnothing.de\/blog\/wp-json\/wp\/v2\/types\/page"}],"author":[{"embeddable":true,"href":"http:\/\/www.timehealsnothing.de\/blog\/wp-json\/wp\/v2\/users\/1"}],"replies":[{"embeddable":true,"href":"http:\/\/www.timehealsnothing.de\/blog\/wp-json\/wp\/v2\/comments?post=332"}],"version-history":[{"count":19,"href":"http:\/\/www.timehealsnothing.de\/blog\/wp-json\/wp\/v2\/pages\/332\/revisions"}],"predecessor-version":[{"id":478,"href":"http:\/\/www.timehealsnothing.de\/blog\/wp-json\/wp\/v2\/pages\/332\/revisions\/478"}],"up":[{"embeddable":true,"href":"http:\/\/www.timehealsnothing.de\/blog\/wp-json\/wp\/v2\/pages\/225"}],"wp:featuredmedia":[{"embeddable":true,"href":"http:\/\/www.timehealsnothing.de\/blog\/wp-json\/wp\/v2\/media\/474"}],"wp:attachment":[{"href":"http:\/\/www.timehealsnothing.de\/blog\/wp-json\/wp\/v2\/media?parent=332"}],"curies":[{"name":"wp","href":"https:\/\/api.w.org\/{rel}","templated":true}]}}