{"id":300,"date":"2013-07-14T19:10:50","date_gmt":"2013-07-14T17:10:50","guid":{"rendered":"http:\/\/www.timehealsnothing.de\/blog\/?page_id=300"},"modified":"2013-09-14T11:21:19","modified_gmt":"2013-09-14T09:21:19","slug":"tag-1-sb-schweiz","status":"publish","type":"page","link":"http:\/\/www.timehealsnothing.de\/blog\/korsika-2013\/tag-1-sb-schweiz\/","title":{"rendered":"Tag 1 SB &#8211; Schweiz"},"content":{"rendered":"<p>15.05.2013 <strong>Stage 1 SB nach Kandersteg<\/strong><\/p>\n<p>383 km, 6 Stunden 20 Minuten<\/p>\n<p><iframe src=\"https:\/\/maps.google.de\/maps?saddr=Saarbr%C3%BCcken&amp;daddr=Unbekannte+Stra%C3%9Fe&amp;hl=de&amp;ie=UTF8&amp;sll=46.495933,7.671407&amp;sspn=0.005975,0.009817&amp;geocode=FV1Y7wIdxcNqACnrwALjUrGVRzGAa9sQ1dQiBA%3BFYh0xQIdLQh1AA&amp;oq=saa&amp;t=h&amp;dirflg=t&amp;mra=dme&amp;mrsp=1&amp;sz=17&amp;source=embed&amp;ll=46.500696,7.670088&amp;spn=0.020678,0.036478&amp;z=14&amp;output=embed\" height=\"350\" width=\"425\" frameborder=\"0\" marginwidth=\"0\" marginheight=\"0\" scrolling=\"no\"><\/iframe><br \/>\n<small><a style=\"color: #0000ff; text-align: left;\" href=\"https:\/\/maps.google.de\/maps?saddr=Saarbr%C3%BCcken&amp;daddr=Unbekannte+Stra%C3%9Fe&amp;hl=de&amp;ie=UTF8&amp;sll=46.495933,7.671407&amp;sspn=0.005975,0.009817&amp;geocode=FV1Y7wIdxcNqACnrwALjUrGVRzGAa9sQ1dQiBA%3BFYh0xQIdLQh1AA&amp;oq=saa&amp;t=h&amp;dirflg=t&amp;mra=dme&amp;mrsp=1&amp;sz=17&amp;source=embed&amp;ll=46.500696,7.670088&amp;spn=0.020678,0.036478&amp;z=14\" target=\"_blank\">Gr\u00f6\u00dfere Kartenansicht<\/a><\/small><\/p>\n<p>In Kandersteg dann mit dem Autoverlad bis nach Goppenstein. Warum? Keine Autobahn, kein Gotthard. Mal was anderes.<br \/>\nMotorrad \u00fcber 50 cm3, mit\/ohne Seitenwagen, Trike &#8211; CHF\u00a0\u00a0 16.00<\/p>\n<p>1te \u00dcbernachtung<br \/>\nSchlosshotel Art Furrer<br \/>\nAdresse: Spittelweg 3, 3900, Schweiz<br \/>\n74,- SF<\/p>\n<p>Typischer Anreisetag, morgens um 8:00 Uhr los. Warum mache ich das? Es ist Urlaub, warum steh ich so verdammt fr\u00fch auf und fahr so verdammt fr\u00fch los? Antwort: Weil ich mich kenne&#8230; Moped hab ich schon am Vorabend mit Tankrucksack und Rearbag beladen und vollgetankt in die Garage gestellt. Will ja nicht den ersten Tag komplett verbummeln.<\/p>\n<div id=\"attachment_374\" style=\"width: 209px\" class=\"wp-caption aligncenter\"><a href=\"https:\/\/i1.wp.com\/www.timehealsnothing.de\/blog\/wp-content\/uploads\/Korsika-15-05_10-e1379146980623.jpg\"><img aria-describedby=\"caption-attachment-374\" data-attachment-id=\"374\" data-permalink=\"http:\/\/www.timehealsnothing.de\/blog\/korsika-2013\/tag-1-sb-schweiz\/korsika-15-05_10\/\" data-orig-file=\"https:\/\/i1.wp.com\/www.timehealsnothing.de\/blog\/wp-content\/uploads\/Korsika-15-05_10-e1379146980623.jpg?fit=800%2C1203\" data-orig-size=\"800,1203\" data-comments-opened=\"1\" data-image-meta=\"{&quot;aperture&quot;:&quot;0&quot;,&quot;credit&quot;:&quot;&quot;,&quot;camera&quot;:&quot;&quot;,&quot;caption&quot;:&quot;&quot;,&quot;created_timestamp&quot;:&quot;0&quot;,&quot;copyright&quot;:&quot;&quot;,&quot;focal_length&quot;:&quot;0&quot;,&quot;iso&quot;:&quot;0&quot;,&quot;shutter_speed&quot;:&quot;0&quot;,&quot;title&quot;:&quot;&quot;}\" data-image-title=\"Triumph Speed Tripple, Abfahrt\" data-image-description=\"\" data-medium-file=\"https:\/\/i1.wp.com\/www.timehealsnothing.de\/blog\/wp-content\/uploads\/Korsika-15-05_10-e1379146980623.jpg?fit=199%2C300\" data-large-file=\"https:\/\/i1.wp.com\/www.timehealsnothing.de\/blog\/wp-content\/uploads\/Korsika-15-05_10-e1379146980623.jpg?fit=640%2C962\" loading=\"lazy\" class=\"size-medium wp-image-374\" alt=\"Motorradtour, Korsika, Motorradreise, Speed Triple, Saarbr\u00fccken\" src=\"https:\/\/i2.wp.com\/www.timehealsnothing.de\/blog\/wp-content\/uploads\/Korsika-15-05_10.jpg?resize=199%2C300\" width=\"199\" height=\"300\" data-recalc-dims=\"1\" \/><\/a><p id=\"caption-attachment-374\" class=\"wp-caption-text\">Abfahrt, in vollem Ornat und \u00fcberfl\u00fcssigem Ballst (Kleider und so&#8230;)<\/p><\/div>\n<p>In Frankreich hat es dann mal sch\u00f6n gepisst. Kurz aber ausreichend um nicht in Urlaubsstimmung zu kommen. Also raus aus einer Ausfahrt und sich in die Regenklamotten geschmissen. Die Tripple dann, wie das Michelinm\u00e4nnchen, erstiegen und an 4 blau gekleideten Herren der franz\u00f6sischen Polizei, mit einem dem Wetter angepasstem Gesichtsausdruck und Laune, mit sogenanntem &#8222;Vollsputz&#8220; vorbei und wieder auf die Autobahn drauf. Ich bin das mautfreie St\u00fcck A35 gefahren. Macht es nicht. Die Teilstrecke nervt unglaublich mit Querrillen, dass es einem jede Minute Fahren verg\u00e4llt. Und das man nur 110 fahren darf macht es nicht wirklich besser.<\/p>\n<ul>\n<li>12:45 die ersten kleinen Berge und nen dicken See im Angebot.<\/li>\n<li>14:45 die ersten richtigen Berge.            \n\t\t<div class=\"ngg-gallery-singlepic-image \" style=\"max-width: 320px\">\n\t\t\t    \t<a href=\"http:\/\/www.timehealsnothing.de\/blog\/wp-content\/gallery\/korsika-2013\/20130515_144524.jpg\"\n\t\t     title=\"erster See, erste Berge in der Schweiz\"\n             data-src=\"http:\/\/www.timehealsnothing.de\/blog\/wp-content\/gallery\/korsika-2013\/20130515_144524.jpg\"\n             data-thumbnail=\"http:\/\/www.timehealsnothing.de\/blog\/wp-content\/gallery\/korsika-2013\/thumbs\/thumbs_20130515_144524.jpg\"\n             data-image-id=\"43\"\n             data-title=\"Motorradtour Korsika 2013\"\n             data-description=\"erster See, erste Berge in der Schweiz\"\n             target='_self'\n             class=\"ngg-fancybox\" rel=\"48ac44882314070a65c8113c0f4eab30\">\n            <img class=\"ngg-singlepic\"\n             src=\"http:\/\/www.timehealsnothing.de\/blog\/wp-content\/gallery\/korsika-2013\/cache\/20130515_144524.jpg-nggid0243-ngg0dyn-320x240x100-00f0w010c010r110f110r010t010.jpg\"\n             alt=\"Motorradtour Korsika 2013\"\n             title=\"Motorradtour Korsika 2013\"\n              width=\"320\"               \/>\n    \t<\/a>\n\t\t      <\/div>\n        <\/li>\n<\/ul>\n<p>Pisst halt immer noch, aber wenigstens angekommen. Der durchschnittliche Schweizer ist recht obrigkeitsh\u00f6rig was das Befolgen von Geschwindigkeitsbeschr\u00e4nkungen betrifft. Und er tut gut daran, wenn man bedenkt was es bei den Eidgenossen kostet mal eben 4Km\/h zu schnell zu fahren&#8230; Trotzdem, man muss ja nicht immer und \u00fcberall und grunds\u00e4tzlich und erst recht nicht wenn es kilometerweit kein Kaff (meist recht idyllisch), Kinderspielplatz oder Altersheim mit stark frequentierten \u00dcberweg gibt, so furchtbar penibel und streng und genau an diese g\u00e4ngelnde Rennreglements halten, oder? Schnaub.<\/p>\n<div id=\"attachment_320\" style=\"width: 235px\" class=\"wp-caption alignright\"><a href=\"https:\/\/i2.wp.com\/www.timehealsnothing.de\/blog\/wp-content\/uploads\/20130515_152143.jpg\"><img aria-describedby=\"caption-attachment-320\" data-attachment-id=\"320\" data-permalink=\"http:\/\/www.timehealsnothing.de\/blog\/korsika-2013\/tag-1-sb-schweiz\/20130515_152143\/\" data-orig-file=\"https:\/\/i2.wp.com\/www.timehealsnothing.de\/blog\/wp-content\/uploads\/20130515_152143-e1379148722482.jpg?fit=800%2C1067\" data-orig-size=\"800,1067\" data-comments-opened=\"1\" data-image-meta=\"{&quot;aperture&quot;:&quot;2.6&quot;,&quot;credit&quot;:&quot;&quot;,&quot;camera&quot;:&quot;GT-I9300&quot;,&quot;caption&quot;:&quot;&quot;,&quot;created_timestamp&quot;:&quot;1368631302&quot;,&quot;copyright&quot;:&quot;&quot;,&quot;focal_length&quot;:&quot;3.7&quot;,&quot;iso&quot;:&quot;80&quot;,&quot;shutter_speed&quot;:&quot;0.0333333333333&quot;,&quot;title&quot;:&quot;&quot;}\" data-image-title=\"Autoverlad\" data-image-description=\"\" data-medium-file=\"https:\/\/i2.wp.com\/www.timehealsnothing.de\/blog\/wp-content\/uploads\/20130515_152143-e1379148722482.jpg?fit=225%2C300\" data-large-file=\"https:\/\/i2.wp.com\/www.timehealsnothing.de\/blog\/wp-content\/uploads\/20130515_152143-e1379148722482.jpg?fit=640%2C853\" loading=\"lazy\" class=\"size-medium wp-image-320\" alt=\"Motorradtour, Korsika, Schweiz, Autoverlad\" src=\"https:\/\/i2.wp.com\/www.timehealsnothing.de\/blog\/wp-content\/uploads\/20130515_152143.jpg?resize=225%2C300\" width=\"225\" height=\"300\" data-recalc-dims=\"1\" \/><\/a><p id=\"caption-attachment-320\" class=\"wp-caption-text\">Autoverlad Kandersteg nach Goppenstein<\/p><\/div>\n<p>Die Autoverlad in Kandersteg war wie ein Drive in. Ohne Wartezeit direkt in den nur f\u00fcr mich reservierten Wagon f\u00fcr &#8222;T\u00f6ffs&#8220; eingeritten und losgefahren. Witzige Sache das. Mein eigenes kleines Bad, Toilette und Sitzabteil nebst Parkplatz im Abteil! Das Moped wird nicht verzurrt, der Zug wackelt nur leicht und f\u00e4hrt auch nicht wirklich schnell.<\/p>\n<p>&nbsp;<\/p>\n<p>Raus aus dem Wagon und \u00f6ha. Neues Klangerlebniss. Wenn Ihr denkt Tunnel ist nett&#8230; Dann empfehle ich mal das Motorrad in der Wohnung oder nem Wohnwagen oder in einem Zugabteil anzumachen und kurz am Kabel zu reissen. Hr hr hr, freute sich auch das Zugbegleiterm\u00e4nnelein. Wetter ist hinter dem ersten kleinen Alpenzug trocken bis Wolkig aber besser als vorher. Immerhin baut sich so etwas wie beginnendes Motorradurlaubsgef\u00fchl auf. Die ersten &#8222;richtigen&#8220; Berge und Kurven und Tornante und das ganze dann auch noch auf trockener Strasse. Das erste Grinsen zeichnet sich ab unter dem Helm.<\/p>\n<div id=\"attachment_323\" style=\"width: 235px\" class=\"wp-caption alignleft\"><a href=\"https:\/\/i1.wp.com\/www.timehealsnothing.de\/blog\/wp-content\/uploads\/20130515_174832.jpg\"><img aria-describedby=\"caption-attachment-323\" data-attachment-id=\"323\" data-permalink=\"http:\/\/www.timehealsnothing.de\/blog\/korsika-2013\/tag-1-sb-schweiz\/20130515_174832\/\" data-orig-file=\"https:\/\/i0.wp.com\/www.timehealsnothing.de\/blog\/wp-content\/uploads\/20130515_174832-e1379148769680.jpg?fit=800%2C1067\" data-orig-size=\"800,1067\" data-comments-opened=\"1\" data-image-meta=\"{&quot;aperture&quot;:&quot;2.6&quot;,&quot;credit&quot;:&quot;&quot;,&quot;camera&quot;:&quot;GT-I9300&quot;,&quot;caption&quot;:&quot;&quot;,&quot;created_timestamp&quot;:&quot;1368640112&quot;,&quot;copyright&quot;:&quot;&quot;,&quot;focal_length&quot;:&quot;3.7&quot;,&quot;iso&quot;:&quot;80&quot;,&quot;shutter_speed&quot;:&quot;0.00442477876106&quot;,&quot;title&quot;:&quot;&quot;}\" data-image-title=\"Schloss in Brig\" data-image-description=\"&lt;p&gt;Berge, Schloss, Juhuuu&lt;\/p&gt;\n\" data-medium-file=\"https:\/\/i0.wp.com\/www.timehealsnothing.de\/blog\/wp-content\/uploads\/20130515_174832-e1379148769680.jpg?fit=225%2C300\" data-large-file=\"https:\/\/i0.wp.com\/www.timehealsnothing.de\/blog\/wp-content\/uploads\/20130515_174832-e1379148769680.jpg?fit=640%2C853\" loading=\"lazy\" class=\"size-medium wp-image-323\" alt=\"Motorradtour, Korsika, Schweiz, Schloss\" src=\"https:\/\/i1.wp.com\/www.timehealsnothing.de\/blog\/wp-content\/uploads\/20130515_174832.jpg?resize=225%2C300\" width=\"225\" height=\"300\" data-recalc-dims=\"1\" \/><\/a><p id=\"caption-attachment-323\" class=\"wp-caption-text\">Das Schloss in Brig, Innenhof<\/p><\/div>\n<p>Angekommen in Brig bin ich so gegen 17:01 Uhr. Toll wie gut alles lief, aber jetzt is auch gut mit Fahren weil Popo weh, kein Bock mehr, Unterhopfung und so. Das freundliche TomTom Navi f\u00fchrt mich durch ein weiteres Kaff(Idyllisch, 60 km\/h erlaubt&#8230;) zum \u00f6rtlichen Schloss nebst Schlossgarten und angrenzendem Hotel. Der nette Kollege an der Rezeption offeriert mir eine kostenlose Garage f\u00fcr mein &#8222;T\u00f6ff&#8220; und Hinweise auf etwaige, noch ge\u00f6ffnete Bierverkaufgesch\u00e4fte weil keine Hotelbar. Also im freundlichen Bierverkaufsgesch\u00e4ft 2 Bier gek\u00e4uft und im Schlosspark getrunken. Da kommt doch richtig so das bourgeoise Edelleutegef\u00fchl auf&#8230; Das Zimmer zeigt sich mit Vollausstattung, sprich einer, genaugenommen, halben Dusche im Zimmer mit Handwaschbecken, Klo auf dem Flur, Einzelbett, Fernsehen und das war es auch dann schon. Schweiz halt. Halt doch dann etwas teurer als der normale Europ\u00e4er das so sich w\u00fcnschen tuen tut f\u00fcr eine \u00dcbernachtung, is halt alles relativ. Egal, erste Berge mit Schnee obendrauf sind vom Fenster aus zu sehen. Brig hat ausser einer hyper modernen Dorfbr\u00fccke, die sich bei \u00dcberschwemmung selbst hochzieht (hydraulisch per Wasserdruck und so), ner menge historische H\u00e4uschen, nem ebenso historischen Marktplatz nichts zu bieten. Na gut, der Simplon Pass ist direkt nebenan, immerhin. Ich bin Gottseidank jetzt leicht angetrunken und echt im Arsch von der Fahrt. Anfahrtstage sind nicht unbedingt die glorreichsten auf einer Motorradtour.<\/p>\n<p>&nbsp;<\/p>\n<p><a title=\"Tag 2 Schweiz \u2013 Italien\" href=\"http:\/\/www.timehealsnothing.de\/blog\/?page_id=332\">weiter zu Tag 2<\/a><\/p>\n<div class=\"sharedaddy sd-sharing-enabled\"><div class=\"robots-nocontent sd-block sd-social sd-social-icon-text sd-sharing\"><h3 class=\"sd-title\">Teilen mit:<\/h3><div class=\"sd-content\"><ul><li class=\"share-facebook\"><a rel=\"nofollow noopener noreferrer\" data-shared=\"sharing-facebook-300\" class=\"share-facebook sd-button share-icon\" href=\"http:\/\/www.timehealsnothing.de\/blog\/korsika-2013\/tag-1-sb-schweiz\/?share=facebook\" target=\"_blank\" title=\"Klick, um auf Facebook zu teilen\"><span>Facebook<\/span><\/a><\/li><li class=\"share-twitter\"><a rel=\"nofollow noopener noreferrer\" data-shared=\"sharing-twitter-300\" class=\"share-twitter sd-button share-icon\" href=\"http:\/\/www.timehealsnothing.de\/blog\/korsika-2013\/tag-1-sb-schweiz\/?share=twitter\" target=\"_blank\" title=\"Klick, um \u00fcber Twitter zu teilen\"><span>Twitter<\/span><\/a><\/li><li><a href=\"#\" class=\"sharing-anchor sd-button share-more\"><span>Mehr<\/span><\/a><\/li><li class=\"share-end\"><\/li><\/ul><div class=\"sharing-hidden\"><div class=\"inner\" style=\"display: none;\"><ul><li class=\"share-print\"><a rel=\"nofollow noopener noreferrer\" data-shared=\"\" class=\"share-print sd-button share-icon\" href=\"http:\/\/www.timehealsnothing.de\/blog\/korsika-2013\/tag-1-sb-schweiz\/\" target=\"_blank\" title=\"Klicken zum Ausdrucken\"><span>Drucken<\/span><\/a><\/li><li class=\"share-pinterest\"><a rel=\"nofollow noopener noreferrer\" data-shared=\"sharing-pinterest-300\" class=\"share-pinterest sd-button share-icon\" href=\"http:\/\/www.timehealsnothing.de\/blog\/korsika-2013\/tag-1-sb-schweiz\/?share=pinterest\" target=\"_blank\" title=\"Klick, um auf Pinterest zu teilen\"><span>Pinterest<\/span><\/a><\/li><li class=\"share-end\"><\/li><li class=\"share-end\"><\/li><\/ul><\/div><\/div><\/div><\/div><\/div>","protected":false},"excerpt":{"rendered":"<p>15.05.2013 Stage 1 SB nach Kandersteg 383 km, 6 Stunden 20 Minuten Gr\u00f6\u00dfere Kartenansicht In Kandersteg dann mit dem Autoverlad bis nach Goppenstein. Warum? Keine Autobahn, kein Gotthard. Mal was anderes. Motorrad \u00fcber 50 cm3, mit\/ohne Seitenwagen, Trike &#8211; CHF\u00a0\u00a0 &hellip; <a href=\"http:\/\/www.timehealsnothing.de\/blog\/korsika-2013\/tag-1-sb-schweiz\/\">Weiterlesen <span class=\"meta-nav\">&rarr;<\/span><\/a><\/p>\n<div class=\"sharedaddy sd-sharing-enabled\"><div class=\"robots-nocontent sd-block sd-social sd-social-icon-text sd-sharing\"><h3 class=\"sd-title\">Teilen mit:<\/h3><div class=\"sd-content\"><ul><li class=\"share-facebook\"><a rel=\"nofollow noopener noreferrer\" data-shared=\"sharing-facebook-300\" class=\"share-facebook sd-button share-icon\" href=\"http:\/\/www.timehealsnothing.de\/blog\/korsika-2013\/tag-1-sb-schweiz\/?share=facebook\" target=\"_blank\" title=\"Klick, um auf Facebook zu teilen\"><span>Facebook<\/span><\/a><\/li><li class=\"share-twitter\"><a rel=\"nofollow noopener noreferrer\" data-shared=\"sharing-twitter-300\" class=\"share-twitter sd-button share-icon\" href=\"http:\/\/www.timehealsnothing.de\/blog\/korsika-2013\/tag-1-sb-schweiz\/?share=twitter\" target=\"_blank\" title=\"Klick, um \u00fcber Twitter zu teilen\"><span>Twitter<\/span><\/a><\/li><li><a href=\"#\" class=\"sharing-anchor sd-button share-more\"><span>Mehr<\/span><\/a><\/li><li class=\"share-end\"><\/li><\/ul><div class=\"sharing-hidden\"><div class=\"inner\" style=\"display: none;\"><ul><li class=\"share-print\"><a rel=\"nofollow noopener noreferrer\" data-shared=\"\" class=\"share-print sd-button share-icon\" href=\"http:\/\/www.timehealsnothing.de\/blog\/korsika-2013\/tag-1-sb-schweiz\/\" target=\"_blank\" title=\"Klicken zum Ausdrucken\"><span>Drucken<\/span><\/a><\/li><li class=\"share-pinterest\"><a rel=\"nofollow noopener noreferrer\" data-shared=\"sharing-pinterest-300\" class=\"share-pinterest sd-button share-icon\" href=\"http:\/\/www.timehealsnothing.de\/blog\/korsika-2013\/tag-1-sb-schweiz\/?share=pinterest\" target=\"_blank\" title=\"Klick, um auf Pinterest zu teilen\"><span>Pinterest<\/span><\/a><\/li><li class=\"share-end\"><\/li><li class=\"share-end\"><\/li><\/ul><\/div><\/div><\/div><\/div><\/div>","protected":false},"author":1,"featured_media":474,"parent":225,"menu_order":0,"comment_status":"open","ping_status":"closed","template":"onecolumn-page.php","meta":{"ngg_post_thumbnail":0,"spay_email":""},"jetpack_shortlink":"https:\/\/wp.me\/P1CXhb-4Q","jetpack_sharing_enabled":true,"jetpack_likes_enabled":true,"_links":{"self":[{"href":"http:\/\/www.timehealsnothing.de\/blog\/wp-json\/wp\/v2\/pages\/300"}],"collection":[{"href":"http:\/\/www.timehealsnothing.de\/blog\/wp-json\/wp\/v2\/pages"}],"about":[{"href":"http:\/\/www.timehealsnothing.de\/blog\/wp-json\/wp\/v2\/types\/page"}],"author":[{"embeddable":true,"href":"http:\/\/www.timehealsnothing.de\/blog\/wp-json\/wp\/v2\/users\/1"}],"replies":[{"embeddable":true,"href":"http:\/\/www.timehealsnothing.de\/blog\/wp-json\/wp\/v2\/comments?post=300"}],"version-history":[{"count":36,"href":"http:\/\/www.timehealsnothing.de\/blog\/wp-json\/wp\/v2\/pages\/300\/revisions"}],"predecessor-version":[{"id":573,"href":"http:\/\/www.timehealsnothing.de\/blog\/wp-json\/wp\/v2\/pages\/300\/revisions\/573"}],"up":[{"embeddable":true,"href":"http:\/\/www.timehealsnothing.de\/blog\/wp-json\/wp\/v2\/pages\/225"}],"wp:featuredmedia":[{"embeddable":true,"href":"http:\/\/www.timehealsnothing.de\/blog\/wp-json\/wp\/v2\/media\/474"}],"wp:attachment":[{"href":"http:\/\/www.timehealsnothing.de\/blog\/wp-json\/wp\/v2\/media?parent=300"}],"curies":[{"name":"wp","href":"https:\/\/api.w.org\/{rel}","templated":true}]}}