{"id":25,"date":"2011-06-09T14:47:47","date_gmt":"2011-06-09T12:47:47","guid":{"rendered":"http:\/\/timehealsnothing.de\/blog\/?page_id=25"},"modified":"2013-06-19T10:14:45","modified_gmt":"2013-06-19T08:14:45","slug":"sb-villach-adria-sb","status":"publish","type":"page","link":"http:\/\/www.timehealsnothing.de\/blog\/sb-villach-adria-sb\/","title":{"rendered":"Stage 01 SB Villach Adria SB"},"content":{"rendered":"<p>Das Vorhaben: &#8222;Von Villach in Richtung Slowenische Adria und quer durch die Alpen zur\u00fcck nach Saarbr\u00fccken.&#8220;<\/p>\n<p>Stage 1<br \/>\nAbfahrt Freitag, 27.05.11, Neu Isenburg Autozug. 150,- Eus inklu ADAC Rabatt<br \/>\nAnkunft 28.05.11 Villach K\u00e4rnten<br \/>\n<a href=\"www.timehealsnothing.de\/openfiles\/SB-Adria\/Stage-1-Villach-Adria.zip\">.itn Datei f\u00fcr TomTom als Anhang Part 1<\/a><\/p>\n<p>Das ist da<\/p>\n<p><iframe src=\"http:\/\/maps.google.de\/maps?hl=de&amp;sll=46.679594,10.865479&amp;sspn=5.774004,9.876709&amp;ie=UTF8&amp;hq=&amp;hnear=&amp;t=h&amp;ll=46.608649,13.85067&amp;spn=0.070757,0.102997&amp;z=12&amp;output=embed\" height=\"300\" width=\"300\" frameborder=\"0\" marginwidth=\"0\" marginheight=\"0\" scrolling=\"no\"><\/iframe><br \/>\n<small><a style=\"color: #0000ff; text-align: left;\" href=\"http:\/\/maps.google.de\/maps?hl=de&amp;sll=46.679594,10.865479&amp;sspn=5.774004,9.876709&amp;ie=UTF8&amp;hq=&amp;hnear=&amp;t=h&amp;ll=46.608649,13.85067&amp;spn=0.070757,0.102997&amp;z=12&amp;source=embed\">Gr\u00f6\u00dfere Kartenansicht<\/a><\/small><\/p>\n<p>Ich werde es nicht konsequent durchplanen, lasse mir den Freiraum mir das Hotel\/ Pension vor Ort rauszusuchen so wie ich es schaffe die angestrebte Station zu erreichen oder zu \u00fcbertreffen in der Tagesfahrleistung. Ich werde in den n\u00e4chsten Tagen die einzelnen Stationen erarbeiten und versuche es hier zu Dokumentieren. Hilfe, Angebote, Tips, Insiderwissen und alles was weiterhilft ist mir eine Hilfe und gerne gesehen.<br \/>\nKonvertierte TomTom Dateien folgen dann stante pede. Routenplanung grunds\u00e4tzlich per Tyre, Viamichelin und Google Map\/ Earth sowie analoge pdf Dateien. Also diese Papierkarten. Mein Tourguide ist das TomTom Urban Rider.<br \/>\nUpgrade auf ADAC Plus vorgenommen und das Grossklockner\/Nockalm\/ Gerlospass Kombiticket geschossen.<\/p>\n<p>Hilfreich in der Tagesetappenplanung w\u00e4re hierzu Pensionen in Goggle Maps<\/p>\n<p><iframe src=\"http:\/\/maps.google.de\/maps?f=q&amp;source=s_q&amp;hl=de&amp;q=Pension+oensione&amp;aq=&amp;sll=46.594731,13.441772&amp;sspn=1.398488,2.469177&amp;ie=UTF8&amp;t=h&amp;rq=1&amp;ev=zi&amp;split=1&amp;hq=Pension+oensione&amp;hnear=&amp;ll=47.144897,12.601318&amp;spn=2.615347,4.669189&amp;z=7&amp;output=embed\" height=\"350\" width=\"425\" frameborder=\"0\" marginwidth=\"0\" marginheight=\"0\" scrolling=\"no\"><\/iframe><br \/>\n<small><a style=\"color: #0000ff; text-align: left;\" href=\"http:\/\/maps.google.de\/maps?f=q&amp;source=embed&amp;hl=de&amp;q=Pension+oensione&amp;aq=&amp;sll=46.594731,13.441772&amp;sspn=1.398488,2.469177&amp;ie=UTF8&amp;t=h&amp;rq=1&amp;ev=zi&amp;split=1&amp;hq=Pension+oensione&amp;hnear=&amp;ll=47.144897,12.601318&amp;spn=2.615347,4.669189&amp;z=7\">Gr\u00f6\u00dfere Kartenansicht<\/a><\/small><\/p>\n<p>Stage 1 Villach &#8211; Adria, via Wurzenpass\/ Vrsicpass<\/p>\n<p><iframe src=\"http:\/\/maps.google.de\/maps?f=d&amp;source=s_d&amp;saddr=B83&amp;daddr=Wurzenpass+Str.%2FB109+to:Borov%C5%A1ka+cesta+to:Route+206+to:Route+206+to:Route+206+to:Route+203+to:Route+203+to:Route+903+to:Kambre%C5%A1ko+to:46.1082138,13.6193178+to:45.78135,13.5969521+to:Strada+Costiera%2FSR14+to:Strada+per+Lazzaretto%2FSP14&amp;hl=de&amp;geocode=FS_YxgIdHxbTAA%3BFYkpxgIdEinSAA%3BFcVgxQIdFRLSAA%3BFbTcxAIdkUTSAA%3BFZbDwwIdJt_RAA%3BFZEpwwIdx9PQAA%3BFdMCwwId8d7OAA%3BFWGswQIdZ0zPAA%3BFTQHwQId7IHPAA%3BFbvavwIdABzQAA%3BFTWOvwIdddDPAClvifsQXFZ6RzFBR481HPgAEw%3BFWaRugIdGHnPACnFbFkzWAl7RzHApvEShwkHEw%3BFW7YuQIdj8fQAA%3BFVzjtwId6lfRAA&amp;mra=dpe&amp;mrsp=10&amp;sz=13&amp;via=10,11&amp;sll=46.120964,13.659782&amp;sspn=0.091143,0.154324&amp;ie=UTF8&amp;ll=46.120964,13.659782&amp;spn=0.091143,0.154324&amp;t=h&amp;output=embed\" height=\"350\" width=\"425\" frameborder=\"0\" marginwidth=\"0\" marginheight=\"0\" scrolling=\"no\"><\/iframe><br \/>\n<small><a style=\"color: #0000ff; text-align: left;\" href=\"http:\/\/maps.google.de\/maps?f=d&amp;source=embed&amp;saddr=B83&amp;daddr=Wurzenpass+Str.%2FB109+to:Borov%C5%A1ka+cesta+to:Route+206+to:Route+206+to:Route+206+to:Route+203+to:Route+203+to:Route+903+to:Kambre%C5%A1ko+to:46.1082138,13.6193178+to:45.78135,13.5969521+to:Strada+Costiera%2FSR14+to:Strada+per+Lazzaretto%2FSP14&amp;hl=de&amp;geocode=FS_YxgIdHxbTAA%3BFYkpxgIdEinSAA%3BFcVgxQIdFRLSAA%3BFbTcxAIdkUTSAA%3BFZbDwwIdJt_RAA%3BFZEpwwIdx9PQAA%3BFdMCwwId8d7OAA%3BFWGswQIdZ0zPAA%3BFTQHwQId7IHPAA%3BFbvavwIdABzQAA%3BFTWOvwIdddDPAClvifsQXFZ6RzFBR481HPgAEw%3BFWaRugIdGHnPACnFbFkzWAl7RzHApvEShwkHEw%3BFW7YuQIdj8fQAA%3BFVzjtwId6lfRAA&amp;mra=dpe&amp;mrsp=10&amp;sz=13&amp;via=10,11&amp;sll=46.120964,13.659782&amp;sspn=0.091143,0.154324&amp;ie=UTF8&amp;ll=46.120964,13.659782&amp;spn=0.091143,0.154324&amp;t=h\">Gr\u00f6\u00dfere Kartenansicht<\/a><\/small><\/p>\n<p>Vrscic Pass, aber zuerst der Zug. Morgens 6 Uhr in Bad Kastein. Das Mistding h\u00e4lt mit einem Ruck an. Toll, noch 2 h bis Villach&#8230; Der eine Harley-Davidson fahrende Arzt und seine 2 Kumpels (Anwalt und P\u00e4sident des Golfclubs?) haben geschnarcht, genauso wie die 70 J\u00e4hrige Mutti die mal abends so richtig Spass hatte mit den saufenden Herren Biker . Also F\u00fcsse aus dem Bett und kucken was da geht. B\u00e4ume auf der Strecke voraus erz\u00e4hlt da wer, und jetzt wird mir klar was ich da sehe. Es schneit und das weisse Scheisszeug bleibt auch noch liegen. Ja danke. Wenn das mal kein gelungener Start in den Urlaub wird&#8230;<\/p>\n<p>Ok, nach nem Tunnel gr\u00fcne Wiesen, alles halb so schlimm. Ankunft in Villach, es pisst. Egal, ab Richtung Adria. Vrsic Pass, unglaubliche Felsformationen, Wasserfall ohne Ende, Kehren mit fluffigem Kopfsteinpflaster und dann ganz oben&#8230;<\/p>\n<p>Dichte Schneedecke kurz hinter der Passh\u00f6he. Es geht nicht mehr zu wenden auf dem nassen Schnee. Also Hinterradbremse und mal lockere 3 Kehren und Geraden im Drift mit Schweissausbr\u00fcchen und Puls am Anschlag. Was solls, ich woll eh schon immer mal mit Zitternden H\u00e4nden und Knieen, Angstschweisverklebt ne Zigarette rauchen. Und jetzt hock ich keine 200 km weiter in einem Fischerdorf, die Sonne brennt, das Bier schmeckt, die Adria schwappt so vor sich hin. OMG was wird das Morgen erst?<\/p>\n<p><a title=\"Stage 02 Adria Villach\" href=\"http:\/\/timehealsnothing.de\/blog\/?page_id=74\">Goto Stage 2<\/a><\/p>\n<div class=\"sharedaddy sd-sharing-enabled\"><div class=\"robots-nocontent sd-block sd-social sd-social-icon-text sd-sharing\"><h3 class=\"sd-title\">Teilen mit:<\/h3><div class=\"sd-content\"><ul><li class=\"share-facebook\"><a rel=\"nofollow noopener noreferrer\" data-shared=\"sharing-facebook-25\" class=\"share-facebook sd-button share-icon\" href=\"http:\/\/www.timehealsnothing.de\/blog\/sb-villach-adria-sb\/?share=facebook\" target=\"_blank\" title=\"Klick, um auf Facebook zu teilen\"><span>Facebook<\/span><\/a><\/li><li class=\"share-twitter\"><a rel=\"nofollow noopener noreferrer\" data-shared=\"sharing-twitter-25\" class=\"share-twitter sd-button share-icon\" href=\"http:\/\/www.timehealsnothing.de\/blog\/sb-villach-adria-sb\/?share=twitter\" target=\"_blank\" title=\"Klick, um \u00fcber Twitter zu teilen\"><span>Twitter<\/span><\/a><\/li><li><a href=\"#\" class=\"sharing-anchor sd-button share-more\"><span>Mehr<\/span><\/a><\/li><li class=\"share-end\"><\/li><\/ul><div class=\"sharing-hidden\"><div class=\"inner\" style=\"display: none;\"><ul><li class=\"share-print\"><a rel=\"nofollow noopener noreferrer\" data-shared=\"\" class=\"share-print sd-button share-icon\" href=\"http:\/\/www.timehealsnothing.de\/blog\/sb-villach-adria-sb\/\" target=\"_blank\" title=\"Klicken zum Ausdrucken\"><span>Drucken<\/span><\/a><\/li><li class=\"share-pinterest\"><a rel=\"nofollow noopener noreferrer\" data-shared=\"sharing-pinterest-25\" class=\"share-pinterest sd-button share-icon\" href=\"http:\/\/www.timehealsnothing.de\/blog\/sb-villach-adria-sb\/?share=pinterest\" target=\"_blank\" title=\"Klick, um auf Pinterest zu teilen\"><span>Pinterest<\/span><\/a><\/li><li class=\"share-end\"><\/li><li class=\"share-end\"><\/li><\/ul><\/div><\/div><\/div><\/div><\/div>","protected":false},"excerpt":{"rendered":"<p>Das Vorhaben: &#8222;Von Villach in Richtung Slowenische Adria und quer durch die Alpen zur\u00fcck nach Saarbr\u00fccken.&#8220; Stage 1 Abfahrt Freitag, 27.05.11, Neu Isenburg Autozug. 150,- Eus inklu ADAC Rabatt Ankunft 28.05.11 Villach K\u00e4rnten .itn Datei f\u00fcr TomTom als Anhang Part &hellip; <a href=\"http:\/\/www.timehealsnothing.de\/blog\/sb-villach-adria-sb\/\">Weiterlesen <span class=\"meta-nav\">&rarr;<\/span><\/a><\/p>\n<div class=\"sharedaddy sd-sharing-enabled\"><div class=\"robots-nocontent sd-block sd-social sd-social-icon-text sd-sharing\"><h3 class=\"sd-title\">Teilen mit:<\/h3><div class=\"sd-content\"><ul><li class=\"share-facebook\"><a rel=\"nofollow noopener noreferrer\" data-shared=\"sharing-facebook-25\" class=\"share-facebook sd-button share-icon\" href=\"http:\/\/www.timehealsnothing.de\/blog\/sb-villach-adria-sb\/?share=facebook\" target=\"_blank\" title=\"Klick, um auf Facebook zu teilen\"><span>Facebook<\/span><\/a><\/li><li class=\"share-twitter\"><a rel=\"nofollow noopener noreferrer\" data-shared=\"sharing-twitter-25\" class=\"share-twitter sd-button share-icon\" href=\"http:\/\/www.timehealsnothing.de\/blog\/sb-villach-adria-sb\/?share=twitter\" target=\"_blank\" title=\"Klick, um \u00fcber Twitter zu teilen\"><span>Twitter<\/span><\/a><\/li><li><a href=\"#\" class=\"sharing-anchor sd-button share-more\"><span>Mehr<\/span><\/a><\/li><li class=\"share-end\"><\/li><\/ul><div class=\"sharing-hidden\"><div class=\"inner\" style=\"display: none;\"><ul><li class=\"share-print\"><a rel=\"nofollow noopener noreferrer\" data-shared=\"\" class=\"share-print sd-button share-icon\" href=\"http:\/\/www.timehealsnothing.de\/blog\/sb-villach-adria-sb\/\" target=\"_blank\" title=\"Klicken zum Ausdrucken\"><span>Drucken<\/span><\/a><\/li><li class=\"share-pinterest\"><a rel=\"nofollow noopener noreferrer\" data-shared=\"sharing-pinterest-25\" class=\"share-pinterest sd-button share-icon\" href=\"http:\/\/www.timehealsnothing.de\/blog\/sb-villach-adria-sb\/?share=pinterest\" target=\"_blank\" title=\"Klick, um auf Pinterest zu teilen\"><span>Pinterest<\/span><\/a><\/li><li class=\"share-end\"><\/li><li class=\"share-end\"><\/li><\/ul><\/div><\/div><\/div><\/div><\/div>","protected":false},"author":1,"featured_media":0,"parent":0,"menu_order":0,"comment_status":"closed","ping_status":"closed","template":"","meta":{"ngg_post_thumbnail":0,"spay_email":""},"jetpack_shortlink":"https:\/\/wp.me\/P1CXhb-p","jetpack_sharing_enabled":true,"jetpack_likes_enabled":true,"_links":{"self":[{"href":"http:\/\/www.timehealsnothing.de\/blog\/wp-json\/wp\/v2\/pages\/25"}],"collection":[{"href":"http:\/\/www.timehealsnothing.de\/blog\/wp-json\/wp\/v2\/pages"}],"about":[{"href":"http:\/\/www.timehealsnothing.de\/blog\/wp-json\/wp\/v2\/types\/page"}],"author":[{"embeddable":true,"href":"http:\/\/www.timehealsnothing.de\/blog\/wp-json\/wp\/v2\/users\/1"}],"replies":[{"embeddable":true,"href":"http:\/\/www.timehealsnothing.de\/blog\/wp-json\/wp\/v2\/comments?post=25"}],"version-history":[{"count":49,"href":"http:\/\/www.timehealsnothing.de\/blog\/wp-json\/wp\/v2\/pages\/25\/revisions"}],"predecessor-version":[{"id":63,"href":"http:\/\/www.timehealsnothing.de\/blog\/wp-json\/wp\/v2\/pages\/25\/revisions\/63"}],"wp:attachment":[{"href":"http:\/\/www.timehealsnothing.de\/blog\/wp-json\/wp\/v2\/media?parent=25"}],"curies":[{"name":"wp","href":"https:\/\/api.w.org\/{rel}","templated":true}]}}