{"id":225,"date":"2013-05-04T22:39:04","date_gmt":"2013-05-04T20:39:04","guid":{"rendered":"http:\/\/timehealsnothing.de\/blog\/?page_id=225"},"modified":"2013-09-16T12:13:06","modified_gmt":"2013-09-16T10:13:06","slug":"korsika-2013","status":"publish","type":"page","link":"http:\/\/www.timehealsnothing.de\/blog\/korsika-2013\/","title":{"rendered":"Korsika 2013"},"content":{"rendered":"<h1>Der Plan:<\/h1>\n<p>mit der Speed Triple durch Frankreich, Schweiz nach Savona\/ Italien, dort F\u00e4hre nach Bastia\/ Korsika und ab nach Casanova knapp unter Corte als zentrale Motorradgarage um 11 Tage lang Korsika unsicher zu machen. Danach wieder F\u00e4hre nach Nizza, durch die franz. Seealpen, die Route des Cretes\/ Route Napoleon (oderwieauchimmerdasheist) und vor allem was dann gegen Ende Mai schon offen ist an P\u00e4ssen wieder zur\u00fcck. \u00dcber den Bonnet ja eher nicht&#8230; zu dem Datum.<\/p>\n<div id=\"attachment_340\" style=\"width: 394px\" class=\"wp-caption aligncenter\"><a href=\"https:\/\/i0.wp.com\/www.timehealsnothing.de\/blog\/wp-content\/uploads\/hdr_00075_0.jpg\"><img aria-describedby=\"caption-attachment-340\" data-attachment-id=\"340\" data-permalink=\"http:\/\/www.timehealsnothing.de\/blog\/korsika-2013\/hdr_00075_0\/\" data-orig-file=\"https:\/\/i0.wp.com\/www.timehealsnothing.de\/blog\/wp-content\/uploads\/hdr_00075_0.jpg?fit=3248%2C2413\" data-orig-size=\"3248,2413\" data-comments-opened=\"1\" data-image-meta=\"{&quot;aperture&quot;:&quot;0&quot;,&quot;credit&quot;:&quot;&quot;,&quot;camera&quot;:&quot;GT-I9300&quot;,&quot;caption&quot;:&quot;&quot;,&quot;created_timestamp&quot;:&quot;0&quot;,&quot;copyright&quot;:&quot;&quot;,&quot;focal_length&quot;:&quot;3.7&quot;,&quot;iso&quot;:&quot;0&quot;,&quot;shutter_speed&quot;:&quot;0&quot;,&quot;title&quot;:&quot;&quot;}\" data-image-title=\"Korsika 2013\" data-image-description=\"&lt;p&gt;Motorradtour, Korsika Motorradreise&lt;\/p&gt;\n\" data-medium-file=\"https:\/\/i0.wp.com\/www.timehealsnothing.de\/blog\/wp-content\/uploads\/hdr_00075_0.jpg?fit=300%2C222\" data-large-file=\"https:\/\/i0.wp.com\/www.timehealsnothing.de\/blog\/wp-content\/uploads\/hdr_00075_0.jpg?fit=640%2C475\" loading=\"lazy\" class=\" wp-image-340 \" alt=\"Motorradtour, Korsika Motorradreise\" src=\"https:\/\/i0.wp.com\/www.timehealsnothing.de\/blog\/wp-content\/uploads\/hdr_00075_0.jpg?resize=384%2C285\" width=\"384\" height=\"285\" srcset=\"https:\/\/i0.wp.com\/www.timehealsnothing.de\/blog\/wp-content\/uploads\/hdr_00075_0.jpg?resize=1024%2C760 1024w, https:\/\/i0.wp.com\/www.timehealsnothing.de\/blog\/wp-content\/uploads\/hdr_00075_0.jpg?resize=300%2C222 300w, https:\/\/i0.wp.com\/www.timehealsnothing.de\/blog\/wp-content\/uploads\/hdr_00075_0.jpg?w=1280 1280w, https:\/\/i0.wp.com\/www.timehealsnothing.de\/blog\/wp-content\/uploads\/hdr_00075_0.jpg?w=1920 1920w\" sizes=\"(max-width: 384px) 100vw, 384px\" data-recalc-dims=\"1\" \/><\/a><p id=\"caption-attachment-340\" class=\"wp-caption-text\">Col de Vergio, Korsika<\/p><\/div>\n<p>Die Routen wurde mit Google Maps, der Michelin 1:200 000 Karte Corse (von wegen eingezeichnete Tankstellen und als Gegenpr\u00fcfung f\u00fcr die Datenkrake Google), den Anregungen von Bike&amp;Smile, der Paradisu Webseite\/ Reisef\u00fchrer erstellt und dann mit <a href=\"http:\/\/www.tyretotravel.com\/de\/\" target=\"_blank\">Tyre<\/a> als .itn umgesetzt und mit Wegpunkten gef\u00fcllt um letztendlich sich in dem TomTom Urban Rider als Tour wiederzufinden.<\/p>\n<p>Die Kilometerangaben und Zeitangaben stammen von Google und sollten auf Korsika wie bei Fahrten im Hochgebirge gerechnet werden. 50 km Strecke ist zu schaffen in einer Stunde, aber auch nicht mehr. Klickt die gr\u00f6ssere Kartenansicht und nutzt den 3D Button links um die Route nach zu fahren und sich die H\u00f6henunterschiede zu verdeutlichen.<\/p>\n<p>In Korsika f\u00e4hrt man dann von &#8222;Normal Null&#8220; auf 1400m H\u00f6he. Fahr ich in den Alpen auf 2800m,\u00a0 bin ich im Tal davor meist schon bei 2000m. Mittelgebirge im Mittelmeer und davon dann 50 St\u00fcck 2000er.<\/p>\n<p><a title=\"Tag 1 SB \u2013 Schweiz\" href=\"http:\/\/www.timehealsnothing.de\/blog\/?page_id=300\">Los gehts mit Tag 1<\/a><\/p>\n<div class=\"sharedaddy sd-sharing-enabled\"><div class=\"robots-nocontent sd-block sd-social sd-social-icon-text sd-sharing\"><h3 class=\"sd-title\">Teilen mit:<\/h3><div class=\"sd-content\"><ul><li class=\"share-facebook\"><a rel=\"nofollow noopener noreferrer\" data-shared=\"sharing-facebook-225\" class=\"share-facebook sd-button share-icon\" href=\"http:\/\/www.timehealsnothing.de\/blog\/korsika-2013\/?share=facebook\" target=\"_blank\" title=\"Klick, um auf Facebook zu teilen\"><span>Facebook<\/span><\/a><\/li><li class=\"share-twitter\"><a rel=\"nofollow noopener noreferrer\" data-shared=\"sharing-twitter-225\" class=\"share-twitter sd-button share-icon\" href=\"http:\/\/www.timehealsnothing.de\/blog\/korsika-2013\/?share=twitter\" target=\"_blank\" title=\"Klick, um \u00fcber Twitter zu teilen\"><span>Twitter<\/span><\/a><\/li><li><a href=\"#\" class=\"sharing-anchor sd-button share-more\"><span>Mehr<\/span><\/a><\/li><li class=\"share-end\"><\/li><\/ul><div class=\"sharing-hidden\"><div class=\"inner\" style=\"display: none;\"><ul><li class=\"share-print\"><a rel=\"nofollow noopener noreferrer\" data-shared=\"\" class=\"share-print sd-button share-icon\" href=\"http:\/\/www.timehealsnothing.de\/blog\/korsika-2013\/\" target=\"_blank\" title=\"Klicken zum Ausdrucken\"><span>Drucken<\/span><\/a><\/li><li class=\"share-pinterest\"><a rel=\"nofollow noopener noreferrer\" data-shared=\"sharing-pinterest-225\" class=\"share-pinterest sd-button share-icon\" href=\"http:\/\/www.timehealsnothing.de\/blog\/korsika-2013\/?share=pinterest\" target=\"_blank\" title=\"Klick, um auf Pinterest zu teilen\"><span>Pinterest<\/span><\/a><\/li><li class=\"share-end\"><\/li><li class=\"share-end\"><\/li><\/ul><\/div><\/div><\/div><\/div><\/div>","protected":false},"excerpt":{"rendered":"<p>Der Plan: mit der Speed Triple durch Frankreich, Schweiz nach Savona\/ Italien, dort F\u00e4hre nach Bastia\/ Korsika und ab nach Casanova knapp unter Corte als zentrale Motorradgarage um 11 Tage lang Korsika unsicher zu machen. Danach wieder F\u00e4hre nach Nizza, &hellip; <a href=\"http:\/\/www.timehealsnothing.de\/blog\/korsika-2013\/\">Weiterlesen <span class=\"meta-nav\">&rarr;<\/span><\/a><\/p>\n<div class=\"sharedaddy sd-sharing-enabled\"><div class=\"robots-nocontent sd-block sd-social sd-social-icon-text sd-sharing\"><h3 class=\"sd-title\">Teilen mit:<\/h3><div class=\"sd-content\"><ul><li class=\"share-facebook\"><a rel=\"nofollow noopener noreferrer\" data-shared=\"sharing-facebook-225\" class=\"share-facebook sd-button share-icon\" href=\"http:\/\/www.timehealsnothing.de\/blog\/korsika-2013\/?share=facebook\" target=\"_blank\" title=\"Klick, um auf Facebook zu teilen\"><span>Facebook<\/span><\/a><\/li><li class=\"share-twitter\"><a rel=\"nofollow noopener noreferrer\" data-shared=\"sharing-twitter-225\" class=\"share-twitter sd-button share-icon\" href=\"http:\/\/www.timehealsnothing.de\/blog\/korsika-2013\/?share=twitter\" target=\"_blank\" title=\"Klick, um \u00fcber Twitter zu teilen\"><span>Twitter<\/span><\/a><\/li><li><a href=\"#\" class=\"sharing-anchor sd-button share-more\"><span>Mehr<\/span><\/a><\/li><li class=\"share-end\"><\/li><\/ul><div class=\"sharing-hidden\"><div class=\"inner\" style=\"display: none;\"><ul><li class=\"share-print\"><a rel=\"nofollow noopener noreferrer\" data-shared=\"\" class=\"share-print sd-button share-icon\" href=\"http:\/\/www.timehealsnothing.de\/blog\/korsika-2013\/\" target=\"_blank\" title=\"Klicken zum Ausdrucken\"><span>Drucken<\/span><\/a><\/li><li class=\"share-pinterest\"><a rel=\"nofollow noopener noreferrer\" data-shared=\"sharing-pinterest-225\" class=\"share-pinterest sd-button share-icon\" href=\"http:\/\/www.timehealsnothing.de\/blog\/korsika-2013\/?share=pinterest\" target=\"_blank\" title=\"Klick, um auf Pinterest zu teilen\"><span>Pinterest<\/span><\/a><\/li><li class=\"share-end\"><\/li><li class=\"share-end\"><\/li><\/ul><\/div><\/div><\/div><\/div><\/div>","protected":false},"author":1,"featured_media":474,"parent":0,"menu_order":0,"comment_status":"open","ping_status":"closed","template":"","meta":{"ngg_post_thumbnail":0,"spay_email":""},"jetpack_shortlink":"https:\/\/wp.me\/P1CXhb-3D","jetpack_sharing_enabled":true,"jetpack_likes_enabled":true,"_links":{"self":[{"href":"http:\/\/www.timehealsnothing.de\/blog\/wp-json\/wp\/v2\/pages\/225"}],"collection":[{"href":"http:\/\/www.timehealsnothing.de\/blog\/wp-json\/wp\/v2\/pages"}],"about":[{"href":"http:\/\/www.timehealsnothing.de\/blog\/wp-json\/wp\/v2\/types\/page"}],"author":[{"embeddable":true,"href":"http:\/\/www.timehealsnothing.de\/blog\/wp-json\/wp\/v2\/users\/1"}],"replies":[{"embeddable":true,"href":"http:\/\/www.timehealsnothing.de\/blog\/wp-json\/wp\/v2\/comments?post=225"}],"version-history":[{"count":37,"href":"http:\/\/www.timehealsnothing.de\/blog\/wp-json\/wp\/v2\/pages\/225\/revisions"}],"predecessor-version":[{"id":539,"href":"http:\/\/www.timehealsnothing.de\/blog\/wp-json\/wp\/v2\/pages\/225\/revisions\/539"}],"wp:featuredmedia":[{"embeddable":true,"href":"http:\/\/www.timehealsnothing.de\/blog\/wp-json\/wp\/v2\/media\/474"}],"wp:attachment":[{"href":"http:\/\/www.timehealsnothing.de\/blog\/wp-json\/wp\/v2\/media?parent=225"}],"curies":[{"name":"wp","href":"https:\/\/api.w.org\/{rel}","templated":true}]}}