{"id":16,"date":"2007-03-12T04:26:04","date_gmt":"2007-03-12T02:26:04","guid":{"rendered":"http:\/\/timehealsnothing.de\/blog\/?page_id=16"},"modified":"2011-06-13T21:15:52","modified_gmt":"2011-06-13T19:15:52","slug":"livin%c2%b4-in-the-movies","status":"publish","type":"page","link":"http:\/\/www.timehealsnothing.de\/blog\/livin%c2%b4-in-the-movies\/","title":{"rendered":"Livin\u00b4 in the Movies"},"content":{"rendered":"<p>Mein Gott, wo fange ich bloss an. Es wird kein Bollywood dabei sein, kein Rosamunde Pilcher und kein Konsalik. Sorry daf\u00fcr. Aber einige wirkliche Perlen.<\/p>\n<p>&nbsp;<\/p>\n<p><a href=\"http:\/\/de.wikipedia.org\/wiki\/Martyrs\"><strong>Martyrs<\/strong><\/a><br \/>\n<strong>Der Regisseur heisst Pascal Laugier, und der Pascal ist ein komischer junger Mann. Martyrs ist ein Film der seinen Inhalt unkommentiert und ohne moralische Entschuldigung pr\u00e4sentiert. Der Film ist ebenso gef\u00e4hrlich, wie verst\u00f6rend und aussergew\u00f6hnlich. Ach ja und franz\u00f6sisch.<\/strong><\/p>\n<p><strong><a style=\"font-weight: bold;\" title=\"Wikipedia Link\" href=\"http:\/\/de.wikipedia.org\/wiki\/Der_blutige_Pfad_Gottes\" target=\"_blank\">Der Blutige Pfad Gottes<\/a><\/strong><br \/>\n<strong>Einfach gut gemacht, Dafoe wieder ganz vorne dabei! Und warum das Filmchen auf dem Index ist&#8230;<\/strong><br \/>\n<a title=\"Wikipedia Link\" href=\"http:\/\/de.wikipedia.org\/wiki\/Hana-Bi\" target=\"_blank\"><strong> <\/strong><\/a><\/p>\n<p><strong><a title=\"Wikipedia Link\" href=\"http:\/\/de.wikipedia.org\/wiki\/Hana-Bi\" target=\"_blank\"><strong>Spun<\/strong><\/a><br \/>\nEin paar durchgeknallte Drogenfuzzies, ein fantastischer Herr Rourke&#8230; Was will man mehr. Ah ja, schaut euch mal den Verk\u00e4ufer im Pornoladen an! Hell bend for Leather war einer seiner grossen Songs!<br \/>\n<a title=\"Infos auf Zelluloid.de\" href=\"http:\/\/www.zelluloid.de\/filme\/index.php3?id=686\" target=\"_blank\"><strong> <\/strong><\/a><\/strong><\/p>\n<p><strong> <\/strong><\/p>\n<p><strong><strong><a title=\"Infos auf Zelluloid.de\" href=\"http:\/\/www.zelluloid.de\/filme\/index.php3?id=686\" target=\"_blank\"><strong>Sling Blade<\/strong> &#8211;  Auf Messers Schneide<\/a><br \/>\nFragt mich nicht was mich an diesem Film fasziniert, ich glaub seine Fremdartigkeit und das Billy Bob Thornton die Jolie knallt.<\/strong><\/strong><\/p>\n<p><strong><strong><a title=\"Wikipedia Link\" href=\"http:\/\/de.wikipedia.org\/wiki\/Hana-Bi\" target=\"_blank\"><strong>Hanna Bi<\/strong> &#8211; Die Feuerblume<\/a><br \/>\nRuhig, voller Zen, beschaulich. Bis zu dem Punkt wo es nicht so ist. Takeshi Kitano ganz gross.<\/strong><\/strong><\/p>\n<p><strong><strong><a title=\"Wikipedia Link\" href=\"http:\/\/de.wikipedia.org\/wiki\/Leaving_Las_Vegas\" target=\"_blank\"><strong>Leaving Las Vegas<\/strong><\/a><br \/>\nIch frage mich grad warum ich diesen Film nicht an erster Stelle stehn habe?<\/strong><\/strong><\/p>\n<p><strong><strong><a title=\"Wikipedia Link\" href=\"http:\/\/de.wikipedia.org\/wiki\/Old_men_in_new_cars\" target=\"_blank\"><strong>Old Men in New Cars<\/strong><\/a><br \/>\nEigentlich ein ganz normaler Krimi, h\u00e4tte der d\u00e4nische Regisseur nicht diese anscheined guten Tabletten genommen.<\/strong><\/strong><\/p>\n<p><strong><strong><a title=\"Wikipedia Link\" href=\"http:\/\/de.wikipedia.org\/wiki\/La_Haine\" target=\"_blank\"><strong>Hass<\/strong><\/a><br \/>\nEine &#8222;fast&#8220; Dokumentation aus einem verschlafenen Franz\u00f6sischen Vorort. Eigentlich mag ich keine franz\u00f6sischen Filme, bei dem mach ich mal ne Ausnahme.<\/strong><\/strong><\/p>\n<p><strong><strong> <\/strong><\/strong><\/p>\n<p><strong><strong><a title=\"Wikipedia Link\" href=\"http:\/\/de.wikipedia.org\/wiki\/Memento_%28Film%29\" target=\"_blank\"><strong>Memento<\/strong><\/a><br \/>\nEin reichlich ungew\u00f6hnlich Film, aber erfreulich ist das Entz\u00fccken am Leid anderer.<\/strong><\/strong><\/p>\n<p><strong><strong><a title=\"Wikipedia Link\" href=\"http:\/\/de.wikipedia.org\/wiki\/U-Turn_%E2%80%93_Kein_Weg_zur%C3%BCck\" target=\"_blank\"><strong>U Turn<\/strong><\/a><br \/>\nIn diesem etwas autobiografisch angehauchtem Film wird dargestellt, was einem einzelnen so alles passieren kann. Ich liebe es.<\/strong><\/strong><\/p>\n<p><strong><strong><a title=\"Wikipedia Link\" href=\"http:\/\/de.wikipedia.org\/wiki\/Die_fabelhafte_Welt_der_Amelie\" target=\"_blank\"><strong>Die fabelhafte Welt der Amelie<\/strong><\/a><br \/>\nWundersch\u00f6n! Und das obwohl ich keine franz\u00f6sischen Filme mag.<\/strong><\/strong><\/p>\n<p><strong><strong><a title=\"Wikipedia Link\" href=\"http:\/\/de.wikipedia.org\/wiki\/The_Machinist\" target=\"_blank\"><strong>the Machinist<\/strong><\/a><br \/>\nHerrlich verst\u00f6rend, man muss den netten schlanken Mann einfach m\u00f6gen.<\/strong><\/strong><\/p>\n<p><strong><strong><a title=\"Wikipedia Link\" href=\"http:\/\/de.wikipedia.org\/wiki\/Koyaanisqatsi\" target=\"_blank\"><strong>Koyaanisqatsi<\/strong><\/a><br \/>\nEigentlich der brutalste Film den ich kenne. Den zu verarbeiten wird dich einige Tage kosten.<\/p>\n<p><a title=\"Wikipedia Link\" href=\"http:\/\/de.wikipedia.org\/wiki\/Apocalypse_Now\" target=\"_blank\"><strong>Apokalypse Now<\/strong><\/a><br \/>\n&#8222;Ich beobachtete, wie eine Schnecke auf der Schneide eines Rasiermessers entlangkroch. Das ist mein Traum &#8211; das ist mein Alptraum. Kriechen, auf der Schneide des Rasiermessers entlang, gleiten&#8230; und \u00fcberleben.&#8220;<\/p>\n<p><strong><a title=\"Wikipedia Link\" href=\"http:\/\/de.wikipedia.org\/wiki\/Themroc\" target=\"_blank\">Themroc<\/a><\/strong><br \/>\nAnarchy pur und das im Programmkino. Ach ja und ich mag Franz\u00f6sischen Film nicht. F\u00fcr Michel Piccolis mach ich dann mal ne Ausnahme.<\/p>\n<p><a title=\"Wikipedia Link\" href=\"http:\/\/de.wikipedia.org\/wiki\/Fear_and_Loathing_in_Las_Vegas_%28Film%29\" target=\"_blank\"><strong>Fear and Loathing in Las Vegas<\/strong><\/a><br \/>\nDrogen sind verwerflich. Mitunter aber ganz witzig anzusehn wenn jemand wie Terry Gilliam Regie f\u00fchrt. (Terry Gilliam&#8230; Monty Python&#8230; alles klar?)<br \/>\n<a title=\"Wikipedia Link\" href=\"http:\/\/de.wikipedia.org\/wiki\/Fight_Club\" target=\"_blank\"><strong> <\/strong><\/a><\/p>\n<p><strong><a title=\"Wikipedia Link\" href=\"http:\/\/de.wikipedia.org\/wiki\/Fight_Club\" target=\"_blank\"><strong>Fight Club<\/strong><\/a><br \/>\nSteckt nicht in uns allen ein Tyler Durden? H\u00f6rt ihr nicht das weisse Rauschen? Und ausserdem ist Edward Norton verdammt gut, und das nicht nur als gel\u00e4uterter Nazi in&#8230; na sie wissen schon.<\/strong><\/p>\n<p><strong><a title=\"Wikipedia Link\" href=\"http:\/\/www.zelluloid.de\/filme\/index.php3?id=13571\" target=\"_blank\"><strong>Matando Cabos<\/strong><\/a><br \/>\nUnd dann sag noch einer das in Mexico ausser Agavenschnaps nix geht. Also Tarantino macht es auch nicht wesentlich besser.<br \/>\n<a title=\"Wikipedia Link\" href=\"http:\/\/de.wikipedia.org\/wiki\/High_Tension\" target=\"_blank\"><strong> <\/strong><\/a><\/strong><\/p>\n<p><strong><strong><a title=\"Wikipedia Link\" href=\"http:\/\/de.wikipedia.org\/wiki\/High_Tension\" target=\"_blank\"><strong>High Tension<\/strong><\/a><br \/>\nJa auch ein Horrorfilm kann mitunder Kultkino sein. Und ich kannte das noch nicht das man auch mit ner Flurkommode und nem Treppengel\u00e4nder heftigste Splatterszenen machen kann. Ach ja, das ich Franz\u00f6sische Filme nicht mag hab ich schonmal gesagt oder?<\/strong><\/strong><\/p>\n<p><strong><strong><a title=\"A l\u00b4Interieur - Wikilink\" href=\"http:\/\/de.wikipedia.org\/wiki\/Inside\" target=\"_blank\"><strong>Inside<br \/>\n<\/strong><\/a>Ein sehr ruhiger Film, erinnert an die suspense Thriller. Am Anfang. Bis das dann der Suspens einer Anleitung weicht, wie man mit einer Haushaltsschere L\u00f6cher in Menschen machen kann. Immer noch ruhig. Gutes Franz\u00f6sisches Kino. Huch hab ich das gesagt?<\/strong><\/strong><\/p>\n<p><strong><strong><a title=\"Immortel - Wikilink\" href=\"http:\/\/de.wikipedia.org\/wiki\/Immortal_%E2%80%93_New_York_2095:_Die_R%C3%BCckkehr_der_G%C3%B6tter\" target=\"_blank\"><strong>Immortal<br \/>\n<\/strong><\/a>Enki Bilal. Nuff said? Die einen m\u00f6gen seine Comics, die anderen kennen sie nicht. Wer sie nicht kennt muss den Film auch nicht wirklich sehn. Ist eh ein franz\u00f6sischer Film.<\/strong><\/strong><\/p>\n<p><strong><strong><a title=\"Wohu Canglong - Wikilink\" href=\"http:\/\/de.wikipedia.org\/wiki\/Tiger_and_Dragon\" target=\"_blank\"><strong>Tiger and Dragon <\/strong><\/a><br \/>\nChinesisch &#8211; Taiwanesisches Heroenepos. Eigentlich ein Liebesfilm. Theoretisch. Ein Ang Lee Klassiker mit Chow Yun-Fat. Philosophisch, ergreifend, sehenswert!<\/strong><\/strong><\/p>\n<p><strong><strong><a title=\"Yingxiong - Wikilink\" href=\"http:\/\/de.wikipedia.org\/wiki\/Hero_(Film)\" target=\"_blank\"><strong>Hero <\/strong><\/a><br \/>\nEbenfalls aus der grossen Republik, leider nicht von Ang Lee. Deshalb aber mit Jet Li, als er sich noch nicht f\u00fcr jeden Billigmist verkauft hat. Farbgewaltige Bilder. Per Hand ausverlesene Bl\u00e4tter fallen in Containerqualit\u00e4t durchs Bild. Gigantisch!<\/strong><\/strong><\/p>\n<p><strong> <\/strong><strong> <\/strong><strong><strong> <\/strong><\/strong><strong><strong> <\/strong><\/strong><strong><strong> <\/strong><\/strong><strong><strong> <\/strong><\/strong><strong><strong> <\/strong><\/strong><strong><strong> <\/strong><\/strong><\/p>\n<p>&nbsp;<\/p>\n<p>&nbsp;<\/p>\n<p>&nbsp;<\/p>\n<p>&nbsp;<\/p>\n<p>&nbsp;<\/p>\n<p>&nbsp;<\/p>\n<p>&nbsp;<\/p>\n<p>&nbsp;<\/p>\n<p>&nbsp;<\/p>\n<p><\/strong><\/strong><\/p>\n<div class=\"sharedaddy sd-sharing-enabled\"><div class=\"robots-nocontent sd-block sd-social sd-social-icon-text sd-sharing\"><h3 class=\"sd-title\">Teilen mit:<\/h3><div class=\"sd-content\"><ul><li class=\"share-facebook\"><a rel=\"nofollow noopener noreferrer\" data-shared=\"sharing-facebook-16\" class=\"share-facebook sd-button share-icon\" href=\"http:\/\/www.timehealsnothing.de\/blog\/livin%c2%b4-in-the-movies\/?share=facebook\" target=\"_blank\" title=\"Klick, um auf Facebook zu teilen\"><span>Facebook<\/span><\/a><\/li><li class=\"share-twitter\"><a rel=\"nofollow noopener noreferrer\" data-shared=\"sharing-twitter-16\" class=\"share-twitter sd-button share-icon\" href=\"http:\/\/www.timehealsnothing.de\/blog\/livin%c2%b4-in-the-movies\/?share=twitter\" target=\"_blank\" title=\"Klick, um \u00fcber Twitter zu teilen\"><span>Twitter<\/span><\/a><\/li><li><a href=\"#\" class=\"sharing-anchor sd-button share-more\"><span>Mehr<\/span><\/a><\/li><li class=\"share-end\"><\/li><\/ul><div class=\"sharing-hidden\"><div class=\"inner\" style=\"display: none;\"><ul><li class=\"share-print\"><a rel=\"nofollow noopener noreferrer\" data-shared=\"\" class=\"share-print sd-button share-icon\" href=\"http:\/\/www.timehealsnothing.de\/blog\/livin%c2%b4-in-the-movies\/\" target=\"_blank\" title=\"Klicken zum Ausdrucken\"><span>Drucken<\/span><\/a><\/li><li class=\"share-pinterest\"><a rel=\"nofollow noopener noreferrer\" data-shared=\"sharing-pinterest-16\" class=\"share-pinterest sd-button share-icon\" href=\"http:\/\/www.timehealsnothing.de\/blog\/livin%c2%b4-in-the-movies\/?share=pinterest\" target=\"_blank\" title=\"Klick, um auf Pinterest zu teilen\"><span>Pinterest<\/span><\/a><\/li><li class=\"share-end\"><\/li><li class=\"share-end\"><\/li><\/ul><\/div><\/div><\/div><\/div><\/div>","protected":false},"excerpt":{"rendered":"<p>Mein Gott, wo fange ich bloss an. Es wird kein Bollywood dabei sein, kein Rosamunde Pilcher und kein Konsalik. Sorry daf\u00fcr. Aber einige wirkliche Perlen. &nbsp; Martyrs Der Regisseur heisst Pascal Laugier, und der Pascal ist ein komischer junger Mann. &hellip; <a href=\"http:\/\/www.timehealsnothing.de\/blog\/livin%c2%b4-in-the-movies\/\">Weiterlesen <span class=\"meta-nav\">&rarr;<\/span><\/a><\/p>\n<div class=\"sharedaddy sd-sharing-enabled\"><div class=\"robots-nocontent sd-block sd-social sd-social-icon-text sd-sharing\"><h3 class=\"sd-title\">Teilen mit:<\/h3><div class=\"sd-content\"><ul><li class=\"share-facebook\"><a rel=\"nofollow noopener noreferrer\" data-shared=\"sharing-facebook-16\" class=\"share-facebook sd-button share-icon\" href=\"http:\/\/www.timehealsnothing.de\/blog\/livin%c2%b4-in-the-movies\/?share=facebook\" target=\"_blank\" title=\"Klick, um auf Facebook zu teilen\"><span>Facebook<\/span><\/a><\/li><li class=\"share-twitter\"><a rel=\"nofollow noopener noreferrer\" data-shared=\"sharing-twitter-16\" class=\"share-twitter sd-button share-icon\" href=\"http:\/\/www.timehealsnothing.de\/blog\/livin%c2%b4-in-the-movies\/?share=twitter\" target=\"_blank\" title=\"Klick, um \u00fcber Twitter zu teilen\"><span>Twitter<\/span><\/a><\/li><li><a href=\"#\" class=\"sharing-anchor sd-button share-more\"><span>Mehr<\/span><\/a><\/li><li class=\"share-end\"><\/li><\/ul><div class=\"sharing-hidden\"><div class=\"inner\" style=\"display: none;\"><ul><li class=\"share-print\"><a rel=\"nofollow noopener noreferrer\" data-shared=\"\" class=\"share-print sd-button share-icon\" href=\"http:\/\/www.timehealsnothing.de\/blog\/livin%c2%b4-in-the-movies\/\" target=\"_blank\" title=\"Klicken zum Ausdrucken\"><span>Drucken<\/span><\/a><\/li><li class=\"share-pinterest\"><a rel=\"nofollow noopener noreferrer\" data-shared=\"sharing-pinterest-16\" class=\"share-pinterest sd-button share-icon\" href=\"http:\/\/www.timehealsnothing.de\/blog\/livin%c2%b4-in-the-movies\/?share=pinterest\" target=\"_blank\" title=\"Klick, um auf Pinterest zu teilen\"><span>Pinterest<\/span><\/a><\/li><li class=\"share-end\"><\/li><li class=\"share-end\"><\/li><\/ul><\/div><\/div><\/div><\/div><\/div>","protected":false},"author":1,"featured_media":0,"parent":0,"menu_order":0,"comment_status":"open","ping_status":"open","template":"","meta":{"ngg_post_thumbnail":0,"spay_email":""},"jetpack_shortlink":"https:\/\/wp.me\/P1CXhb-g","jetpack_sharing_enabled":true,"jetpack_likes_enabled":true,"_links":{"self":[{"href":"http:\/\/www.timehealsnothing.de\/blog\/wp-json\/wp\/v2\/pages\/16"}],"collection":[{"href":"http:\/\/www.timehealsnothing.de\/blog\/wp-json\/wp\/v2\/pages"}],"about":[{"href":"http:\/\/www.timehealsnothing.de\/blog\/wp-json\/wp\/v2\/types\/page"}],"author":[{"embeddable":true,"href":"http:\/\/www.timehealsnothing.de\/blog\/wp-json\/wp\/v2\/users\/1"}],"replies":[{"embeddable":true,"href":"http:\/\/www.timehealsnothing.de\/blog\/wp-json\/wp\/v2\/comments?post=16"}],"version-history":[{"count":8,"href":"http:\/\/www.timehealsnothing.de\/blog\/wp-json\/wp\/v2\/pages\/16\/revisions"}],"predecessor-version":[{"id":224,"href":"http:\/\/www.timehealsnothing.de\/blog\/wp-json\/wp\/v2\/pages\/16\/revisions\/224"}],"wp:attachment":[{"href":"http:\/\/www.timehealsnothing.de\/blog\/wp-json\/wp\/v2\/media?parent=16"}],"curies":[{"name":"wp","href":"https:\/\/api.w.org\/{rel}","templated":true}]}}