{"id":131,"date":"2011-06-09T23:04:15","date_gmt":"2011-06-09T21:04:15","guid":{"rendered":"http:\/\/timehealsnothing.de\/blog\/?page_id=131"},"modified":"2013-06-19T10:24:34","modified_gmt":"2013-06-19T08:24:34","slug":"131-2","status":"publish","type":"page","link":"http:\/\/www.timehealsnothing.de\/blog\/sb-villach-adria-sb\/131-2\/","title":{"rendered":"Stage 11 Vogesen Saarbr\u00fccken"},"content":{"rendered":"<p>Diese Seite der Vollst\u00e4ndigkeit halber. Die Tom Tom Datei und die Google Map.<\/p>\n<p><a href=\"http:\/\/timehealsnothing.de\/openfiles\/SB-Adria\/Stage-11-Schwarzw-SB.zip\">.ign Datei als Download<\/a><\/p>\n<p><iframe src=\"http:\/\/maps.google.de\/maps?f=d&amp;source=s_d&amp;saddr=B317&amp;daddr=47.8341341,7.1546521+to:47.8404419,7.1487376+to:47.8599241,7.135672+to:D430+to:Chemin+du+Haycot%2FD148+to:D392+to:48.5926331,7.1233712+to:Nauwieserstra%C3%9Fe&amp;geocode=Fa-y2QIdoSh5AA%3BFRbk2QId3CttACmzVcOHT4CRRzGwI3GnuV8KEw%3BFbn82QIdwRRtACkFnPudFYCRRzEwC3CnuV8KEw%3BFdRI2gIduOFsACkD6EU6-X-RRzHQIVOmuV8KEw%3BFfp32wIdUiRrAA%3BFXw13wId0TFsAA%3BFXUV5AIdqjdtAA%3BFfl25QIdq7FsACnhPtMy4AWURzHhVe-puV8KEw%3BFfxH7wIdPs9qAA&amp;hl=de&amp;mra=dpe&amp;mrsp=2&amp;sz=14&amp;via=1,2,3,7&amp;dirflg=h&amp;sll=47.839835,7.142744&amp;sspn=0.044129,0.077162&amp;ie=UTF8&amp;ll=47.839835,7.142744&amp;spn=0.044129,0.077162&amp;t=h&amp;output=embed\" height=\"350\" width=\"425\" frameborder=\"0\" marginwidth=\"0\" marginheight=\"0\" scrolling=\"no\"><\/iframe><br \/>\n<small><a style=\"color: #0000ff; text-align: left;\" href=\"http:\/\/maps.google.de\/maps?f=d&amp;source=embed&amp;saddr=B317&amp;daddr=47.8341341,7.1546521+to:47.8404419,7.1487376+to:47.8599241,7.135672+to:D430+to:Chemin+du+Haycot%2FD148+to:D392+to:48.5926331,7.1233712+to:Nauwieserstra%C3%9Fe&amp;geocode=Fa-y2QIdoSh5AA%3BFRbk2QId3CttACmzVcOHT4CRRzGwI3GnuV8KEw%3BFbn82QIdwRRtACkFnPudFYCRRzEwC3CnuV8KEw%3BFdRI2gIduOFsACkD6EU6-X-RRzHQIVOmuV8KEw%3BFfp32wIdUiRrAA%3BFXw13wId0TFsAA%3BFXUV5AIdqjdtAA%3BFfl25QIdq7FsACnhPtMy4AWURzHhVe-puV8KEw%3BFfxH7wIdPs9qAA&amp;hl=de&amp;mra=dpe&amp;mrsp=2&amp;sz=14&amp;via=1,2,3,7&amp;dirflg=h&amp;sll=47.839835,7.142744&amp;sspn=0.044129,0.077162&amp;ie=UTF8&amp;ll=47.839835,7.142744&amp;spn=0.044129,0.077162&amp;t=h\">Gr\u00f6\u00dfere Kartenansicht<\/a><\/small><\/p>\n<p>Urlaub vorbei, es ziehen dunkle Tage \u00fcbers Land. ^^<br \/>\nClosed.<\/p>\n<p><img alt=\"Gr\u00fcsse und sch\u00fcss\" src=\"https:\/\/i2.wp.com\/timehealsnothing.de\/openfiles\/SB-Adria\/me-myself-and-i.jpg?w=640\" data-recalc-dims=\"1\" \/><\/p>\n<div class=\"sharedaddy sd-sharing-enabled\"><div class=\"robots-nocontent sd-block sd-social sd-social-icon-text sd-sharing\"><h3 class=\"sd-title\">Teilen mit:<\/h3><div class=\"sd-content\"><ul><li class=\"share-facebook\"><a rel=\"nofollow noopener noreferrer\" data-shared=\"sharing-facebook-131\" class=\"share-facebook sd-button share-icon\" href=\"http:\/\/www.timehealsnothing.de\/blog\/sb-villach-adria-sb\/131-2\/?share=facebook\" target=\"_blank\" title=\"Klick, um auf Facebook zu teilen\"><span>Facebook<\/span><\/a><\/li><li class=\"share-twitter\"><a rel=\"nofollow noopener noreferrer\" data-shared=\"sharing-twitter-131\" class=\"share-twitter sd-button share-icon\" href=\"http:\/\/www.timehealsnothing.de\/blog\/sb-villach-adria-sb\/131-2\/?share=twitter\" target=\"_blank\" title=\"Klick, um \u00fcber Twitter zu teilen\"><span>Twitter<\/span><\/a><\/li><li><a href=\"#\" class=\"sharing-anchor sd-button share-more\"><span>Mehr<\/span><\/a><\/li><li class=\"share-end\"><\/li><\/ul><div class=\"sharing-hidden\"><div class=\"inner\" style=\"display: none;\"><ul><li class=\"share-print\"><a rel=\"nofollow noopener noreferrer\" data-shared=\"\" class=\"share-print sd-button share-icon\" href=\"http:\/\/www.timehealsnothing.de\/blog\/sb-villach-adria-sb\/131-2\/\" target=\"_blank\" title=\"Klicken zum Ausdrucken\"><span>Drucken<\/span><\/a><\/li><li class=\"share-pinterest\"><a rel=\"nofollow noopener noreferrer\" data-shared=\"sharing-pinterest-131\" class=\"share-pinterest sd-button share-icon\" href=\"http:\/\/www.timehealsnothing.de\/blog\/sb-villach-adria-sb\/131-2\/?share=pinterest\" target=\"_blank\" title=\"Klick, um auf Pinterest zu teilen\"><span>Pinterest<\/span><\/a><\/li><li class=\"share-end\"><\/li><li class=\"share-end\"><\/li><\/ul><\/div><\/div><\/div><\/div><\/div>","protected":false},"excerpt":{"rendered":"<p>Diese Seite der Vollst\u00e4ndigkeit halber. Die Tom Tom Datei und die Google Map. .ign Datei als Download Gr\u00f6\u00dfere Kartenansicht Urlaub vorbei, es ziehen dunkle Tage \u00fcbers Land. ^^ Closed.<\/p>\n<div class=\"sharedaddy sd-sharing-enabled\"><div class=\"robots-nocontent sd-block sd-social sd-social-icon-text sd-sharing\"><h3 class=\"sd-title\">Teilen mit:<\/h3><div class=\"sd-content\"><ul><li class=\"share-facebook\"><a rel=\"nofollow noopener noreferrer\" data-shared=\"sharing-facebook-131\" class=\"share-facebook sd-button share-icon\" href=\"http:\/\/www.timehealsnothing.de\/blog\/sb-villach-adria-sb\/131-2\/?share=facebook\" target=\"_blank\" title=\"Klick, um auf Facebook zu teilen\"><span>Facebook<\/span><\/a><\/li><li class=\"share-twitter\"><a rel=\"nofollow noopener noreferrer\" data-shared=\"sharing-twitter-131\" class=\"share-twitter sd-button share-icon\" href=\"http:\/\/www.timehealsnothing.de\/blog\/sb-villach-adria-sb\/131-2\/?share=twitter\" target=\"_blank\" title=\"Klick, um \u00fcber Twitter zu teilen\"><span>Twitter<\/span><\/a><\/li><li><a href=\"#\" class=\"sharing-anchor sd-button share-more\"><span>Mehr<\/span><\/a><\/li><li class=\"share-end\"><\/li><\/ul><div class=\"sharing-hidden\"><div class=\"inner\" style=\"display: none;\"><ul><li class=\"share-print\"><a rel=\"nofollow noopener noreferrer\" data-shared=\"\" class=\"share-print sd-button share-icon\" href=\"http:\/\/www.timehealsnothing.de\/blog\/sb-villach-adria-sb\/131-2\/\" target=\"_blank\" title=\"Klicken zum Ausdrucken\"><span>Drucken<\/span><\/a><\/li><li class=\"share-pinterest\"><a rel=\"nofollow noopener noreferrer\" data-shared=\"sharing-pinterest-131\" class=\"share-pinterest sd-button share-icon\" href=\"http:\/\/www.timehealsnothing.de\/blog\/sb-villach-adria-sb\/131-2\/?share=pinterest\" target=\"_blank\" title=\"Klick, um auf Pinterest zu teilen\"><span>Pinterest<\/span><\/a><\/li><li class=\"share-end\"><\/li><li class=\"share-end\"><\/li><\/ul><\/div><\/div><\/div><\/div><\/div>","protected":false},"author":1,"featured_media":0,"parent":25,"menu_order":0,"comment_status":"closed","ping_status":"closed","template":"","meta":{"ngg_post_thumbnail":0,"spay_email":""},"jetpack_shortlink":"https:\/\/wp.me\/P1CXhb-27","jetpack_sharing_enabled":true,"jetpack_likes_enabled":true,"_links":{"self":[{"href":"http:\/\/www.timehealsnothing.de\/blog\/wp-json\/wp\/v2\/pages\/131"}],"collection":[{"href":"http:\/\/www.timehealsnothing.de\/blog\/wp-json\/wp\/v2\/pages"}],"about":[{"href":"http:\/\/www.timehealsnothing.de\/blog\/wp-json\/wp\/v2\/types\/page"}],"author":[{"embeddable":true,"href":"http:\/\/www.timehealsnothing.de\/blog\/wp-json\/wp\/v2\/users\/1"}],"replies":[{"embeddable":true,"href":"http:\/\/www.timehealsnothing.de\/blog\/wp-json\/wp\/v2\/comments?post=131"}],"version-history":[{"count":4,"href":"http:\/\/www.timehealsnothing.de\/blog\/wp-json\/wp\/v2\/pages\/131\/revisions"}],"predecessor-version":[{"id":133,"href":"http:\/\/www.timehealsnothing.de\/blog\/wp-json\/wp\/v2\/pages\/131\/revisions\/133"}],"up":[{"embeddable":true,"href":"http:\/\/www.timehealsnothing.de\/blog\/wp-json\/wp\/v2\/pages\/25"}],"wp:attachment":[{"href":"http:\/\/www.timehealsnothing.de\/blog\/wp-json\/wp\/v2\/media?parent=131"}],"curies":[{"name":"wp","href":"https:\/\/api.w.org\/{rel}","templated":true}]}}