{"id":115,"date":"2011-06-09T22:32:05","date_gmt":"2011-06-09T20:32:05","guid":{"rendered":"http:\/\/timehealsnothing.de\/blog\/?page_id=115"},"modified":"2013-06-19T10:23:51","modified_gmt":"2013-06-19T08:23:51","slug":"stage-10-durch-die-schweiz-nach-schwarzwald","status":"publish","type":"page","link":"http:\/\/www.timehealsnothing.de\/blog\/sb-villach-adria-sb\/stage-10-durch-die-schweiz-nach-schwarzwald\/","title":{"rendered":"Stage 10 durch die Schweiz nach Schwarzwald"},"content":{"rendered":"<p><a href=\"http:\/\/timehealsnothing.de\/openfiles\/SB-Adria\/Stage-10-Heim-Schwarzwald.zip\">.ign Datei als Download<\/a><\/p>\n<p><iframe src=\"http:\/\/maps.google.de\/maps?f=d&amp;source=s_d&amp;saddr=Wilerstrasse&amp;daddr=46.9558408,8.1148727+to:47.070276,7.9994149+to:47.20824,7.93971+to:47.2940069,7.9047218+to:47.400383,7.963352+to:47.52464,7.98362+to:L155+to:B317&amp;geocode=FehWywIda3x9AA%3BFUB9zAIduNJ7ACmjWqGlOumPRzGw5tB5LdhiRg%3BFUQ8zgIdtg96ACnXKPL3QNyPRzH7C9fgsn83Hw%3BFTBX0AIdfiZ5ACn9vgYxtieQRzEz0IM1lQHWvA%3BFTam0QId0Z14ACkzgdBRCC-QRzFVM0lmbP5DYw%3BFb9F0wId2IJ5ACl9oEHMqDCQRzH9JuV98xuz5A%3BFSAr1QIdBNJ5AClh3Ge0YUiQRzGgc6wObG6wnA%3BFTmR1gIduhB5AA%3BFa-y2QIdoSh5AA&amp;hl=de&amp;mra=dme&amp;mrsp=7&amp;sz=12&amp;via=1,2,3,4,5,6&amp;dirflg=h&amp;sll=47.625141,7.927666&amp;sspn=0.177246,0.308647&amp;ie=UTF8&amp;ll=47.625141,7.927666&amp;spn=0.177246,0.308647&amp;t=h&amp;output=embed\" height=\"350\" width=\"425\" frameborder=\"0\" marginwidth=\"0\" marginheight=\"0\" scrolling=\"no\"><\/iframe><br \/>\n<small><a style=\"color: #0000ff; text-align: left;\" href=\"http:\/\/maps.google.de\/maps?f=d&amp;source=embed&amp;saddr=Wilerstrasse&amp;daddr=46.9558408,8.1148727+to:47.070276,7.9994149+to:47.20824,7.93971+to:47.2940069,7.9047218+to:47.400383,7.963352+to:47.52464,7.98362+to:L155+to:B317&amp;geocode=FehWywIda3x9AA%3BFUB9zAIduNJ7ACmjWqGlOumPRzGw5tB5LdhiRg%3BFUQ8zgIdtg96ACnXKPL3QNyPRzH7C9fgsn83Hw%3BFTBX0AIdfiZ5ACn9vgYxtieQRzEz0IM1lQHWvA%3BFTam0QId0Z14ACkzgdBRCC-QRzFVM0lmbP5DYw%3BFb9F0wId2IJ5ACl9oEHMqDCQRzH9JuV98xuz5A%3BFSAr1QIdBNJ5AClh3Ge0YUiQRzGgc6wObG6wnA%3BFTmR1gIduhB5AA%3BFa-y2QIdoSh5AA&amp;hl=de&amp;mra=dme&amp;mrsp=7&amp;sz=12&amp;via=1,2,3,4,5,6&amp;dirflg=h&amp;sll=47.625141,7.927666&amp;sspn=0.177246,0.308647&amp;ie=UTF8&amp;ll=47.625141,7.927666&amp;spn=0.177246,0.308647&amp;t=h\">Gr\u00f6\u00dfere Kartenansicht<\/a><\/small><\/p>\n<p>Day keinenblassenschimmer,<\/p>\n<p>nett gefr\u00fchst\u00fcckt, raus auffs Mopped, die Sonne lacht. Auf den ersten (letzten &#8222;echten&#8220; f\u00fcr diese Reise) Pass f\u00fcr heute gebraust, 1500m H\u00f6he. Kommen mir vor wie ein H\u00fcgel. Es f\u00e4hrt sich wunderbar, der alte Kurvenswing wird wieder getanzt und ich komm dann doch mal in den 4ten Gang. Wusst schon gar nicht mehr das ich den habe&#8230;<br \/>\nEs l\u00e4uft fl\u00fcssig, die Strassen sind sch\u00f6n, es geht durch winzige K\u00e4ffer, kleine Verbindungsstr\u00e4sschen und abgefahrene Single Road Tracks. Die Kilometer rasen an mir vorbei, oder rast da was anderes? Wie leicht f\u00e4llt man wieder in alte Gewohnheiten zur\u00fcck, keine Tornante, kein Stress&#8230; Also Gaaaaaaaaaaaas.<\/p>\n<p>Tja und was soll ich sagen, Pl\u00f6tztlich steht da das Schild &#8222;Deutschland&#8220; vor mir. Ich bin verwirrt, wieso Deutschland? Ich bin doch viel zu fr\u00fch da. Ich gr\u00fcbele \u00fcber den Schwarzwald nach. Wird der mich jetzt nach dem was ich alles erlebt habe noch richtig gl\u00fccklich machen? Auf der anderen Seite habe ich schon lange nicht mehr zu Hause geschlafen&#8230;<\/p>\n<p>OK, ich fahr durch und bin abends gegen 17:30 in Saarbr\u00fccken zur\u00fcck. Gute 430 Kilometer abgerissen. Die meisten davon in gutem Tempo^^. Die Taschen abgeschnallt, das Mopped in den Stall geritten und sich vor die heimatliche Bar gesetzt und ein Hefe getrunken. Ich k\u00f6nnt jetzt auch in Italien oder Slowenien oder \u00d6sterreich oder in der Schweiz sein wenn nicht so viele Bekannte Gesichter um mich rum w\u00e4ren. Ich realisiere noch nicht so schnell das die Reise vorbei ist.<\/p>\n<p>Ich werde das wieder machen, sicher. Ganz sicher, ganz sicher wieder allein. Und vielleicht dann doch s\u00fcdlicher am Wasser lang. Mal sehn.<\/p>\n<p>&nbsp;<\/p>\n<p><a title=\"Stage 11 Vogesen Saarbr\u00fccken\" href=\"http:\/\/timehealsnothing.de\/blog\/?page_id=131\">Go to Stage 11<\/a><\/p>\n<div class=\"sharedaddy sd-sharing-enabled\"><div class=\"robots-nocontent sd-block sd-social sd-social-icon-text sd-sharing\"><h3 class=\"sd-title\">Teilen mit:<\/h3><div class=\"sd-content\"><ul><li class=\"share-facebook\"><a rel=\"nofollow noopener noreferrer\" data-shared=\"sharing-facebook-115\" class=\"share-facebook sd-button share-icon\" href=\"http:\/\/www.timehealsnothing.de\/blog\/sb-villach-adria-sb\/stage-10-durch-die-schweiz-nach-schwarzwald\/?share=facebook\" target=\"_blank\" title=\"Klick, um auf Facebook zu teilen\"><span>Facebook<\/span><\/a><\/li><li class=\"share-twitter\"><a rel=\"nofollow noopener noreferrer\" data-shared=\"sharing-twitter-115\" class=\"share-twitter sd-button share-icon\" href=\"http:\/\/www.timehealsnothing.de\/blog\/sb-villach-adria-sb\/stage-10-durch-die-schweiz-nach-schwarzwald\/?share=twitter\" target=\"_blank\" title=\"Klick, um \u00fcber Twitter zu teilen\"><span>Twitter<\/span><\/a><\/li><li><a href=\"#\" class=\"sharing-anchor sd-button share-more\"><span>Mehr<\/span><\/a><\/li><li class=\"share-end\"><\/li><\/ul><div class=\"sharing-hidden\"><div class=\"inner\" style=\"display: none;\"><ul><li class=\"share-print\"><a rel=\"nofollow noopener noreferrer\" data-shared=\"\" class=\"share-print sd-button share-icon\" href=\"http:\/\/www.timehealsnothing.de\/blog\/sb-villach-adria-sb\/stage-10-durch-die-schweiz-nach-schwarzwald\/\" target=\"_blank\" title=\"Klicken zum Ausdrucken\"><span>Drucken<\/span><\/a><\/li><li class=\"share-pinterest\"><a rel=\"nofollow noopener noreferrer\" data-shared=\"sharing-pinterest-115\" class=\"share-pinterest sd-button share-icon\" href=\"http:\/\/www.timehealsnothing.de\/blog\/sb-villach-adria-sb\/stage-10-durch-die-schweiz-nach-schwarzwald\/?share=pinterest\" target=\"_blank\" title=\"Klick, um auf Pinterest zu teilen\"><span>Pinterest<\/span><\/a><\/li><li class=\"share-end\"><\/li><li class=\"share-end\"><\/li><\/ul><\/div><\/div><\/div><\/div><\/div>","protected":false},"excerpt":{"rendered":"<p>.ign Datei als Download Gr\u00f6\u00dfere Kartenansicht Day keinenblassenschimmer, nett gefr\u00fchst\u00fcckt, raus auffs Mopped, die Sonne lacht. Auf den ersten (letzten &#8222;echten&#8220; f\u00fcr diese Reise) Pass f\u00fcr heute gebraust, 1500m H\u00f6he. Kommen mir vor wie ein H\u00fcgel. Es f\u00e4hrt sich wunderbar, &hellip; <a href=\"http:\/\/www.timehealsnothing.de\/blog\/sb-villach-adria-sb\/stage-10-durch-die-schweiz-nach-schwarzwald\/\">Weiterlesen <span class=\"meta-nav\">&rarr;<\/span><\/a><\/p>\n<div class=\"sharedaddy sd-sharing-enabled\"><div class=\"robots-nocontent sd-block sd-social sd-social-icon-text sd-sharing\"><h3 class=\"sd-title\">Teilen mit:<\/h3><div class=\"sd-content\"><ul><li class=\"share-facebook\"><a rel=\"nofollow noopener noreferrer\" data-shared=\"sharing-facebook-115\" class=\"share-facebook sd-button share-icon\" href=\"http:\/\/www.timehealsnothing.de\/blog\/sb-villach-adria-sb\/stage-10-durch-die-schweiz-nach-schwarzwald\/?share=facebook\" target=\"_blank\" title=\"Klick, um auf Facebook zu teilen\"><span>Facebook<\/span><\/a><\/li><li class=\"share-twitter\"><a rel=\"nofollow noopener noreferrer\" data-shared=\"sharing-twitter-115\" class=\"share-twitter sd-button share-icon\" href=\"http:\/\/www.timehealsnothing.de\/blog\/sb-villach-adria-sb\/stage-10-durch-die-schweiz-nach-schwarzwald\/?share=twitter\" target=\"_blank\" title=\"Klick, um \u00fcber Twitter zu teilen\"><span>Twitter<\/span><\/a><\/li><li><a href=\"#\" class=\"sharing-anchor sd-button share-more\"><span>Mehr<\/span><\/a><\/li><li class=\"share-end\"><\/li><\/ul><div class=\"sharing-hidden\"><div class=\"inner\" style=\"display: none;\"><ul><li class=\"share-print\"><a rel=\"nofollow noopener noreferrer\" data-shared=\"\" class=\"share-print sd-button share-icon\" href=\"http:\/\/www.timehealsnothing.de\/blog\/sb-villach-adria-sb\/stage-10-durch-die-schweiz-nach-schwarzwald\/\" target=\"_blank\" title=\"Klicken zum Ausdrucken\"><span>Drucken<\/span><\/a><\/li><li class=\"share-pinterest\"><a rel=\"nofollow noopener noreferrer\" data-shared=\"sharing-pinterest-115\" class=\"share-pinterest sd-button share-icon\" href=\"http:\/\/www.timehealsnothing.de\/blog\/sb-villach-adria-sb\/stage-10-durch-die-schweiz-nach-schwarzwald\/?share=pinterest\" target=\"_blank\" title=\"Klick, um auf Pinterest zu teilen\"><span>Pinterest<\/span><\/a><\/li><li class=\"share-end\"><\/li><li class=\"share-end\"><\/li><\/ul><\/div><\/div><\/div><\/div><\/div>","protected":false},"author":1,"featured_media":0,"parent":25,"menu_order":0,"comment_status":"closed","ping_status":"closed","template":"","meta":{"ngg_post_thumbnail":0,"spay_email":""},"jetpack_shortlink":"https:\/\/wp.me\/P1CXhb-1R","jetpack_sharing_enabled":true,"jetpack_likes_enabled":true,"_links":{"self":[{"href":"http:\/\/www.timehealsnothing.de\/blog\/wp-json\/wp\/v2\/pages\/115"}],"collection":[{"href":"http:\/\/www.timehealsnothing.de\/blog\/wp-json\/wp\/v2\/pages"}],"about":[{"href":"http:\/\/www.timehealsnothing.de\/blog\/wp-json\/wp\/v2\/types\/page"}],"author":[{"embeddable":true,"href":"http:\/\/www.timehealsnothing.de\/blog\/wp-json\/wp\/v2\/users\/1"}],"replies":[{"embeddable":true,"href":"http:\/\/www.timehealsnothing.de\/blog\/wp-json\/wp\/v2\/comments?post=115"}],"version-history":[{"count":3,"href":"http:\/\/www.timehealsnothing.de\/blog\/wp-json\/wp\/v2\/pages\/115\/revisions"}],"predecessor-version":[{"id":117,"href":"http:\/\/www.timehealsnothing.de\/blog\/wp-json\/wp\/v2\/pages\/115\/revisions\/117"}],"up":[{"embeddable":true,"href":"http:\/\/www.timehealsnothing.de\/blog\/wp-json\/wp\/v2\/pages\/25"}],"wp:attachment":[{"href":"http:\/\/www.timehealsnothing.de\/blog\/wp-json\/wp\/v2\/media?parent=115"}],"curies":[{"name":"wp","href":"https:\/\/api.w.org\/{rel}","templated":true}]}}