{"id":113,"date":"2011-06-09T22:12:02","date_gmt":"2011-06-09T20:12:02","guid":{"rendered":"http:\/\/timehealsnothing.de\/blog\/?page_id=113"},"modified":"2013-06-19T10:21:54","modified_gmt":"2013-06-19T08:21:54","slug":"stage-9-bernadino-nufen-furka-grimselpass","status":"publish","type":"page","link":"http:\/\/www.timehealsnothing.de\/blog\/sb-villach-adria-sb\/stage-9-bernadino-nufen-furka-grimselpass\/","title":{"rendered":"Stage 09 Bernadino, Nufen, Furka, Grimselpass"},"content":{"rendered":"<p><a href=\"http:\/\/timehealsnothing.de\/openfiles\/SB-Adria\/Stage-9-Bernadino-Nufen-Grimsel.zip\">.ign Datei als Download<\/a><\/p>\n<p><iframe src=\"http:\/\/maps.google.de\/maps?f=d&amp;source=s_d&amp;saddr=Zona+Solario%2FRoute+416&amp;daddr=46.68109,8.77673+to:Ossasco+to:46.5494051,8.3600253+to:Route+11+to:46.7264797,8.2195707+to:Wilerstrasse&amp;geocode=FYXuxQIdG2yIAA%3BFQJMyAIdGuyFACkBsgeZUhKFRzF-aUXcAF1qiA%3BFVezxQIdMCyCAA%3BFZ1JxgIdWZB_ACllsnW2Gn-FRzHRXCRnE2CVBA%3BFQCuyAIdgKh9AA%3BFU_9yAIdsmt9AClbGhAq_Y6PRzEGLiZlHP4nsA%3BFehWywIda3x9AA&amp;hl=de&amp;mra=dme&amp;mrsp=4&amp;sz=15&amp;via=1,3,5&amp;dirflg=h&amp;sll=46.706881,8.234639&amp;sspn=0.022542,0.038581&amp;ie=UTF8&amp;ll=46.706823,8.234639&amp;spn=0.022542,0.038581&amp;t=h&amp;output=embed\" height=\"350\" width=\"425\" frameborder=\"0\" marginwidth=\"0\" marginheight=\"0\" scrolling=\"no\"><\/iframe><br \/>\n<small><a style=\"color: #0000ff; text-align: left;\" href=\"http:\/\/maps.google.de\/maps?f=d&amp;source=embed&amp;saddr=Zona+Solario%2FRoute+416&amp;daddr=46.68109,8.77673+to:Ossasco+to:46.5494051,8.3600253+to:Route+11+to:46.7264797,8.2195707+to:Wilerstrasse&amp;geocode=FYXuxQIdG2yIAA%3BFQJMyAIdGuyFACkBsgeZUhKFRzF-aUXcAF1qiA%3BFVezxQIdMCyCAA%3BFZ1JxgIdWZB_ACllsnW2Gn-FRzHRXCRnE2CVBA%3BFQCuyAIdgKh9AA%3BFU_9yAIdsmt9AClbGhAq_Y6PRzEGLiZlHP4nsA%3BFehWywIda3x9AA&amp;hl=de&amp;mra=dme&amp;mrsp=4&amp;sz=15&amp;via=1,3,5&amp;dirflg=h&amp;sll=46.706881,8.234639&amp;sspn=0.022542,0.038581&amp;ie=UTF8&amp;ll=46.706823,8.234639&amp;spn=0.022542,0.038581&amp;t=h\">Gr\u00f6\u00dfere Kartenansicht<\/a><\/small><\/p>\n<p>Alles komplett gestern runter geritten. Es wird immer schwerer l\u00e4nger auf dem Mopped zu sitzen, mein Arsch ist undankbar. Ein grosses Lob an Tom Tom Urban Rider, ohne dich h\u00e4tte ich viele der aussergew\u00f6hnlich guten Strasse und P\u00e4sse verpasst. Mit dir werd ich auch gerne die n\u00e4chste Tour fahren. Du redest auch nicht so viel&#8230;<\/p>\n<p>&nbsp;<\/p>\n<p><a title=\"Stage 10 durch die Schweiz nach Schwarzwald\" href=\"http:\/\/timehealsnothing.de\/blog\/?page_id=115\">Go to Stage 10<\/a><\/p>\n<div class=\"sharedaddy sd-sharing-enabled\"><div class=\"robots-nocontent sd-block sd-social sd-social-icon-text sd-sharing\"><h3 class=\"sd-title\">Teilen mit:<\/h3><div class=\"sd-content\"><ul><li class=\"share-facebook\"><a rel=\"nofollow noopener noreferrer\" data-shared=\"sharing-facebook-113\" class=\"share-facebook sd-button share-icon\" href=\"http:\/\/www.timehealsnothing.de\/blog\/sb-villach-adria-sb\/stage-9-bernadino-nufen-furka-grimselpass\/?share=facebook\" target=\"_blank\" title=\"Klick, um auf Facebook zu teilen\"><span>Facebook<\/span><\/a><\/li><li class=\"share-twitter\"><a rel=\"nofollow noopener noreferrer\" data-shared=\"sharing-twitter-113\" class=\"share-twitter sd-button share-icon\" href=\"http:\/\/www.timehealsnothing.de\/blog\/sb-villach-adria-sb\/stage-9-bernadino-nufen-furka-grimselpass\/?share=twitter\" target=\"_blank\" title=\"Klick, um \u00fcber Twitter zu teilen\"><span>Twitter<\/span><\/a><\/li><li><a href=\"#\" class=\"sharing-anchor sd-button share-more\"><span>Mehr<\/span><\/a><\/li><li class=\"share-end\"><\/li><\/ul><div class=\"sharing-hidden\"><div class=\"inner\" style=\"display: none;\"><ul><li class=\"share-print\"><a rel=\"nofollow noopener noreferrer\" data-shared=\"\" class=\"share-print sd-button share-icon\" href=\"http:\/\/www.timehealsnothing.de\/blog\/sb-villach-adria-sb\/stage-9-bernadino-nufen-furka-grimselpass\/\" target=\"_blank\" title=\"Klicken zum Ausdrucken\"><span>Drucken<\/span><\/a><\/li><li class=\"share-pinterest\"><a rel=\"nofollow noopener noreferrer\" data-shared=\"sharing-pinterest-113\" class=\"share-pinterest sd-button share-icon\" href=\"http:\/\/www.timehealsnothing.de\/blog\/sb-villach-adria-sb\/stage-9-bernadino-nufen-furka-grimselpass\/?share=pinterest\" target=\"_blank\" title=\"Klick, um auf Pinterest zu teilen\"><span>Pinterest<\/span><\/a><\/li><li class=\"share-end\"><\/li><li class=\"share-end\"><\/li><\/ul><\/div><\/div><\/div><\/div><\/div>","protected":false},"excerpt":{"rendered":"<p>.ign Datei als Download Gr\u00f6\u00dfere Kartenansicht Alles komplett gestern runter geritten. Es wird immer schwerer l\u00e4nger auf dem Mopped zu sitzen, mein Arsch ist undankbar. Ein grosses Lob an Tom Tom Urban Rider, ohne dich h\u00e4tte ich viele der aussergew\u00f6hnlich &hellip; <a href=\"http:\/\/www.timehealsnothing.de\/blog\/sb-villach-adria-sb\/stage-9-bernadino-nufen-furka-grimselpass\/\">Weiterlesen <span class=\"meta-nav\">&rarr;<\/span><\/a><\/p>\n<div class=\"sharedaddy sd-sharing-enabled\"><div class=\"robots-nocontent sd-block sd-social sd-social-icon-text sd-sharing\"><h3 class=\"sd-title\">Teilen mit:<\/h3><div class=\"sd-content\"><ul><li class=\"share-facebook\"><a rel=\"nofollow noopener noreferrer\" data-shared=\"sharing-facebook-113\" class=\"share-facebook sd-button share-icon\" href=\"http:\/\/www.timehealsnothing.de\/blog\/sb-villach-adria-sb\/stage-9-bernadino-nufen-furka-grimselpass\/?share=facebook\" target=\"_blank\" title=\"Klick, um auf Facebook zu teilen\"><span>Facebook<\/span><\/a><\/li><li class=\"share-twitter\"><a rel=\"nofollow noopener noreferrer\" data-shared=\"sharing-twitter-113\" class=\"share-twitter sd-button share-icon\" href=\"http:\/\/www.timehealsnothing.de\/blog\/sb-villach-adria-sb\/stage-9-bernadino-nufen-furka-grimselpass\/?share=twitter\" target=\"_blank\" title=\"Klick, um \u00fcber Twitter zu teilen\"><span>Twitter<\/span><\/a><\/li><li><a href=\"#\" class=\"sharing-anchor sd-button share-more\"><span>Mehr<\/span><\/a><\/li><li class=\"share-end\"><\/li><\/ul><div class=\"sharing-hidden\"><div class=\"inner\" style=\"display: none;\"><ul><li class=\"share-print\"><a rel=\"nofollow noopener noreferrer\" data-shared=\"\" class=\"share-print sd-button share-icon\" href=\"http:\/\/www.timehealsnothing.de\/blog\/sb-villach-adria-sb\/stage-9-bernadino-nufen-furka-grimselpass\/\" target=\"_blank\" title=\"Klicken zum Ausdrucken\"><span>Drucken<\/span><\/a><\/li><li class=\"share-pinterest\"><a rel=\"nofollow noopener noreferrer\" data-shared=\"sharing-pinterest-113\" class=\"share-pinterest sd-button share-icon\" href=\"http:\/\/www.timehealsnothing.de\/blog\/sb-villach-adria-sb\/stage-9-bernadino-nufen-furka-grimselpass\/?share=pinterest\" target=\"_blank\" title=\"Klick, um auf Pinterest zu teilen\"><span>Pinterest<\/span><\/a><\/li><li class=\"share-end\"><\/li><li class=\"share-end\"><\/li><\/ul><\/div><\/div><\/div><\/div><\/div>","protected":false},"author":1,"featured_media":0,"parent":25,"menu_order":0,"comment_status":"closed","ping_status":"closed","template":"","meta":{"ngg_post_thumbnail":0,"spay_email":""},"jetpack_shortlink":"https:\/\/wp.me\/P1CXhb-1P","jetpack_sharing_enabled":true,"jetpack_likes_enabled":true,"_links":{"self":[{"href":"http:\/\/www.timehealsnothing.de\/blog\/wp-json\/wp\/v2\/pages\/113"}],"collection":[{"href":"http:\/\/www.timehealsnothing.de\/blog\/wp-json\/wp\/v2\/pages"}],"about":[{"href":"http:\/\/www.timehealsnothing.de\/blog\/wp-json\/wp\/v2\/types\/page"}],"author":[{"embeddable":true,"href":"http:\/\/www.timehealsnothing.de\/blog\/wp-json\/wp\/v2\/users\/1"}],"replies":[{"embeddable":true,"href":"http:\/\/www.timehealsnothing.de\/blog\/wp-json\/wp\/v2\/comments?post=113"}],"version-history":[{"count":4,"href":"http:\/\/www.timehealsnothing.de\/blog\/wp-json\/wp\/v2\/pages\/113\/revisions"}],"predecessor-version":[{"id":119,"href":"http:\/\/www.timehealsnothing.de\/blog\/wp-json\/wp\/v2\/pages\/113\/revisions\/119"}],"up":[{"embeddable":true,"href":"http:\/\/www.timehealsnothing.de\/blog\/wp-json\/wp\/v2\/pages\/25"}],"wp:attachment":[{"href":"http:\/\/www.timehealsnothing.de\/blog\/wp-json\/wp\/v2\/media?parent=113"}],"curies":[{"name":"wp","href":"https:\/\/api.w.org\/{rel}","templated":true}]}}