{"id":111,"date":"2011-06-09T22:04:59","date_gmt":"2011-06-09T20:04:59","guid":{"rendered":"http:\/\/timehealsnothing.de\/blog\/?page_id=111"},"modified":"2013-06-19T10:20:59","modified_gmt":"2013-06-19T08:20:59","slug":"stage-8-albula-julierpass-san-bernadino","status":"publish","type":"page","link":"http:\/\/www.timehealsnothing.de\/blog\/sb-villach-adria-sb\/stage-8-albula-julierpass-san-bernadino\/","title":{"rendered":"Stage 08 Albula Julierpass San Bernadino"},"content":{"rendered":"<p>Der Tag des langen Rittes, ich bin leider schon fast zu Hause.<\/p>\n<p><a href=\"http:\/\/timehealsnothing.de\/openfiles\/SB-Adria\/Stage-8-Albula-San-Bernadino.zip\">.ign Datei als Download<\/a><\/p>\n<p><iframe src=\"http:\/\/maps.google.de\/maps?f=d&amp;source=s_d&amp;saddr=Bellaluna&amp;daddr=46.5447879,9.8832701+to:46.523149,9.862936+to:Via+Somplaz+to:Julierpass%2FRoute+3+to:Julierstrasse%2FRoute+3+to:Viamala%2FRoute+13+to:Route+13+to:46.4445199,8.9316955+to:46.4700602,8.9276976+to:Zona+Solario%2FRoute+416&amp;geocode=FUGOxwIdY66UAA%3BFZM3xgIdhs6WACnlWYMS13yDRzGx74PYkctQPg%3BFQ3jxQIdGH-WACkJYqe6BX2DRzEzeLOW2nhRjg%3BFfZ8xQId0hmWAA%3BFUkcxQIdLG2UAA%3BFVrvxwIdXCSSAA%3BFeAfyAIdpDGQAA%3BFbSkxAIdxmyMAA%3BFeevxAIdb0mIACkjRFK3KaqFRzGwoC1iyZAftg%3BFawTxQId0TmIAClfbD3o-qmFRzGqioMATqe2Zw%3BFYXuxQIdG2yIAA&amp;hl=de&amp;mra=dpe&amp;mrsp=8&amp;sz=15&amp;via=1,2,8,9&amp;dirflg=h&amp;sll=46.449419,8.938322&amp;sspn=0.022649,0.038581&amp;ie=UTF8&amp;ll=46.44936,8.938322&amp;spn=0.022649,0.038581&amp;t=h&amp;output=embed\" height=\"350\" width=\"425\" frameborder=\"0\" marginwidth=\"0\" marginheight=\"0\" scrolling=\"no\"><\/iframe><br \/>\n<small><a style=\"color: #0000ff; text-align: left;\" href=\"http:\/\/maps.google.de\/maps?f=d&amp;source=embed&amp;saddr=Bellaluna&amp;daddr=46.5447879,9.8832701+to:46.523149,9.862936+to:Via+Somplaz+to:Julierpass%2FRoute+3+to:Julierstrasse%2FRoute+3+to:Viamala%2FRoute+13+to:Route+13+to:46.4445199,8.9316955+to:46.4700602,8.9276976+to:Zona+Solario%2FRoute+416&amp;geocode=FUGOxwIdY66UAA%3BFZM3xgIdhs6WACnlWYMS13yDRzGx74PYkctQPg%3BFQ3jxQIdGH-WACkJYqe6BX2DRzEzeLOW2nhRjg%3BFfZ8xQId0hmWAA%3BFUkcxQIdLG2UAA%3BFVrvxwIdXCSSAA%3BFeAfyAIdpDGQAA%3BFbSkxAIdxmyMAA%3BFeevxAIdb0mIACkjRFK3KaqFRzGwoC1iyZAftg%3BFawTxQId0TmIAClfbD3o-qmFRzGqioMATqe2Zw%3BFYXuxQIdG2yIAA&amp;hl=de&amp;mra=dpe&amp;mrsp=8&amp;sz=15&amp;via=1,2,8,9&amp;dirflg=h&amp;sll=46.449419,8.938322&amp;sspn=0.022649,0.038581&amp;ie=UTF8&amp;ll=46.44936,8.938322&amp;spn=0.022649,0.038581&amp;t=h\">Gr\u00f6\u00dfere Kartenansicht<\/a><\/small><\/p>\n<p>Day wasweissichdenn,<\/p>\n<p>Heute war wieder Tag des langen, harten Rittes. Ich bin jetzt aktuell 1 unter Par. Will sagen, da ich gestern bis direkt unter den San Bernadino gekommen bin, hab ich heute die gestern angefangene Tour zuende gefahren und die komplette n\u00e4chste Route auch gleich mit gemacht.<\/p>\n<p>Der San Bernadino, tolle Tornante, sehr geile Landschaft oben auf dem Pass und eine Abfahrt vom feinsten. Danach kamen mehrere kleinere P\u00e4sse deren Namen an mir vorbeigeflogen sind wie die Passh\u00f6he an sich.<br \/>\nDa es seit Slowenien nicht mehr gepisst hat, d\u00fcrfte ich heute die Regenklamotten wieder ausgiebig nutzen. Deshalb hab ich die Tremola mal Tremola sein lassen, weil nasses Kopfsteinpflaster nicht wirklich prickelnd zu fahren ist. Der komplette Gotthard in den Wolken und das verschissene Wasser, was von oben runter f\u00e4llt, tut sein \u00fcbriges. Stimmung auf Ground Zero und etwas darunter.<\/p>\n<p>Das n\u00e4chste wirklich interessante Schild plappert was vom Nuffen Pass. Jihaaa, da samma richtig.<br \/>\nIch spar mir jetzt mal die Ausschm\u00fcckung, der Nuffen ist ein ganz feiner Pass. Sollte man mitnehmen wenn man eh in der Ecke ist. Danach etwas Kurvenswing durch das ein oder andere Tal, und wenn es nicht so penetrant gepisst h\u00e4tte w\u00e4re ich wirklich richtig gl\u00fccklich gewesen. Also am fr\u00fchen Nachmittag schon mit Zimmersuche angefangen, warum nicht, Saufen hat noch jeden Tag gerettet.<\/p>\n<p>Also bei dem Schild Motorradbetten, in Kooperation mit der ein und anderen Moppedzeitung, rausgefahren und freundlich nach Zimmer gefragt. Ja sicherlich, wortete das Rezeptionsm\u00e4nnlein ant, 100 Fr\u00e4nklie w\u00fcrd das kosten tun. Ja, ficken doch, nicht jeder Biker ist ein Harley-Davidson fahrender Arzt oder Anwalt, auch kein 1200 GS fahrender, besserverdienender, Rukka tragender Fahranf\u00e4nger. Das ist bei 2 anderen Bikerfreundlichen Schlafgelegenheitsverk\u00e4ufern auch der g\u00e4ngige Tarif gewesen. Na dann halt nicht, fahren macht eh mehr spass.<br \/>\nBy the way, 2 Daumen hoch an die Kreidler Gang die mit ihren Floretts eisern den Pass bezwungen haben.<br \/>\nSachen gibts. Aber wieder zur\u00fcck, ich bin angepisst, mein Stimmung geht Richtung null.<\/p>\n<p>Doch was glitzert mir da von einem Schild entgegen?<br \/>\nGrimselpass&#8230; warum nicht, darauf kommt es jetzt auch nicht mehr an. Es nieselt nur noch leicht und die Strasse ist auch nicht mehr komplett nass. Die Anfahrt ist ein Gedicht, die Tornante allererste G\u00fcte, der Himmel klart auf, die Umgebung der Oberhammer. Oben auf der Passh\u00f6he dann blauer Himmel, Gebirge in absoluter H\u00f6chstform, Blick ins Tal auf ne Staustufe die sich gewaschen hat. Kehren wie aus dem Bilderbuch, Strassen wie geleckt. Alles vom feinsten. Meine Stimmung steigert sich in h\u00f6chste H\u00f6hen, mein Arsch tut nicht mehr weh. Die Regenklamotten eingepackt, leichte Handschuhe rausgekramt und mit einem extrem breiten grinsen den Grimselpass runter geritten.<\/p>\n<p>Ich f\u00fchle mich grossartig, also weiter und die Sonne ausgekostet. Kurvenpogo durch erste Sahne T\u00e4ler, Es k\u00f6nnt noch Stunden so weiter gehen. Gegen 18:00 komm ich an nem riesen See vorbei. Hier wird das n\u00e4chste Hotel mein sein. Gesagt, tun, getan. Hier bin ich nun, Hotel am See, Erdinger Hefe vor mir, der Rindsschmorbraten ist am anrollen. Und wieder ist mein Leben eines der besten.<br \/>\nIrgendwie scheint an diesem Mist See ein Harleytreffen zu sein, Minutenlang f\u00e4hrt amerikanisches Alteisen an mir vorbei, und Gr\u00fcssen k\u00f6nne die Buben nicht, weil Sie warscheinlich Angst haben dass es ihnen den Lenker wegvibriert wenn Sie ihn loslassen. Isch kool mann.<br \/>\nProst.<\/p>\n<p>Der Grimsel und die Felsen und das Wasser<\/p>\n<p><img alt=\"Grimselpass\" src=\"https:\/\/i2.wp.com\/timehealsnothing.de\/openfiles\/SB-Adria\/8-grimsel.jpg?w=640\" data-recalc-dims=\"1\" \/><\/p>\n<p>und noch mehr Grimselpass<\/p>\n<p><img alt=\"Grimselpasswasser\" src=\"https:\/\/i0.wp.com\/timehealsnothing.de\/openfiles\/SB-Adria\/8-nochmal-grimsel.jpg?w=640\" data-recalc-dims=\"1\" \/><\/p>\n<p>&nbsp;<\/p>\n<p><a title=\"Stage 09 Bernadino, Nufen, Furka, Grimselpass\" href=\"http:\/\/timehealsnothing.de\/blog\/?page_id=113\">Go to Stage 9<\/a><\/p>\n<div class=\"sharedaddy sd-sharing-enabled\"><div class=\"robots-nocontent sd-block sd-social sd-social-icon-text sd-sharing\"><h3 class=\"sd-title\">Teilen mit:<\/h3><div class=\"sd-content\"><ul><li class=\"share-facebook\"><a rel=\"nofollow noopener noreferrer\" data-shared=\"sharing-facebook-111\" class=\"share-facebook sd-button share-icon\" href=\"http:\/\/www.timehealsnothing.de\/blog\/sb-villach-adria-sb\/stage-8-albula-julierpass-san-bernadino\/?share=facebook\" target=\"_blank\" title=\"Klick, um auf Facebook zu teilen\"><span>Facebook<\/span><\/a><\/li><li class=\"share-twitter\"><a rel=\"nofollow noopener noreferrer\" data-shared=\"sharing-twitter-111\" class=\"share-twitter sd-button share-icon\" href=\"http:\/\/www.timehealsnothing.de\/blog\/sb-villach-adria-sb\/stage-8-albula-julierpass-san-bernadino\/?share=twitter\" target=\"_blank\" title=\"Klick, um \u00fcber Twitter zu teilen\"><span>Twitter<\/span><\/a><\/li><li><a href=\"#\" class=\"sharing-anchor sd-button share-more\"><span>Mehr<\/span><\/a><\/li><li class=\"share-end\"><\/li><\/ul><div class=\"sharing-hidden\"><div class=\"inner\" style=\"display: none;\"><ul><li class=\"share-print\"><a rel=\"nofollow noopener noreferrer\" data-shared=\"\" class=\"share-print sd-button share-icon\" href=\"http:\/\/www.timehealsnothing.de\/blog\/sb-villach-adria-sb\/stage-8-albula-julierpass-san-bernadino\/\" target=\"_blank\" title=\"Klicken zum Ausdrucken\"><span>Drucken<\/span><\/a><\/li><li class=\"share-pinterest\"><a rel=\"nofollow noopener noreferrer\" data-shared=\"sharing-pinterest-111\" class=\"share-pinterest sd-button share-icon\" href=\"http:\/\/www.timehealsnothing.de\/blog\/sb-villach-adria-sb\/stage-8-albula-julierpass-san-bernadino\/?share=pinterest\" target=\"_blank\" title=\"Klick, um auf Pinterest zu teilen\"><span>Pinterest<\/span><\/a><\/li><li class=\"share-end\"><\/li><li class=\"share-end\"><\/li><\/ul><\/div><\/div><\/div><\/div><\/div>","protected":false},"excerpt":{"rendered":"<p>Der Tag des langen Rittes, ich bin leider schon fast zu Hause. .ign Datei als Download Gr\u00f6\u00dfere Kartenansicht Day wasweissichdenn, Heute war wieder Tag des langen, harten Rittes. Ich bin jetzt aktuell 1 unter Par. Will sagen, da ich gestern &hellip; <a href=\"http:\/\/www.timehealsnothing.de\/blog\/sb-villach-adria-sb\/stage-8-albula-julierpass-san-bernadino\/\">Weiterlesen <span class=\"meta-nav\">&rarr;<\/span><\/a><\/p>\n<div class=\"sharedaddy sd-sharing-enabled\"><div class=\"robots-nocontent sd-block sd-social sd-social-icon-text sd-sharing\"><h3 class=\"sd-title\">Teilen mit:<\/h3><div class=\"sd-content\"><ul><li class=\"share-facebook\"><a rel=\"nofollow noopener noreferrer\" data-shared=\"sharing-facebook-111\" class=\"share-facebook sd-button share-icon\" href=\"http:\/\/www.timehealsnothing.de\/blog\/sb-villach-adria-sb\/stage-8-albula-julierpass-san-bernadino\/?share=facebook\" target=\"_blank\" title=\"Klick, um auf Facebook zu teilen\"><span>Facebook<\/span><\/a><\/li><li class=\"share-twitter\"><a rel=\"nofollow noopener noreferrer\" data-shared=\"sharing-twitter-111\" class=\"share-twitter sd-button share-icon\" href=\"http:\/\/www.timehealsnothing.de\/blog\/sb-villach-adria-sb\/stage-8-albula-julierpass-san-bernadino\/?share=twitter\" target=\"_blank\" title=\"Klick, um \u00fcber Twitter zu teilen\"><span>Twitter<\/span><\/a><\/li><li><a href=\"#\" class=\"sharing-anchor sd-button share-more\"><span>Mehr<\/span><\/a><\/li><li class=\"share-end\"><\/li><\/ul><div class=\"sharing-hidden\"><div class=\"inner\" style=\"display: none;\"><ul><li class=\"share-print\"><a rel=\"nofollow noopener noreferrer\" data-shared=\"\" class=\"share-print sd-button share-icon\" href=\"http:\/\/www.timehealsnothing.de\/blog\/sb-villach-adria-sb\/stage-8-albula-julierpass-san-bernadino\/\" target=\"_blank\" title=\"Klicken zum Ausdrucken\"><span>Drucken<\/span><\/a><\/li><li class=\"share-pinterest\"><a rel=\"nofollow noopener noreferrer\" data-shared=\"sharing-pinterest-111\" class=\"share-pinterest sd-button share-icon\" href=\"http:\/\/www.timehealsnothing.de\/blog\/sb-villach-adria-sb\/stage-8-albula-julierpass-san-bernadino\/?share=pinterest\" target=\"_blank\" title=\"Klick, um auf Pinterest zu teilen\"><span>Pinterest<\/span><\/a><\/li><li class=\"share-end\"><\/li><li class=\"share-end\"><\/li><\/ul><\/div><\/div><\/div><\/div><\/div>","protected":false},"author":1,"featured_media":0,"parent":25,"menu_order":0,"comment_status":"closed","ping_status":"closed","template":"","meta":{"ngg_post_thumbnail":0,"spay_email":""},"jetpack_shortlink":"https:\/\/wp.me\/P1CXhb-1N","jetpack_sharing_enabled":true,"jetpack_likes_enabled":true,"_links":{"self":[{"href":"http:\/\/www.timehealsnothing.de\/blog\/wp-json\/wp\/v2\/pages\/111"}],"collection":[{"href":"http:\/\/www.timehealsnothing.de\/blog\/wp-json\/wp\/v2\/pages"}],"about":[{"href":"http:\/\/www.timehealsnothing.de\/blog\/wp-json\/wp\/v2\/types\/page"}],"author":[{"embeddable":true,"href":"http:\/\/www.timehealsnothing.de\/blog\/wp-json\/wp\/v2\/users\/1"}],"replies":[{"embeddable":true,"href":"http:\/\/www.timehealsnothing.de\/blog\/wp-json\/wp\/v2\/comments?post=111"}],"version-history":[{"count":4,"href":"http:\/\/www.timehealsnothing.de\/blog\/wp-json\/wp\/v2\/pages\/111\/revisions"}],"predecessor-version":[{"id":121,"href":"http:\/\/www.timehealsnothing.de\/blog\/wp-json\/wp\/v2\/pages\/111\/revisions\/121"}],"up":[{"embeddable":true,"href":"http:\/\/www.timehealsnothing.de\/blog\/wp-json\/wp\/v2\/pages\/25"}],"wp:attachment":[{"href":"http:\/\/www.timehealsnothing.de\/blog\/wp-json\/wp\/v2\/media?parent=111"}],"curies":[{"name":"wp","href":"https:\/\/api.w.org\/{rel}","templated":true}]}}