{"id":106,"date":"2011-06-09T21:45:38","date_gmt":"2011-06-09T19:45:38","guid":{"rendered":"http:\/\/timehealsnothing.de\/blog\/?page_id=106"},"modified":"2013-06-19T10:20:25","modified_gmt":"2013-06-19T08:20:25","slug":"stage-7-timmelsjoch-stilfser-joch-umbrail-pass-fluela-pass-albula-pass","status":"publish","type":"page","link":"http:\/\/www.timehealsnothing.de\/blog\/sb-villach-adria-sb\/stage-7-timmelsjoch-stilfser-joch-umbrail-pass-fluela-pass-albula-pass\/","title":{"rendered":"Stage 07 Timmelsjoch Stilfser Joch Umbrail Pass Fl\u00fcela Pass Albula Pass"},"content":{"rendered":"<p>Auch heute wieder weiter als geplant gefahren, geht wenn man alleine ist dann doch etwas einfacher.<\/p>\n<p><a href=\"http:\/\/timehealsnothing.de\/openfiles\/SB-Adria\/Stage-7-Timmelsjoch-Stilfser-Joch-Albula-Pass.zip\">.ign Datei als Download<\/a><\/p>\n<p><iframe src=\"http:\/\/maps.google.de\/maps?f=d&amp;source=s_d&amp;saddr=SS44bis&amp;daddr=46.6614671,11.052283+to:46.655536,11.032743+to:SS38dir+b+to:Via+Umbrail+to:Route+28abc+to:Fl%C3%BCelastrasse%2FRoute+28abc+to:Bellaluna&amp;geocode=FfhcywIdSo6pAA%3BFVv_xwId-6SoACmTY2p1ocCCRzGAhp8QhwkHEw%3BFTDoxwIdp1ioACnR0dW88cCCRzGQv-QQhwkHEw%3BFRkpxgIdSDGfAA%3BFcIKxwIdjx6fAA%3BFSuIyAId5VuaAA%3BFb9JygIdYkqWAA%3BFUGOxwIdY66UAA&amp;hl=de&amp;mra=mrv&amp;via=1,2&amp;dirflg=h&amp;sll=46.674177,9.654987&amp;sspn=0.011278,0.01929&amp;ie=UTF8&amp;ll=46.712475,10.435185&amp;spn=0.36785,1.62057&amp;t=h&amp;output=embed\" height=\"350\" width=\"425\" frameborder=\"0\" marginwidth=\"0\" marginheight=\"0\" scrolling=\"no\"><\/iframe><br \/>\n<small><a style=\"color: #0000ff; text-align: left;\" href=\"http:\/\/maps.google.de\/maps?f=d&amp;source=embed&amp;saddr=SS44bis&amp;daddr=46.6614671,11.052283+to:46.655536,11.032743+to:SS38dir+b+to:Via+Umbrail+to:Route+28abc+to:Fl%C3%BCelastrasse%2FRoute+28abc+to:Bellaluna&amp;geocode=FfhcywIdSo6pAA%3BFVv_xwId-6SoACmTY2p1ocCCRzGAhp8QhwkHEw%3BFTDoxwIdp1ioACnR0dW88cCCRzGQv-QQhwkHEw%3BFRkpxgIdSDGfAA%3BFcIKxwIdjx6fAA%3BFSuIyAId5VuaAA%3BFb9JygIdYkqWAA%3BFUGOxwIdY66UAA&amp;hl=de&amp;mra=mrv&amp;via=1,2&amp;dirflg=h&amp;sll=46.674177,9.654987&amp;sspn=0.011278,0.01929&amp;ie=UTF8&amp;ll=46.712475,10.435185&amp;spn=0.36785,1.62057&amp;t=h\">Gr\u00f6\u00dfere Kartenansicht<\/a><\/small><\/p>\n<p>Day seven, glaub ich,<\/p>\n<p>Knapp 2800m Passh\u00f6he, die ersten Tornante in sch\u00f6nstem Wald, dann nur noch Wiesen, dann nur noch Fels. Ich fahre durch Nebel, der dann doch die Wolkendecke wird. Abgefahrende Stimmung beim Hochfahren. Die Kurven h\u00f6ren irgendwie nicht auf, und das ist gut so. Oben am Pass dann Wetterscheide, auf der einen Seite Wolken, nix zu sehen. Auf der anderen Seite, Sommer, Sonne, Sonnenschein. Seltsam, aber so steht es geschrieben. Also Spass mach der Passo di Stilvio scho. Kann man nicht meckern. Ist was anderes als sonst die Passh\u00f6he, so mit Verkaufsst\u00e4nden und so Buden&#8230;<\/p>\n<p>Paar Meter runter und r\u00fcber auf den Umbrail Pass. Nett zum runter fahren und wach werden. Ca abertausende von Tornante und Kilometer um Kilometer von fr\u00f6hlicher Schotterrutscherei. Egal auch das geh\u00f6rt zum Komplettpaket. Fr\u00f6hlicher Kurvenswing bis ein unscheinbares Schild in einem unscheinbaren Kaff den netten Namen &#8222;Albula&#8220; anzeigt. Also nichts wie hoch. Oben sehr abgefahrene Optik, inklu Fahrt auf dem Hochplateau. Die Berge m\u00fcssen irgendwie kaputt gehen. \u00dcberall liegen gr\u00f6ssere und kleinere Felsen rum. Die kriegen auch alles kaputt, die Schweizer. Albula sollte man, wenn man in der N\u00e4he ist, auf jedenfall mitnehmen. Ah, da war noch ein Ofenpass, welcher aber auch wieder eine Rennstrecke war.<\/p>\n<p>Straight am Bonzendorf St. Moritz vorbei. Direkt nach dem Kaff geht es ab zum Julierpass. Auch hier gehen die Berge kaputt, was auch immer die Ricolla Fuzzis mit ihrem Gebirge machen&#8230; F\u00e4hrt sich angenehm, ist aber keiner der guten. Durch T\u00e4ler den Kurvenpogo getanzt und dann doch noch was echt nettes gesehen. Die &#8222;Via Mala&#8220; Schlucht. Steile, tiefe, schroffe Felsw\u00e4nde, wirklich beeindruckend. Und jetzt sitz ich in meiner 8 Personen Fehrienwohnung, die ich alleine f\u0171r mich habe und habe im Rahmen dessen was der \u00f6rtliche Kr\u00e4mer hergibt mir ein Abendessen gezaubert. Fernsehen, Pizza, Bier. Ich bin ja so leicht gl\u00fccklich zu machen&#8230;<\/p>\n<p>Stilfser Joch, die nette Seite^^<\/p>\n<p><img alt=\"Joch von Stilfs\" src=\"https:\/\/i2.wp.com\/timehealsnothing.de\/openfiles\/SB-Adria\/7-stilfserjoch.jpg?w=640\" data-recalc-dims=\"1\" \/><\/p>\n<p>Stilfser Marktbuden<\/p>\n<p><img alt=\"Marktschreier am Joch\" src=\"https:\/\/i1.wp.com\/timehealsnothing.de\/openfiles\/SB-Adria\/7-stilfser-marktbuden.jpg?w=640\" data-recalc-dims=\"1\" \/><\/p>\n<p>&nbsp;<\/p>\n<p><a title=\"Stage 08 Albula Julierpass San Bernadino\" href=\"http:\/\/timehealsnothing.de\/blog\/?page_id=111\">Go to Stage 8<\/a><\/p>\n<div class=\"sharedaddy sd-sharing-enabled\"><div class=\"robots-nocontent sd-block sd-social sd-social-icon-text sd-sharing\"><h3 class=\"sd-title\">Teilen mit:<\/h3><div class=\"sd-content\"><ul><li class=\"share-facebook\"><a rel=\"nofollow noopener noreferrer\" data-shared=\"sharing-facebook-106\" class=\"share-facebook sd-button share-icon\" href=\"http:\/\/www.timehealsnothing.de\/blog\/sb-villach-adria-sb\/stage-7-timmelsjoch-stilfser-joch-umbrail-pass-fluela-pass-albula-pass\/?share=facebook\" target=\"_blank\" title=\"Klick, um auf Facebook zu teilen\"><span>Facebook<\/span><\/a><\/li><li class=\"share-twitter\"><a rel=\"nofollow noopener noreferrer\" data-shared=\"sharing-twitter-106\" class=\"share-twitter sd-button share-icon\" href=\"http:\/\/www.timehealsnothing.de\/blog\/sb-villach-adria-sb\/stage-7-timmelsjoch-stilfser-joch-umbrail-pass-fluela-pass-albula-pass\/?share=twitter\" target=\"_blank\" title=\"Klick, um \u00fcber Twitter zu teilen\"><span>Twitter<\/span><\/a><\/li><li><a href=\"#\" class=\"sharing-anchor sd-button share-more\"><span>Mehr<\/span><\/a><\/li><li class=\"share-end\"><\/li><\/ul><div class=\"sharing-hidden\"><div class=\"inner\" style=\"display: none;\"><ul><li class=\"share-print\"><a rel=\"nofollow noopener noreferrer\" data-shared=\"\" class=\"share-print sd-button share-icon\" href=\"http:\/\/www.timehealsnothing.de\/blog\/sb-villach-adria-sb\/stage-7-timmelsjoch-stilfser-joch-umbrail-pass-fluela-pass-albula-pass\/\" target=\"_blank\" title=\"Klicken zum Ausdrucken\"><span>Drucken<\/span><\/a><\/li><li class=\"share-pinterest\"><a rel=\"nofollow noopener noreferrer\" data-shared=\"sharing-pinterest-106\" class=\"share-pinterest sd-button share-icon\" href=\"http:\/\/www.timehealsnothing.de\/blog\/sb-villach-adria-sb\/stage-7-timmelsjoch-stilfser-joch-umbrail-pass-fluela-pass-albula-pass\/?share=pinterest\" target=\"_blank\" title=\"Klick, um auf Pinterest zu teilen\"><span>Pinterest<\/span><\/a><\/li><li class=\"share-end\"><\/li><li class=\"share-end\"><\/li><\/ul><\/div><\/div><\/div><\/div><\/div>","protected":false},"excerpt":{"rendered":"<p>Auch heute wieder weiter als geplant gefahren, geht wenn man alleine ist dann doch etwas einfacher. .ign Datei als Download Gr\u00f6\u00dfere Kartenansicht Day seven, glaub ich, Knapp 2800m Passh\u00f6he, die ersten Tornante in sch\u00f6nstem Wald, dann nur noch Wiesen, dann &hellip; <a href=\"http:\/\/www.timehealsnothing.de\/blog\/sb-villach-adria-sb\/stage-7-timmelsjoch-stilfser-joch-umbrail-pass-fluela-pass-albula-pass\/\">Weiterlesen <span class=\"meta-nav\">&rarr;<\/span><\/a><\/p>\n<div class=\"sharedaddy sd-sharing-enabled\"><div class=\"robots-nocontent sd-block sd-social sd-social-icon-text sd-sharing\"><h3 class=\"sd-title\">Teilen mit:<\/h3><div class=\"sd-content\"><ul><li class=\"share-facebook\"><a rel=\"nofollow noopener noreferrer\" data-shared=\"sharing-facebook-106\" class=\"share-facebook sd-button share-icon\" href=\"http:\/\/www.timehealsnothing.de\/blog\/sb-villach-adria-sb\/stage-7-timmelsjoch-stilfser-joch-umbrail-pass-fluela-pass-albula-pass\/?share=facebook\" target=\"_blank\" title=\"Klick, um auf Facebook zu teilen\"><span>Facebook<\/span><\/a><\/li><li class=\"share-twitter\"><a rel=\"nofollow noopener noreferrer\" data-shared=\"sharing-twitter-106\" class=\"share-twitter sd-button share-icon\" href=\"http:\/\/www.timehealsnothing.de\/blog\/sb-villach-adria-sb\/stage-7-timmelsjoch-stilfser-joch-umbrail-pass-fluela-pass-albula-pass\/?share=twitter\" target=\"_blank\" title=\"Klick, um \u00fcber Twitter zu teilen\"><span>Twitter<\/span><\/a><\/li><li><a href=\"#\" class=\"sharing-anchor sd-button share-more\"><span>Mehr<\/span><\/a><\/li><li class=\"share-end\"><\/li><\/ul><div class=\"sharing-hidden\"><div class=\"inner\" style=\"display: none;\"><ul><li class=\"share-print\"><a rel=\"nofollow noopener noreferrer\" data-shared=\"\" class=\"share-print sd-button share-icon\" href=\"http:\/\/www.timehealsnothing.de\/blog\/sb-villach-adria-sb\/stage-7-timmelsjoch-stilfser-joch-umbrail-pass-fluela-pass-albula-pass\/\" target=\"_blank\" title=\"Klicken zum Ausdrucken\"><span>Drucken<\/span><\/a><\/li><li class=\"share-pinterest\"><a rel=\"nofollow noopener noreferrer\" data-shared=\"sharing-pinterest-106\" class=\"share-pinterest sd-button share-icon\" href=\"http:\/\/www.timehealsnothing.de\/blog\/sb-villach-adria-sb\/stage-7-timmelsjoch-stilfser-joch-umbrail-pass-fluela-pass-albula-pass\/?share=pinterest\" target=\"_blank\" title=\"Klick, um auf Pinterest zu teilen\"><span>Pinterest<\/span><\/a><\/li><li class=\"share-end\"><\/li><li class=\"share-end\"><\/li><\/ul><\/div><\/div><\/div><\/div><\/div>","protected":false},"author":1,"featured_media":0,"parent":25,"menu_order":0,"comment_status":"closed","ping_status":"closed","template":"","meta":{"ngg_post_thumbnail":0,"spay_email":""},"jetpack_shortlink":"https:\/\/wp.me\/P1CXhb-1I","jetpack_sharing_enabled":true,"jetpack_likes_enabled":true,"_links":{"self":[{"href":"http:\/\/www.timehealsnothing.de\/blog\/wp-json\/wp\/v2\/pages\/106"}],"collection":[{"href":"http:\/\/www.timehealsnothing.de\/blog\/wp-json\/wp\/v2\/pages"}],"about":[{"href":"http:\/\/www.timehealsnothing.de\/blog\/wp-json\/wp\/v2\/types\/page"}],"author":[{"embeddable":true,"href":"http:\/\/www.timehealsnothing.de\/blog\/wp-json\/wp\/v2\/users\/1"}],"replies":[{"embeddable":true,"href":"http:\/\/www.timehealsnothing.de\/blog\/wp-json\/wp\/v2\/comments?post=106"}],"version-history":[{"count":5,"href":"http:\/\/www.timehealsnothing.de\/blog\/wp-json\/wp\/v2\/pages\/106\/revisions"}],"predecessor-version":[{"id":123,"href":"http:\/\/www.timehealsnothing.de\/blog\/wp-json\/wp\/v2\/pages\/106\/revisions\/123"}],"up":[{"embeddable":true,"href":"http:\/\/www.timehealsnothing.de\/blog\/wp-json\/wp\/v2\/pages\/25"}],"wp:attachment":[{"href":"http:\/\/www.timehealsnothing.de\/blog\/wp-json\/wp\/v2\/media?parent=106"}],"curies":[{"name":"wp","href":"https:\/\/api.w.org\/{rel}","templated":true}]}}