{"id":103,"date":"2011-06-09T21:24:25","date_gmt":"2011-06-09T19:24:25","guid":{"rendered":"http:\/\/timehealsnothing.de\/blog\/?page_id=103"},"modified":"2013-06-19T10:19:52","modified_gmt":"2013-06-19T08:19:52","slug":"stage-6-wurzjoch-penser-joch-jaufenpass-timmeljoch","status":"publish","type":"page","link":"http:\/\/www.timehealsnothing.de\/blog\/sb-villach-adria-sb\/stage-6-wurzjoch-penser-joch-jaufenpass-timmeljoch\/","title":{"rendered":"Stage 06 W\u00fcrzjoch Penser Joch Jaufenpass Timmeljoch"},"content":{"rendered":"<p><a href=\"http:\/\/timehealsnothing.de\/openfiles\/SB-Adria\/Stage-6-Passo-Giau-Sellarunde.zip\">.itn Datei als Download<\/a><\/p>\n<p><iframe src=\"http:\/\/maps.google.de\/maps?f=d&amp;source=s_d&amp;saddr=Strada+Col+Alt%2FSS244&amp;daddr=Fraktion+Untermoj%2FSP29+to:46.5988012,11.5097241+to:Kematerstrasse%2FSP135+to:Frazione+Grosso%2FSS508+to:SS44+to:SS44bis&amp;hl=de&amp;geocode=FdBmxgIdMju1AA%3BFagyyAIdyC-0AA%3BFZEKxwId3J-vACnpf3RTnwt4RzHAK-QQhwkHEw%3BFUk3xgIdEa2uAA%3BFRhfxwIdzpKtAA%3BFcB6ygIdf-yrAA%3BFfhcywIdSo6pAA&amp;mra=dme&amp;mrsp=6&amp;sz=14&amp;via=2&amp;dirflg=h&amp;sll=46.898326,11.116962&amp;sspn=0.044924,0.077162&amp;ie=UTF8&amp;ll=46.898326,11.116962&amp;spn=0.044924,0.077162&amp;t=h&amp;output=embed\" height=\"350\" width=\"425\" frameborder=\"0\" marginwidth=\"0\" marginheight=\"0\" scrolling=\"no\"><\/iframe><br \/>\n<small><a style=\"color: #0000ff; text-align: left;\" href=\"http:\/\/maps.google.de\/maps?f=d&amp;source=embed&amp;saddr=Strada+Col+Alt%2FSS244&amp;daddr=Fraktion+Untermoj%2FSP29+to:46.5988012,11.5097241+to:Kematerstrasse%2FSP135+to:Frazione+Grosso%2FSS508+to:SS44+to:SS44bis&amp;hl=de&amp;geocode=FdBmxgIdMju1AA%3BFagyyAIdyC-0AA%3BFZEKxwId3J-vACnpf3RTnwt4RzHAK-QQhwkHEw%3BFUk3xgIdEa2uAA%3BFRhfxwIdzpKtAA%3BFcB6ygIdf-yrAA%3BFfhcywIdSo6pAA&amp;mra=dme&amp;mrsp=6&amp;sz=14&amp;via=2&amp;dirflg=h&amp;sll=46.898326,11.116962&amp;sspn=0.044924,0.077162&amp;ie=UTF8&amp;ll=46.898326,11.116962&amp;spn=0.044924,0.077162&amp;t=h\">Gr\u00f6\u00dfere Kartenansicht<\/a><\/small><\/p>\n<p>Day Six,<\/p>\n<p>Hmmmmm Motorenger\u00e4usch am Morgen. Nur warum f\u00e4hrt der Vollpfosten nicht los? Und warum h\u00f6rt sich das so wimmernd an? Ist es ein Vogel? Ist es ein Flugzeug? Nein es ist Supertrottel, der seine scheiss Bandit mit den Hochdruckreiniger putzen muss. Und das um 7:14 Uhr<\/p>\n<p>Nur weg hier, lecker gefr\u00fchst\u00fcckt, aufgesattelt und die Pferde getreten. \u00dcbers W\u00fcrzen Joch ab in Richtung Jaufen Pass. Die Umgebung \u00e4ndert sich erheblich, von Dolomiten mit Schnee drumrum zu Palmen und s\u00fcdl\u00e4ndischem Flair in Merano. Alles irgendwie nicht schlecht, alles irgendwie italienisch. Der Jaufenpass ist nett, bischen Verkehr oben aber sonst&#8230; Hmm ganz net. Also Kertwende Marsch, wieder runter und jetzt mal Butter bei die Fische.<\/p>\n<p>Timmelsjoch. Das ne Ansage. Das ne Hausnummer. Sehr geile Anfahrt, freundlich im Mittelteil, heftig am Stich, \u00fcberragend auf der H\u00f6he. Irgendwie wie morgens nen Bach machen.<br \/>\nSo also Timmelsjoch, ich weis nicht wo ich Anf\u00e4ngen soll. Bei dem grossen Pass, die wirklich heftige Landschaft, oder die Strassen da hoch und runter? Oder doch lieber bei dem Motorradstau der sich auf dem R\u00fcckweg vom Tanken in \u00d6sterreich an der Mautstation gebildet hat. Was soll der Mist? Seit Tagen bin ich allein, oder fast alleine auf den Strassen. Hat jetzt jeder pl\u00f6tzlich Urlaub oder was?<br \/>\nEgal, der Pass hat alles, Tornante, schnelle Passagen, nette Anstiege, Wald, Schnee, Ausblick usw pp. Wenn da nicht auf dem R\u00fcckweg zuerst diese Wolken, die sich standhaft geweigert haben deutlich \u00fcber mir zu sein, und dann auch noch genau auf der Passh\u00f6he dieses Superheftig Gewitter.<\/p>\n<p>Wie auch immer, da w\u00e4re noch der miese Harley-Davidson Opa mit dem 300er Hinterrad und die Angst des Torwarts vorm Elfmeter , will sagen: die Mistspacke hat seine 400 Kilo amerikanisches Alteisen mit ca 35 kmh auf der Mitte der Stra\u00dfe den Berg herunter bewegt. Ich kann meinen Unmut nur schwer Z\u00fcgeln, genauso wie die 40 anderen Moppeds hinter mir. Aber Hannibal hat es mit Elefanten \u00fcber die Alpen geschaft, so auch dieser alte Sack.<\/p>\n<p>Was ich ganz vergessen habe, die strecke von \u00e4hm Bozen nach Merano hat ein paar wirklich leckere Schmankerl im Angebot. Tunnel, und zwar derer viele und die auch noch abwechslungsreich und gef\u00e4llig. Die ein oder andere Burg in die H\u00e4nge gemeisselt, so wie mein Grinsen ins Gesicht.<br \/>\nDa ich doch recht zeitig weggekommen bin, hab ich die komplette Anfahrt ans Stilfser Joch geschafft. Tagesfahrleistung 345 km. Und fragt jetzt nicht wie sich mein Arsch anf\u00fchlt.<br \/>\nZimmer erste Sahne, Pizza eingebaut, mich von der freundlichen S\u00fcd Tirolerin zum 3ten Hefe \u00fcberreden lassen, mein Leben ist momentan eines der Besten.<br \/>\nProst.<\/p>\n<p>Felsen in Richtung Timmelsjoch, also grob die Richtung<br \/>\n<img alt=\"Dolomiten S\u00fcdtirol\" src=\"https:\/\/i1.wp.com\/timehealsnothing.de\/openfiles\/SB-Adria\/felsen-richtung-timmeljoch.jpg?w=640\" data-recalc-dims=\"1\" \/><\/p>\n<p>Motorradstau, warum nur, Waruuuuuum?<br \/>\n<img alt=\"Stau am Berg\" src=\"https:\/\/i0.wp.com\/timehealsnothing.de\/openfiles\/SB-Adria\/6-mopped-stau.jpg?w=640\" data-recalc-dims=\"1\" \/><\/p>\n<p>&nbsp;<\/p>\n<p><a title=\"Stage 07 Timmelsjoch Stilfser Joch Umbrail Pass Fl\u00fcela Pass Albula Pass\" href=\"http:\/\/timehealsnothing.de\/blog\/?page_id=106\">Go to Stage 7<\/a><\/p>\n<div class=\"sharedaddy sd-sharing-enabled\"><div class=\"robots-nocontent sd-block sd-social sd-social-icon-text sd-sharing\"><h3 class=\"sd-title\">Teilen mit:<\/h3><div class=\"sd-content\"><ul><li class=\"share-facebook\"><a rel=\"nofollow noopener noreferrer\" data-shared=\"sharing-facebook-103\" class=\"share-facebook sd-button share-icon\" href=\"http:\/\/www.timehealsnothing.de\/blog\/sb-villach-adria-sb\/stage-6-wurzjoch-penser-joch-jaufenpass-timmeljoch\/?share=facebook\" target=\"_blank\" title=\"Klick, um auf Facebook zu teilen\"><span>Facebook<\/span><\/a><\/li><li class=\"share-twitter\"><a rel=\"nofollow noopener noreferrer\" data-shared=\"sharing-twitter-103\" class=\"share-twitter sd-button share-icon\" href=\"http:\/\/www.timehealsnothing.de\/blog\/sb-villach-adria-sb\/stage-6-wurzjoch-penser-joch-jaufenpass-timmeljoch\/?share=twitter\" target=\"_blank\" title=\"Klick, um \u00fcber Twitter zu teilen\"><span>Twitter<\/span><\/a><\/li><li><a href=\"#\" class=\"sharing-anchor sd-button share-more\"><span>Mehr<\/span><\/a><\/li><li class=\"share-end\"><\/li><\/ul><div class=\"sharing-hidden\"><div class=\"inner\" style=\"display: none;\"><ul><li class=\"share-print\"><a rel=\"nofollow noopener noreferrer\" data-shared=\"\" class=\"share-print sd-button share-icon\" href=\"http:\/\/www.timehealsnothing.de\/blog\/sb-villach-adria-sb\/stage-6-wurzjoch-penser-joch-jaufenpass-timmeljoch\/\" target=\"_blank\" title=\"Klicken zum Ausdrucken\"><span>Drucken<\/span><\/a><\/li><li class=\"share-pinterest\"><a rel=\"nofollow noopener noreferrer\" data-shared=\"sharing-pinterest-103\" class=\"share-pinterest sd-button share-icon\" href=\"http:\/\/www.timehealsnothing.de\/blog\/sb-villach-adria-sb\/stage-6-wurzjoch-penser-joch-jaufenpass-timmeljoch\/?share=pinterest\" target=\"_blank\" title=\"Klick, um auf Pinterest zu teilen\"><span>Pinterest<\/span><\/a><\/li><li class=\"share-end\"><\/li><li class=\"share-end\"><\/li><\/ul><\/div><\/div><\/div><\/div><\/div>","protected":false},"excerpt":{"rendered":"<p>.itn Datei als Download Gr\u00f6\u00dfere Kartenansicht Day Six, Hmmmmm Motorenger\u00e4usch am Morgen. Nur warum f\u00e4hrt der Vollpfosten nicht los? Und warum h\u00f6rt sich das so wimmernd an? Ist es ein Vogel? Ist es ein Flugzeug? Nein es ist Supertrottel, der &hellip; <a href=\"http:\/\/www.timehealsnothing.de\/blog\/sb-villach-adria-sb\/stage-6-wurzjoch-penser-joch-jaufenpass-timmeljoch\/\">Weiterlesen <span class=\"meta-nav\">&rarr;<\/span><\/a><\/p>\n<div class=\"sharedaddy sd-sharing-enabled\"><div class=\"robots-nocontent sd-block sd-social sd-social-icon-text sd-sharing\"><h3 class=\"sd-title\">Teilen mit:<\/h3><div class=\"sd-content\"><ul><li class=\"share-facebook\"><a rel=\"nofollow noopener noreferrer\" data-shared=\"sharing-facebook-103\" class=\"share-facebook sd-button share-icon\" href=\"http:\/\/www.timehealsnothing.de\/blog\/sb-villach-adria-sb\/stage-6-wurzjoch-penser-joch-jaufenpass-timmeljoch\/?share=facebook\" target=\"_blank\" title=\"Klick, um auf Facebook zu teilen\"><span>Facebook<\/span><\/a><\/li><li class=\"share-twitter\"><a rel=\"nofollow noopener noreferrer\" data-shared=\"sharing-twitter-103\" class=\"share-twitter sd-button share-icon\" href=\"http:\/\/www.timehealsnothing.de\/blog\/sb-villach-adria-sb\/stage-6-wurzjoch-penser-joch-jaufenpass-timmeljoch\/?share=twitter\" target=\"_blank\" title=\"Klick, um \u00fcber Twitter zu teilen\"><span>Twitter<\/span><\/a><\/li><li><a href=\"#\" class=\"sharing-anchor sd-button share-more\"><span>Mehr<\/span><\/a><\/li><li class=\"share-end\"><\/li><\/ul><div class=\"sharing-hidden\"><div class=\"inner\" style=\"display: none;\"><ul><li class=\"share-print\"><a rel=\"nofollow noopener noreferrer\" data-shared=\"\" class=\"share-print sd-button share-icon\" href=\"http:\/\/www.timehealsnothing.de\/blog\/sb-villach-adria-sb\/stage-6-wurzjoch-penser-joch-jaufenpass-timmeljoch\/\" target=\"_blank\" title=\"Klicken zum Ausdrucken\"><span>Drucken<\/span><\/a><\/li><li class=\"share-pinterest\"><a rel=\"nofollow noopener noreferrer\" data-shared=\"sharing-pinterest-103\" class=\"share-pinterest sd-button share-icon\" href=\"http:\/\/www.timehealsnothing.de\/blog\/sb-villach-adria-sb\/stage-6-wurzjoch-penser-joch-jaufenpass-timmeljoch\/?share=pinterest\" target=\"_blank\" title=\"Klick, um auf Pinterest zu teilen\"><span>Pinterest<\/span><\/a><\/li><li class=\"share-end\"><\/li><li class=\"share-end\"><\/li><\/ul><\/div><\/div><\/div><\/div><\/div>","protected":false},"author":1,"featured_media":0,"parent":25,"menu_order":0,"comment_status":"closed","ping_status":"closed","template":"","meta":{"ngg_post_thumbnail":0,"spay_email":""},"jetpack_shortlink":"https:\/\/wp.me\/P1CXhb-1F","jetpack_sharing_enabled":true,"jetpack_likes_enabled":true,"_links":{"self":[{"href":"http:\/\/www.timehealsnothing.de\/blog\/wp-json\/wp\/v2\/pages\/103"}],"collection":[{"href":"http:\/\/www.timehealsnothing.de\/blog\/wp-json\/wp\/v2\/pages"}],"about":[{"href":"http:\/\/www.timehealsnothing.de\/blog\/wp-json\/wp\/v2\/types\/page"}],"author":[{"embeddable":true,"href":"http:\/\/www.timehealsnothing.de\/blog\/wp-json\/wp\/v2\/users\/1"}],"replies":[{"embeddable":true,"href":"http:\/\/www.timehealsnothing.de\/blog\/wp-json\/wp\/v2\/comments?post=103"}],"version-history":[{"count":5,"href":"http:\/\/www.timehealsnothing.de\/blog\/wp-json\/wp\/v2\/pages\/103\/revisions"}],"predecessor-version":[{"id":105,"href":"http:\/\/www.timehealsnothing.de\/blog\/wp-json\/wp\/v2\/pages\/103\/revisions\/105"}],"up":[{"embeddable":true,"href":"http:\/\/www.timehealsnothing.de\/blog\/wp-json\/wp\/v2\/pages\/25"}],"wp:attachment":[{"href":"http:\/\/www.timehealsnothing.de\/blog\/wp-json\/wp\/v2\/media?parent=103"}],"curies":[{"name":"wp","href":"https:\/\/api.w.org\/{rel}","templated":true}]}}